{"id":637,"date":"2018-07-17T16:18:42","date_gmt":"2018-07-17T14:18:42","guid":{"rendered":"https:\/\/lebrascommunication.fr\/ventes\/produit\/licence-niveau-audio-recu\/"},"modified":"2026-02-19T12:16:55","modified_gmt":"2026-02-19T11:16:55","slug":"licence-niveau-audio-recu","status":"publish","type":"product","link":"https:\/\/lebrascommunication.fr\/ventes\/produit\/licence-niveau-audio-recu\/","title":{"rendered":"Licence niveau audio re\u00e7u"},"content":{"rendered":"<p>Licence\u00a0niveau audio re\u00e7u pour\u00a0toute la gamme DP, SL et DM (hors\u00a0la s\u00e9rie DP3000 et DM3000)<\/p>\n<p>Cette licence permet d&rsquo;harmoniser les niveaux audio re\u00e7u pour une meilleure compr\u00e9hension.<\/p>\n<p>Une licence n\u00e9cessaire par poste.<\/p>\n<p><strong>Attention : <\/strong>pour activer vous m\u00eame une licence, le logiciel CPS, le ou les c\u00e2bles de programmation compatibles avec vos radios, une connexion internet ainsi que le code fournit \u00e0 l&rsquo;achat de la licence seront n\u00e9cessaires.<\/p>\n<p><strong>Sinon, chez LBC Systems l&rsquo;activation des licences est gratuite !<\/strong><\/p>\n","protected":false},"excerpt":{"rendered":"<p>Licence\u00a0niveau audio re\u00e7u pour\u00a0toute la gamme DP, SL et DM (hors s\u00e9ries DP3000 et DM3000)<\/p>\n","protected":false},"featured_media":633,"template":"","meta":[],"product_brand":[3074],"product_cat":[3163,3088],"product_tag":[3504,3252,3257,3348],"class_list":{"0":"post-637","1":"product","2":"type-product","3":"status-publish","4":"has-post-thumbnail","6":"product_brand-motorola","7":"product_cat-accessoires-talkies-motorola","8":"product_cat-accessoires-pour-bases-ou-mobiles-motorola","9":"product_tag-dm","10":"product_tag-dp","11":"product_tag-licence","12":"product_tag-sl","14":"first","15":"instock","16":"shipping-taxable","17":"purchasable","18":"product-type-simple"},"_links":{"self":[{"href":"https:\/\/lebrascommunication.fr\/ventes\/wp-json\/wp\/v2\/product\/637","targetHints":{"allow":["GET"]}}],"collection":[{"href":"https:\/\/lebrascommunication.fr\/ventes\/wp-json\/wp\/v2\/product"}],"about":[{"href":"https:\/\/lebrascommunication.fr\/ventes\/wp-json\/wp\/v2\/types\/product"}],"wp:featuredmedia":[{"embeddable":true,"href":"https:\/\/lebrascommunication.fr\/ventes\/wp-json\/wp\/v2\/media\/633"}],"wp:attachment":[{"href":"https:\/\/lebrascommunication.fr\/ventes\/wp-json\/wp\/v2\/media?parent=637"}],"wp:term":[{"taxonomy":"product_brand","embeddable":true,"href":"https:\/\/lebrascommunication.fr\/ventes\/wp-json\/wp\/v2\/product_brand?post=637"},{"taxonomy":"product_cat","embeddable":true,"href":"https:\/\/lebrascommunication.fr\/ventes\/wp-json\/wp\/v2\/product_cat?post=637"},{"taxonomy":"product_tag","embeddable":true,"href":"https:\/\/lebrascommunication.fr\/ventes\/wp-json\/wp\/v2\/product_tag?post=637"}],"curies":[{"name":"wp","href":"https:\/\/api.w.org\/{rel}","templated":true}]}}