{"id":625,"date":"2016-03-16T17:16:11","date_gmt":"2016-03-16T16:16:11","guid":{"rendered":"https:\/\/lebrascommunication.fr\/ventes\/produit\/antenne-cxl2-1-lw\/"},"modified":"2026-02-17T16:31:45","modified_gmt":"2026-02-17T15:31:45","slug":"antenne-cxl2-1-lw","status":"publish","type":"product","link":"https:\/\/lebrascommunication.fr\/ventes\/produit\/antenne-cxl2-1-lw\/","title":{"rendered":"Antenne CXL2-1 LW"},"content":{"rendered":"<p>Cette antenne VHF \u00e0 \u00e9t\u00e9 d\u00e9velopp\u00e9 pour une utilisation \u00e0 bord des navires ainsi que sur des m\u00e2ts verticaux et transversaux.<\/p>\n<p><strong>Fr\u00e9quence :<\/strong><\/p>\n<ul>\n<li>CXL 2-1\/s : 138 \u00e0 156 Mhz<\/li>\n<li>CXL 2-1\/l : 144 \u00e0 165 Mhz<\/li>\n<li>CXL 2-1\/h : 155 \u00e0 175 Mhz<\/li>\n<\/ul>\n<p><strong>Connecteur:<\/strong> N &#8211; femelle<\/p>\n<p><strong>Type <\/strong>: 1\/2 onde<\/p>\n<p><strong>Gain :<\/strong> 2dbi 0dbd<\/p>\n<p><strong>Puissance max <\/strong>: 150W<\/p>\n<p><strong>Imp\u00e9dance : <\/strong>50 Ohm<\/p>\n<p><strong>Rayonnement :<\/strong> omnidirectionnel<\/p>\n<p><strong>Dimensions :<\/strong><\/p>\n<ul>\n<li>Diam\u00e8tre en haut : 8mm<\/li>\n<li>Diam\u00e8tre en bas : 16mm<\/li>\n<li>Hauteur totale : 1,15m<\/li>\n<\/ul>\n<p><strong>Poids:<\/strong> 300g<\/p>\n","protected":false},"excerpt":{"rendered":"<p>Antenne Omnidirectionnelle 0dBd<\/p>\n","protected":false},"featured_media":624,"template":"","meta":[],"product_brand":[3272],"product_cat":[3273],"product_tag":[3847,3202,3846,3835,3280],"class_list":{"0":"post-625","1":"product","2":"type-product","3":"status-publish","4":"has-post-thumbnail","6":"product_brand-autres","7":"product_cat-accessoires","8":"product_tag-150w","9":"product_tag-antenne","10":"product_tag-cxl2-1-lw","11":"product_tag-omnidirectionnel","12":"product_tag-vhf","14":"first","15":"instock","16":"shipping-taxable","17":"purchasable","18":"product-type-simple"},"_links":{"self":[{"href":"https:\/\/lebrascommunication.fr\/ventes\/wp-json\/wp\/v2\/product\/625","targetHints":{"allow":["GET"]}}],"collection":[{"href":"https:\/\/lebrascommunication.fr\/ventes\/wp-json\/wp\/v2\/product"}],"about":[{"href":"https:\/\/lebrascommunication.fr\/ventes\/wp-json\/wp\/v2\/types\/product"}],"wp:featuredmedia":[{"embeddable":true,"href":"https:\/\/lebrascommunication.fr\/ventes\/wp-json\/wp\/v2\/media\/624"}],"wp:attachment":[{"href":"https:\/\/lebrascommunication.fr\/ventes\/wp-json\/wp\/v2\/media?parent=625"}],"wp:term":[{"taxonomy":"product_brand","embeddable":true,"href":"https:\/\/lebrascommunication.fr\/ventes\/wp-json\/wp\/v2\/product_brand?post=625"},{"taxonomy":"product_cat","embeddable":true,"href":"https:\/\/lebrascommunication.fr\/ventes\/wp-json\/wp\/v2\/product_cat?post=625"},{"taxonomy":"product_tag","embeddable":true,"href":"https:\/\/lebrascommunication.fr\/ventes\/wp-json\/wp\/v2\/product_tag?post=625"}],"curies":[{"name":"wp","href":"https:\/\/api.w.org\/{rel}","templated":true}]}}