{"id":621,"date":"2018-07-16T17:39:39","date_gmt":"2018-07-16T15:39:39","guid":{"rendered":"https:\/\/lebrascommunication.fr\/ventes\/produit\/micro-deporte\/"},"modified":"2026-04-08T15:55:45","modified_gmt":"2026-04-08T13:55:45","slug":"micro-deporte","status":"publish","type":"product","link":"https:\/\/lebrascommunication.fr\/ventes\/produit\/micro-deporte\/","title":{"rendered":"Micro d\u00e9port\u00e9"},"content":{"rendered":"<p>Micro d\u00e9port\u00e9\u00a0pour XT420, XT460, XT660D, XT665D, XTNi, CP040 et P100<\/p>\n<p>Fix\u00e9 \u00e0 l&rsquo;\u00e9paule, le microphone d\u00e9port\u00e9 Motorola permet de communiquer tout en laissant l&rsquo;appareil fix\u00e9 \u00e0 la ceinture.<\/p>\n","protected":false},"excerpt":{"rendered":"<p>Micro d\u00e9port\u00e9\u00a0pour XT420, XT460, XT660D, XT665D, XTNi, CP040 et P100<\/p>\n","protected":false},"featured_media":619,"template":"","meta":[],"product_brand":[3074],"product_cat":[3071,3127],"product_tag":[3746,3241,3271,3215,3216,3217,3491,3214],"class_list":{"0":"post-621","1":"product","2":"type-product","3":"status-publish","4":"has-post-thumbnail","6":"product_brand-motorola","7":"product_cat-sans-licence-motorola","8":"product_cat-radio-communication-sans-licence","9":"product_tag-cp040","10":"product_tag-micro-deporte","11":"product_tag-p100","12":"product_tag-xt420","13":"product_tag-xt460","14":"product_tag-xt660d","15":"product_tag-xt665d","16":"product_tag-xtni","18":"first","19":"instock","20":"shipping-taxable","21":"purchasable","22":"product-type-simple"},"_links":{"self":[{"href":"https:\/\/lebrascommunication.fr\/ventes\/wp-json\/wp\/v2\/product\/621","targetHints":{"allow":["GET"]}}],"collection":[{"href":"https:\/\/lebrascommunication.fr\/ventes\/wp-json\/wp\/v2\/product"}],"about":[{"href":"https:\/\/lebrascommunication.fr\/ventes\/wp-json\/wp\/v2\/types\/product"}],"wp:featuredmedia":[{"embeddable":true,"href":"https:\/\/lebrascommunication.fr\/ventes\/wp-json\/wp\/v2\/media\/619"}],"wp:attachment":[{"href":"https:\/\/lebrascommunication.fr\/ventes\/wp-json\/wp\/v2\/media?parent=621"}],"wp:term":[{"taxonomy":"product_brand","embeddable":true,"href":"https:\/\/lebrascommunication.fr\/ventes\/wp-json\/wp\/v2\/product_brand?post=621"},{"taxonomy":"product_cat","embeddable":true,"href":"https:\/\/lebrascommunication.fr\/ventes\/wp-json\/wp\/v2\/product_cat?post=621"},{"taxonomy":"product_tag","embeddable":true,"href":"https:\/\/lebrascommunication.fr\/ventes\/wp-json\/wp\/v2\/product_tag?post=621"}],"curies":[{"name":"wp","href":"https:\/\/api.w.org\/{rel}","templated":true}]}}