{"id":616,"date":"2018-01-09T14:13:04","date_gmt":"2018-01-09T13:13:04","guid":{"rendered":"https:\/\/lebrascommunication.fr\/ventes\/produit\/ic-a210e\/"},"modified":"2026-01-14T14:42:50","modified_gmt":"2026-01-14T13:42:50","slug":"ic-a210e","status":"publish","type":"product","link":"https:\/\/lebrascommunication.fr\/ventes\/produit\/ic-a210e\/","title":{"rendered":"IC-A210E"},"content":{"rendered":"<p><strong>Mobile \/ fixe adapt\u00e9 aux supports de montage communs utilis\u00e9s sur la plus part des avions.<br \/>\n<\/strong><\/p>\n<p><strong>ATTENTION : Pour une utilisation en mobile, il est n\u00e9cessaire d&rsquo;ajouter le kit MB-53. Pour une utilisation en base, il est n\u00e9cessaire d&rsquo;ajouter une alimentation.<br \/>\n<\/strong><\/p>\n<p><strong>Caract\u00e9ristiques:<\/strong><\/p>\n<ul>\n<li>Fr\u00e9quences : 118-136 MHz <b style=\"color: #000000;font-family: Verdana, Arial, Helvetica, sans-serif;font-size: small;font-style: normal;letter-spacing: normal;text-align: left;text-indent: 0px;text-transform: none;background-color: #ffffff\"><br \/>\n<\/b><\/li>\n<li>Puissance : 5 W<\/li>\n<li>Large \u00e9cran OLED et clavier<\/li>\n<li>Espacement des canaux conforme \u00e0 la r\u00e9glementation : espacement de 8,33 et 25 KHz<\/li>\n<li>Fonction \u00ab\u00a0Flip-Flop\u00a0\u00bb : m\u00e9morise automatiquement les 10 derniers canaux utilis\u00e9s. Ces derniers pouvant \u00eatre rappel\u00e9s par simple pression des touches<\/li>\n<li>Robustesse : MIL-STD-810<\/li>\n<li>Side tone : permet de connecter un casque<\/li>\n<li>200 canaux<\/li>\n<li>Touche sp\u00e9cifique pour la fr\u00e9quence de d\u00e9tresse (121,5 MHz)<\/li>\n<li>R\u00e9ducteur de bruit ANC (r\u00e9ducteur de bruit actif)<\/li>\n<\/ul>\n<p><strong>Bandes de fr\u00e9quence:\u00a0<span class=\"bodycopy\">VHF 118-136 MHz<br \/>\n<\/span><\/strong><\/p>\n<p><strong><span class=\"bodycopy\">Dimensions : 160 x 34 x 271 mm<\/span><\/strong><\/p>\n<p><strong>Poids: 1 kg<br \/>\n<\/strong><\/p>\n<p><strong>ATTENTION : CET APPAREIL N&rsquo;EST PAS HOMOLOGUE, IL EST UNIQUEMENT DESTINE A L&rsquo;EXPORT.<\/strong><\/p>\n<p>Fabrication japonaise.<\/p>\n<h5>Ce produit est garantit 3 ans. Nos conditions de garantie sont souples (voir les conditions g\u00e9n\u00e9rales de vente).<\/h5>\n<h5><\/h5>\n<h5><\/h5>\n","protected":false},"excerpt":{"rendered":"<p>Base VHF pour l&rsquo;aviation.<\/p>\n<p><strong>ATTENTION : Appareil non homologu\u00e9 &#8211; Destin\u00e9 \u00e0 l&rsquo;export<\/strong><\/p>\n","protected":false},"featured_media":601,"template":"","meta":[],"product_brand":[3077],"product_cat":[3147],"product_tag":[3597,3232,3485,3264,3280],"class_list":{"0":"post-616","1":"product","2":"type-product","3":"status-publish","4":"has-post-thumbnail","6":"product_brand-icom","7":"product_cat-accessoires-pour-bases-mobiles-icom","8":"product_tag-aviation","9":"product_tag-base","10":"product_tag-ic-a210e","11":"product_tag-mobile","12":"product_tag-vhf","14":"first","15":"instock","16":"shipping-taxable","17":"purchasable","18":"product-type-simple"},"_links":{"self":[{"href":"https:\/\/lebrascommunication.fr\/ventes\/wp-json\/wp\/v2\/product\/616","targetHints":{"allow":["GET"]}}],"collection":[{"href":"https:\/\/lebrascommunication.fr\/ventes\/wp-json\/wp\/v2\/product"}],"about":[{"href":"https:\/\/lebrascommunication.fr\/ventes\/wp-json\/wp\/v2\/types\/product"}],"wp:featuredmedia":[{"embeddable":true,"href":"https:\/\/lebrascommunication.fr\/ventes\/wp-json\/wp\/v2\/media\/601"}],"wp:attachment":[{"href":"https:\/\/lebrascommunication.fr\/ventes\/wp-json\/wp\/v2\/media?parent=616"}],"wp:term":[{"taxonomy":"product_brand","embeddable":true,"href":"https:\/\/lebrascommunication.fr\/ventes\/wp-json\/wp\/v2\/product_brand?post=616"},{"taxonomy":"product_cat","embeddable":true,"href":"https:\/\/lebrascommunication.fr\/ventes\/wp-json\/wp\/v2\/product_cat?post=616"},{"taxonomy":"product_tag","embeddable":true,"href":"https:\/\/lebrascommunication.fr\/ventes\/wp-json\/wp\/v2\/product_tag?post=616"}],"curies":[{"name":"wp","href":"https:\/\/api.w.org\/{rel}","templated":true}]}}