{"id":591,"date":"2016-03-09T17:50:59","date_gmt":"2016-03-09T16:50:59","guid":{"rendered":"https:\/\/lebrascommunication.fr\/ventes\/produit\/cable-de-programmation-4\/"},"modified":"2026-01-27T09:57:41","modified_gmt":"2026-01-27T08:57:41","slug":"cable-de-programmation-4","status":"publish","type":"product","link":"https:\/\/lebrascommunication.fr\/ventes\/produit\/cable-de-programmation-4\/","title":{"rendered":"C\u00e2ble de programmation"},"content":{"rendered":"<p>C\u00e2ble de programmation et de test du connecteur arri\u00e8re DM2600.<\/p>\n<p>Le connecteur de test\u00a0sert \u00e0 la liaison avec un banc de mesure radio afin d&rsquo;analyser et r\u00e9gler tous les seuils de votre mobile.<\/p>\n<p>Non compatible avec les DM1400 et DM1600.<\/p>\n","protected":false},"excerpt":{"rendered":"<p>C\u00e2ble de programmation et test DM2000 face arri\u00e8re<\/p>\n","protected":false},"featured_media":588,"template":"","meta":[],"product_brand":[3074],"product_cat":[3182,3088],"product_tag":[3278,3577,3285],"class_list":{"0":"post-591","1":"product","2":"type-product","3":"status-publish","4":"has-post-thumbnail","6":"product_brand-motorola","7":"product_cat-dm1000-dm2000","8":"product_cat-accessoires-pour-bases-ou-mobiles-motorola","9":"product_tag-base-mobile","10":"product_tag-cable-de-programmation","11":"product_tag-dm2000","13":"first","14":"instock","15":"shipping-taxable","16":"purchasable","17":"product-type-simple"},"_links":{"self":[{"href":"https:\/\/lebrascommunication.fr\/ventes\/wp-json\/wp\/v2\/product\/591","targetHints":{"allow":["GET"]}}],"collection":[{"href":"https:\/\/lebrascommunication.fr\/ventes\/wp-json\/wp\/v2\/product"}],"about":[{"href":"https:\/\/lebrascommunication.fr\/ventes\/wp-json\/wp\/v2\/types\/product"}],"wp:featuredmedia":[{"embeddable":true,"href":"https:\/\/lebrascommunication.fr\/ventes\/wp-json\/wp\/v2\/media\/588"}],"wp:attachment":[{"href":"https:\/\/lebrascommunication.fr\/ventes\/wp-json\/wp\/v2\/media?parent=591"}],"wp:term":[{"taxonomy":"product_brand","embeddable":true,"href":"https:\/\/lebrascommunication.fr\/ventes\/wp-json\/wp\/v2\/product_brand?post=591"},{"taxonomy":"product_cat","embeddable":true,"href":"https:\/\/lebrascommunication.fr\/ventes\/wp-json\/wp\/v2\/product_cat?post=591"},{"taxonomy":"product_tag","embeddable":true,"href":"https:\/\/lebrascommunication.fr\/ventes\/wp-json\/wp\/v2\/product_tag?post=591"}],"curies":[{"name":"wp","href":"https:\/\/api.w.org\/{rel}","templated":true}]}}