{"id":586,"date":"2016-03-09T17:45:58","date_gmt":"2016-03-09T16:45:58","guid":{"rendered":"https:\/\/lebrascommunication.fr\/ventes\/produit\/cable-de-programmation-3\/"},"modified":"2026-01-27T09:13:01","modified_gmt":"2026-01-27T08:13:01","slug":"cable-de-programmation-3","status":"publish","type":"product","link":"https:\/\/lebrascommunication.fr\/ventes\/produit\/cable-de-programmation-3\/","title":{"rendered":"C\u00e2ble de programmation"},"content":{"rendered":"<p>C\u00e2ble de programmation face arri\u00e8re DM2600.<\/p>\n<p>Non compatible avec les mobiles DM1400 et DM1600.<\/p>\n","protected":false},"excerpt":{"rendered":"<p>C\u00e2ble de programmation face arri\u00e8re DM2000<\/p>\n","protected":false},"featured_media":585,"template":"","meta":[],"product_brand":[3074],"product_cat":[3182,3088],"product_tag":[3278,3577,3373],"class_list":{"0":"post-586","1":"product","2":"type-product","3":"status-publish","4":"has-post-thumbnail","6":"product_brand-motorola","7":"product_cat-dm1000-dm2000","8":"product_cat-accessoires-pour-bases-ou-mobiles-motorola","9":"product_tag-base-mobile","10":"product_tag-cable-de-programmation","11":"product_tag-dm2600","13":"first","14":"instock","15":"shipping-taxable","16":"purchasable","17":"product-type-simple"},"_links":{"self":[{"href":"https:\/\/lebrascommunication.fr\/ventes\/wp-json\/wp\/v2\/product\/586","targetHints":{"allow":["GET"]}}],"collection":[{"href":"https:\/\/lebrascommunication.fr\/ventes\/wp-json\/wp\/v2\/product"}],"about":[{"href":"https:\/\/lebrascommunication.fr\/ventes\/wp-json\/wp\/v2\/types\/product"}],"wp:featuredmedia":[{"embeddable":true,"href":"https:\/\/lebrascommunication.fr\/ventes\/wp-json\/wp\/v2\/media\/585"}],"wp:attachment":[{"href":"https:\/\/lebrascommunication.fr\/ventes\/wp-json\/wp\/v2\/media?parent=586"}],"wp:term":[{"taxonomy":"product_brand","embeddable":true,"href":"https:\/\/lebrascommunication.fr\/ventes\/wp-json\/wp\/v2\/product_brand?post=586"},{"taxonomy":"product_cat","embeddable":true,"href":"https:\/\/lebrascommunication.fr\/ventes\/wp-json\/wp\/v2\/product_cat?post=586"},{"taxonomy":"product_tag","embeddable":true,"href":"https:\/\/lebrascommunication.fr\/ventes\/wp-json\/wp\/v2\/product_tag?post=586"}],"curies":[{"name":"wp","href":"https:\/\/api.w.org\/{rel}","templated":true}]}}