{"id":580,"date":"2016-03-09T17:23:25","date_gmt":"2016-03-09T16:23:25","guid":{"rendered":"https:\/\/lebrascommunication.fr\/ventes\/produit\/antenne-vhf-courte-160-174mhz\/"},"modified":"2026-01-23T08:48:44","modified_gmt":"2026-01-23T07:48:44","slug":"antenne-vhf-courte-160-174mhz","status":"publish","type":"product","link":"https:\/\/lebrascommunication.fr\/ventes\/produit\/antenne-vhf-courte-160-174mhz\/","title":{"rendered":"Antenne VHF Courte 160-174MHz"},"content":{"rendered":"<p>Antenne VHF 160-174MHz pour les gammes de talkies DP4000 ATEX.<\/p>\n<p><strong>Caract\u00e9ristiques :<\/strong><\/p>\n<ul>\n<li>Type : Compact (diam\u00e8tre \u00e9largi mais longueur r\u00e9duite)<\/li>\n<li>Fr\u00e9quence : 160-174MHz<\/li>\n<li>GPS : Oui<\/li>\n<li>Code couleur : NC<\/li>\n<li>Norme ATEX milieux explosifs<\/li>\n<\/ul>\n<p><strong>Dimension : <\/strong>9cm<\/p>\n<p><strong>Poids : <\/strong>12g<\/p>\n","protected":false},"excerpt":{"rendered":"<p>Antenne VHF 160-174MHz pour les gammes de talkies DP4000 ATEX.<\/p>\n","protected":false},"featured_media":574,"template":"","meta":[],"product_brand":[3074],"product_cat":[3163],"product_tag":[3712,3591,3374],"class_list":{"0":"post-580","1":"product","2":"type-product","3":"status-publish","4":"has-post-thumbnail","6":"product_brand-motorola","7":"product_cat-accessoires-talkies-motorola","8":"product_tag-antenne-courte","9":"product_tag-antenne-vhf","10":"product_tag-dp4000-atex","12":"first","13":"instock","14":"shipping-taxable","15":"purchasable","16":"product-type-simple"},"_links":{"self":[{"href":"https:\/\/lebrascommunication.fr\/ventes\/wp-json\/wp\/v2\/product\/580","targetHints":{"allow":["GET"]}}],"collection":[{"href":"https:\/\/lebrascommunication.fr\/ventes\/wp-json\/wp\/v2\/product"}],"about":[{"href":"https:\/\/lebrascommunication.fr\/ventes\/wp-json\/wp\/v2\/types\/product"}],"wp:featuredmedia":[{"embeddable":true,"href":"https:\/\/lebrascommunication.fr\/ventes\/wp-json\/wp\/v2\/media\/574"}],"wp:attachment":[{"href":"https:\/\/lebrascommunication.fr\/ventes\/wp-json\/wp\/v2\/media?parent=580"}],"wp:term":[{"taxonomy":"product_brand","embeddable":true,"href":"https:\/\/lebrascommunication.fr\/ventes\/wp-json\/wp\/v2\/product_brand?post=580"},{"taxonomy":"product_cat","embeddable":true,"href":"https:\/\/lebrascommunication.fr\/ventes\/wp-json\/wp\/v2\/product_cat?post=580"},{"taxonomy":"product_tag","embeddable":true,"href":"https:\/\/lebrascommunication.fr\/ventes\/wp-json\/wp\/v2\/product_tag?post=580"}],"curies":[{"name":"wp","href":"https:\/\/api.w.org\/{rel}","templated":true}]}}