{"id":527,"date":"2016-03-09T16:01:29","date_gmt":"2016-03-09T15:01:29","guid":{"rendered":"https:\/\/lebrascommunication.fr\/ventes\/produit\/licence-anti-bruit-de-fond\/"},"modified":"2025-12-23T14:07:37","modified_gmt":"2025-12-23T13:07:37","slug":"licence-anti-bruit-de-fond","status":"publish","type":"product","link":"https:\/\/lebrascommunication.fr\/ventes\/produit\/licence-anti-bruit-de-fond\/","title":{"rendered":"Licence Anti bruit de fond"},"content":{"rendered":"<p>Licence\u00a0Single Input Noise Cancellation\u00a0pour DP2400, DP2600, SL2600, DP4000, DP4000 ATEX, DP3441, DP3661e et versions \u00ab\u00a0e\u00a0\u00bb.<\/p>\n<p>Cette licence permet\u00a0d&rsquo;am\u00e9liorer l&rsquo;annulation du\u00a0bruit de fond pour des communications plus claires.<\/p>\n<p>Une licence n\u00e9cessaire par poste.<\/p>\n<p><strong>Attention :\u00a0<\/strong>pour activer vous m\u00eame une licence, le logiciel CPS, le ou les c\u00e2bles de programmation compatibles avec vos radios, une connexion internet ainsi que le code fournit \u00e0 l&rsquo;achat de la licence seront n\u00e9cessaires.<\/p>\n<p><strong>Sinon, chez LBC Systems l&rsquo;activation des licences est gratuite !<\/strong><\/p>\n","protected":false},"excerpt":{"rendered":"<p>Licence Single Input Noise Cancellation\u00a0pour DP2000, DP4000, DP4000 ATEX, DP3441-DP3661e, SL4000, SL2600, DM2000, DM4000, et version \u00ab\u00a0e\u00a0\u00bb.<\/p>\n","protected":false},"featured_media":521,"template":"","meta":[],"product_brand":[3074],"product_cat":[3177,3179,3163,3181],"product_tag":[3365,3434,3174,3250,3225,3374,3436,3224],"class_list":{"0":"post-527","1":"product","2":"type-product","3":"status-publish","4":"has-post-thumbnail","6":"product_brand-motorola","7":"product_cat-r5-dp2000e","8":"product_cat-dp3000e","9":"product_cat-accessoires-talkies-motorola","10":"product_cat-sl-tlk","11":"product_tag-dp2400","12":"product_tag-dp2600","13":"product_tag-dp3441","14":"product_tag-dp3661e","15":"product_tag-dp4000","16":"product_tag-dp4000-atex","17":"product_tag-licence-anti-bruit","18":"product_tag-sl2600","20":"first","21":"instock","22":"shipping-taxable","23":"purchasable","24":"product-type-simple"},"_links":{"self":[{"href":"https:\/\/lebrascommunication.fr\/ventes\/wp-json\/wp\/v2\/product\/527","targetHints":{"allow":["GET"]}}],"collection":[{"href":"https:\/\/lebrascommunication.fr\/ventes\/wp-json\/wp\/v2\/product"}],"about":[{"href":"https:\/\/lebrascommunication.fr\/ventes\/wp-json\/wp\/v2\/types\/product"}],"wp:featuredmedia":[{"embeddable":true,"href":"https:\/\/lebrascommunication.fr\/ventes\/wp-json\/wp\/v2\/media\/521"}],"wp:attachment":[{"href":"https:\/\/lebrascommunication.fr\/ventes\/wp-json\/wp\/v2\/media?parent=527"}],"wp:term":[{"taxonomy":"product_brand","embeddable":true,"href":"https:\/\/lebrascommunication.fr\/ventes\/wp-json\/wp\/v2\/product_brand?post=527"},{"taxonomy":"product_cat","embeddable":true,"href":"https:\/\/lebrascommunication.fr\/ventes\/wp-json\/wp\/v2\/product_cat?post=527"},{"taxonomy":"product_tag","embeddable":true,"href":"https:\/\/lebrascommunication.fr\/ventes\/wp-json\/wp\/v2\/product_tag?post=527"}],"curies":[{"name":"wp","href":"https:\/\/api.w.org\/{rel}","templated":true}]}}