{"id":517,"date":"2016-03-09T14:26:56","date_gmt":"2016-03-09T13:26:56","guid":{"rendered":"https:\/\/lebrascommunication.fr\/ventes\/produit\/licence-cryptage-40-bit\/"},"modified":"2025-12-23T14:01:51","modified_gmt":"2025-12-23T13:01:51","slug":"licence-cryptage-40-bit","status":"publish","type":"product","link":"https:\/\/lebrascommunication.fr\/ventes\/produit\/licence-cryptage-40-bit\/","title":{"rendered":"Licence Cryptage 40 bit"},"content":{"rendered":"<p>Licence\u00a0cryptage 40 bit\u00a0pour talkies et mobiles DP2400, DP2600, DM2600, SL2600.<\/p>\n<p>Cette fonction \u00ab\u00a0enhanced privacy\u00a0\u00bb de Motorola permet de crypter les donn\u00e9es et conversations de vos radios.<\/p>\n<p>Cette fonction est d\u00e9sormais offerte sur les mod\u00e8les \u00ab\u00a0e\u00a0\u00bb: DP2400e et DP2600e.<\/p>\n<p>Cette fonction est aussi offerte dans les mod\u00e8les des s\u00e9ries DP4000, DP4000 ATEX, SL4000, DP3441-DP3661e, DM4000 et tous les mod\u00e8les \u00ab\u00a0e\u00a0\u00bb.<\/p>\n<p>Une licence n\u00e9cessaire par poste.<\/p>\n<p><strong>Attention :\u00a0<\/strong>pour activer vous m\u00eame une licence, le logiciel CPS, le ou les c\u00e2bles de programmation compatibles avec vos radios, une connexion internet ainsi que le code fournit \u00e0 l&rsquo;achat de la licence seront n\u00e9cessaires.<\/p>\n<p><strong>Sinon, chez LBC Systems l&rsquo;activation des licences est gratuite !<\/strong><\/p>\n","protected":false},"excerpt":{"rendered":"<p>Licence\u00a0cryptage 40 bit\u00a0pour s\u00e9ries DP2000, DM2000 et SL2600.<\/p>\n","protected":false},"featured_media":514,"template":"","meta":[],"product_brand":[3074],"product_cat":[3177,3179,3163,3181],"product_tag":[3433,3373,3365,3434,3432,3435],"class_list":{"0":"post-517","1":"product","2":"type-product","3":"status-publish","4":"has-post-thumbnail","6":"product_brand-motorola","7":"product_cat-r5-dp2000e","8":"product_cat-dp3000e","9":"product_cat-accessoires-talkies-motorola","10":"product_cat-sl-tlk","11":"product_tag-40-bit","12":"product_tag-dm2600","13":"product_tag-dp2400","14":"product_tag-dp2600","15":"product_tag-licence-cryptage","16":"product_tag-sl260","18":"first","19":"instock","20":"shipping-taxable","21":"purchasable","22":"product-type-simple"},"_links":{"self":[{"href":"https:\/\/lebrascommunication.fr\/ventes\/wp-json\/wp\/v2\/product\/517","targetHints":{"allow":["GET"]}}],"collection":[{"href":"https:\/\/lebrascommunication.fr\/ventes\/wp-json\/wp\/v2\/product"}],"about":[{"href":"https:\/\/lebrascommunication.fr\/ventes\/wp-json\/wp\/v2\/types\/product"}],"wp:featuredmedia":[{"embeddable":true,"href":"https:\/\/lebrascommunication.fr\/ventes\/wp-json\/wp\/v2\/media\/514"}],"wp:attachment":[{"href":"https:\/\/lebrascommunication.fr\/ventes\/wp-json\/wp\/v2\/media?parent=517"}],"wp:term":[{"taxonomy":"product_brand","embeddable":true,"href":"https:\/\/lebrascommunication.fr\/ventes\/wp-json\/wp\/v2\/product_brand?post=517"},{"taxonomy":"product_cat","embeddable":true,"href":"https:\/\/lebrascommunication.fr\/ventes\/wp-json\/wp\/v2\/product_cat?post=517"},{"taxonomy":"product_tag","embeddable":true,"href":"https:\/\/lebrascommunication.fr\/ventes\/wp-json\/wp\/v2\/product_tag?post=517"}],"curies":[{"name":"wp","href":"https:\/\/api.w.org\/{rel}","templated":true}]}}