{"id":512,"date":"2016-03-09T14:11:14","date_gmt":"2016-03-09T13:11:14","guid":{"rendered":"https:\/\/lebrascommunication.fr\/ventes\/produit\/licence-telephone-patch\/"},"modified":"2025-12-24T12:12:18","modified_gmt":"2025-12-24T11:12:18","slug":"licence-telephone-patch","status":"publish","type":"product","link":"https:\/\/lebrascommunication.fr\/ventes\/produit\/licence-telephone-patch\/","title":{"rendered":"Licence T\u00e9l\u00e9phone Patch"},"content":{"rendered":"<p>Licence\u00a0T\u00e9l\u00e9phone Patch\u00a0pour les radios DP2400, DP2400e, DP2600, DP2600e, SL2600, et DM2600.<\/p>\n<p>Cette licence permet\u00a0de recevoir ou passer un appel t\u00e9l\u00e9phonique \u00e0 travers le r\u00e9seau radio. Le syst\u00e8me relais faisant interface avec une ou plusieurs ligne t\u00e9l\u00e9phoniques.<\/p>\n<p>Licence offerte dans les s\u00e9ries DP4000, DP4000 ATEX, DP3441-DP3661e, SL4000, DM4000 et les versions \u00ab\u00a0e\u00a0\u00bb correspondantes.<\/p>\n<p>Une licence n\u00e9cessaire par poste. N\u00e9cessite un relais et une interface t\u00e9l\u00e9phonique minimum.<\/p>\n<p><strong>Attention :\u00a0<\/strong>pour activer vous m\u00eame une licence, le logiciel CPS, le ou les c\u00e2bles de programmation compatibles avec vos radios, une connexion internet ainsi que le code fournit \u00e0 l&rsquo;achat de la licence seront n\u00e9cessaires.<\/p>\n<p><strong>Sinon, chez LBC Systems l&rsquo;activation des licences est gratuite !<\/strong><\/p>\n","protected":false},"excerpt":{"rendered":"<p>Licence T\u00e9l\u00e9phone Patch\u00a0pour les radios DP2400, DP2400e, DP2600, DP2600e, SL2600, et DM2600.<\/p>\n","protected":false},"featured_media":508,"template":"","meta":[],"product_brand":[3074],"product_cat":[3177,3179,3163,3181,3182],"product_tag":[3373,3365,3445,3434,3446,3257,3444,3224],"class_list":{"0":"post-512","1":"product","2":"type-product","3":"status-publish","4":"has-post-thumbnail","6":"product_brand-motorola","7":"product_cat-r5-dp2000e","8":"product_cat-dp3000e","9":"product_cat-accessoires-talkies-motorola","10":"product_cat-sl-tlk","11":"product_cat-dm1000-dm2000","12":"product_tag-dm2600","13":"product_tag-dp2400","14":"product_tag-dp2400e","15":"product_tag-dp2600","16":"product_tag-dp2600e","17":"product_tag-licence","18":"product_tag-patch","19":"product_tag-sl2600","21":"first","22":"instock","23":"shipping-taxable","24":"purchasable","25":"product-type-simple"},"_links":{"self":[{"href":"https:\/\/lebrascommunication.fr\/ventes\/wp-json\/wp\/v2\/product\/512","targetHints":{"allow":["GET"]}}],"collection":[{"href":"https:\/\/lebrascommunication.fr\/ventes\/wp-json\/wp\/v2\/product"}],"about":[{"href":"https:\/\/lebrascommunication.fr\/ventes\/wp-json\/wp\/v2\/types\/product"}],"wp:featuredmedia":[{"embeddable":true,"href":"https:\/\/lebrascommunication.fr\/ventes\/wp-json\/wp\/v2\/media\/508"}],"wp:attachment":[{"href":"https:\/\/lebrascommunication.fr\/ventes\/wp-json\/wp\/v2\/media?parent=512"}],"wp:term":[{"taxonomy":"product_brand","embeddable":true,"href":"https:\/\/lebrascommunication.fr\/ventes\/wp-json\/wp\/v2\/product_brand?post=512"},{"taxonomy":"product_cat","embeddable":true,"href":"https:\/\/lebrascommunication.fr\/ventes\/wp-json\/wp\/v2\/product_cat?post=512"},{"taxonomy":"product_tag","embeddable":true,"href":"https:\/\/lebrascommunication.fr\/ventes\/wp-json\/wp\/v2\/product_tag?post=512"}],"curies":[{"name":"wp","href":"https:\/\/api.w.org\/{rel}","templated":true}]}}