{"id":504,"date":"2016-03-09T13:17:08","date_gmt":"2016-03-09T12:17:08","guid":{"rendered":"https:\/\/lebrascommunication.fr\/ventes\/produit\/licence-linked-capacity-plus\/"},"modified":"2025-12-23T14:12:28","modified_gmt":"2025-12-23T13:12:28","slug":"licence-linked-capacity-plus","status":"publish","type":"product","link":"https:\/\/lebrascommunication.fr\/ventes\/produit\/licence-linked-capacity-plus\/","title":{"rendered":"Licence Capacity Plus multi-sites compl\u00e8te"},"content":{"rendered":"<p>Licence Capacity + multi-site compl\u00e8te ou Linked Capacity Plus (LCP) pour radios DP2400, DP2400e, DP2600, DP2600e, DM2600 et SL2600.<\/p>\n<p>Cette licence permet d&rsquo;\u00eatre compatible avec un\u00a0syst\u00e8me relais multi-sites partag\u00e9 Motorola Linked Capacity Plus (LCP). Ce syst\u00e8me partage les canaux et s\u00e9pare les appels s\u00e9lectifs afin de ne pas encombrer les appels de groupe.<\/p>\n<p>L&rsquo;int\u00e9r\u00eat de prendre s\u00e9par\u00e9ment les licences Capacity + et increment Capacity + multi-sites, r\u00e9side dans la possibilit\u00e9 d&rsquo;utiliser les deux syst\u00e8mes.Si vous prenez la licence Capacity + multi-sites compl\u00e8te, c&rsquo;est le m\u00eame prix mais vous n&rsquo;avez pas acc\u00e9s au syst\u00e8me Capacity +.<\/p>\n<p>Cette fonction est\u00a0offerte dans les mod\u00e8les des s\u00e9ries DP4000, DP4000 ATEX, SL4000, DP3441-DP3661e, DM4000 et les mod\u00e8les \u00ab\u00a0e\u00a0\u00bb correspondant.<\/p>\n<p>Une licence n\u00e9cessaire par poste.<\/p>\n<p><strong>Attention :\u00a0<\/strong>pour activer vous m\u00eame une licence, le logiciel CPS, le ou les c\u00e2bles de programmation compatibles avec vos radios, une connexion internet ainsi que le code fournit \u00e0 l&rsquo;achat de la licence seront n\u00e9cessaires.<\/p>\n<p><strong>Sinon, chez LBC Systems l&rsquo;activation des licences est gratuite !<\/strong><\/p>\n","protected":false},"excerpt":{"rendered":"<p>Licence Capacity + multi-site compl\u00e8te pour DP2000, DP2000e, DM2000 et SL2600.<\/p>\n","protected":false},"featured_media":502,"template":"","meta":[],"product_brand":[3074],"product_cat":[3096],"product_tag":[3257,3440,3219],"class_list":{"0":"post-504","1":"product","2":"type-product","3":"status-publish","4":"has-post-thumbnail","6":"product_brand-motorola","7":"product_cat-accessoires-relais-motorola","8":"product_tag-licence","9":"product_tag-linked-capacity-plus","10":"product_tag-relais","12":"first","13":"instock","14":"shipping-taxable","15":"purchasable","16":"product-type-simple"},"_links":{"self":[{"href":"https:\/\/lebrascommunication.fr\/ventes\/wp-json\/wp\/v2\/product\/504","targetHints":{"allow":["GET"]}}],"collection":[{"href":"https:\/\/lebrascommunication.fr\/ventes\/wp-json\/wp\/v2\/product"}],"about":[{"href":"https:\/\/lebrascommunication.fr\/ventes\/wp-json\/wp\/v2\/types\/product"}],"wp:featuredmedia":[{"embeddable":true,"href":"https:\/\/lebrascommunication.fr\/ventes\/wp-json\/wp\/v2\/media\/502"}],"wp:attachment":[{"href":"https:\/\/lebrascommunication.fr\/ventes\/wp-json\/wp\/v2\/media?parent=504"}],"wp:term":[{"taxonomy":"product_brand","embeddable":true,"href":"https:\/\/lebrascommunication.fr\/ventes\/wp-json\/wp\/v2\/product_brand?post=504"},{"taxonomy":"product_cat","embeddable":true,"href":"https:\/\/lebrascommunication.fr\/ventes\/wp-json\/wp\/v2\/product_cat?post=504"},{"taxonomy":"product_tag","embeddable":true,"href":"https:\/\/lebrascommunication.fr\/ventes\/wp-json\/wp\/v2\/product_tag?post=504"}],"curies":[{"name":"wp","href":"https:\/\/api.w.org\/{rel}","templated":true}]}}