{"id":491,"date":"2016-03-07T21:29:05","date_gmt":"2016-03-07T20:29:05","guid":{"rendered":"https:\/\/lebrascommunication.fr\/ventes\/produit\/licence-capacity\/"},"modified":"2025-12-24T12:06:12","modified_gmt":"2025-12-24T11:06:12","slug":"licence-capacity","status":"publish","type":"product","link":"https:\/\/lebrascommunication.fr\/ventes\/produit\/licence-capacity\/","title":{"rendered":"Licence Capacity +"},"content":{"rendered":"<p>Licence Capacity + pour les radios DP2400, DP2400e, DP2600, DP2600e, DM2600 et SL2600.<\/p>\n<p>Cette licence permet d&rsquo;\u00eatre compatible avec un\u00a0syst\u00e8me relais partag\u00e9 Motorola Capacity +. Ce syst\u00e8me partage les canaux et s\u00e9pare les appels s\u00e9lectifs afin de ne pas encombrer les canaux.<\/p>\n<p>Cette fonction est\u00a0offerte dans les mod\u00e8les des s\u00e9ries DP4000, DP4000 ATEX, SL4000, DP3441-DP3661e, DM4000 et les mod\u00e8les \u00ab\u00a0e\u00a0\u00bb correspondant.<\/p>\n<p>Une licence n\u00e9cessaire par poste.<\/p>\n<p><strong>Attention :\u00a0<\/strong>pour activer vous m\u00eame une licence, le logiciel CPS, le ou les c\u00e2bles de programmation compatibles avec vos radios, une connexion internet ainsi que le code fournit \u00e0 l&rsquo;achat de la licence seront n\u00e9cessaires.<\/p>\n<p><strong>Sinon, chez LBC Systems l&rsquo;activation des licences est gratuite !<\/strong><\/p>\n","protected":false},"excerpt":{"rendered":"<p>Licence Capacity + pour DP2000, DM2000 et SL2600.<\/p>\n","protected":false},"featured_media":489,"template":"","meta":[],"product_brand":[3074],"product_cat":[3177,3179,3163,3181],"product_tag":[3410,3373,3365,3445,3434,3446,3257,3224],"class_list":{"0":"post-491","1":"product","2":"type-product","3":"status-publish","4":"has-post-thumbnail","6":"product_brand-motorola","7":"product_cat-r5-dp2000e","8":"product_cat-dp3000e","9":"product_cat-accessoires-talkies-motorola","10":"product_cat-sl-tlk","11":"product_tag-capacity-plus","12":"product_tag-dm2600","13":"product_tag-dp2400","14":"product_tag-dp2400e","15":"product_tag-dp2600","16":"product_tag-dp2600e","17":"product_tag-licence","18":"product_tag-sl2600","20":"first","21":"instock","22":"shipping-taxable","23":"purchasable","24":"product-type-simple"},"_links":{"self":[{"href":"https:\/\/lebrascommunication.fr\/ventes\/wp-json\/wp\/v2\/product\/491","targetHints":{"allow":["GET"]}}],"collection":[{"href":"https:\/\/lebrascommunication.fr\/ventes\/wp-json\/wp\/v2\/product"}],"about":[{"href":"https:\/\/lebrascommunication.fr\/ventes\/wp-json\/wp\/v2\/types\/product"}],"wp:featuredmedia":[{"embeddable":true,"href":"https:\/\/lebrascommunication.fr\/ventes\/wp-json\/wp\/v2\/media\/489"}],"wp:attachment":[{"href":"https:\/\/lebrascommunication.fr\/ventes\/wp-json\/wp\/v2\/media?parent=491"}],"wp:term":[{"taxonomy":"product_brand","embeddable":true,"href":"https:\/\/lebrascommunication.fr\/ventes\/wp-json\/wp\/v2\/product_brand?post=491"},{"taxonomy":"product_cat","embeddable":true,"href":"https:\/\/lebrascommunication.fr\/ventes\/wp-json\/wp\/v2\/product_cat?post=491"},{"taxonomy":"product_tag","embeddable":true,"href":"https:\/\/lebrascommunication.fr\/ventes\/wp-json\/wp\/v2\/product_tag?post=491"}],"curies":[{"name":"wp","href":"https:\/\/api.w.org\/{rel}","templated":true}]}}