{"id":457,"date":"2016-03-07T17:53:30","date_gmt":"2016-03-07T16:53:30","guid":{"rendered":"https:\/\/lebrascommunication.fr\/ventes\/produit\/licence-ip-site-connect\/"},"modified":"2026-01-22T11:51:56","modified_gmt":"2026-01-22T10:51:56","slug":"licence-ip-site-connect","status":"publish","type":"product","link":"https:\/\/lebrascommunication.fr\/ventes\/produit\/licence-ip-site-connect\/","title":{"rendered":"Licence IP Site Connect"},"content":{"rendered":"<p>Licence\u00a0IP Site Connect\u00a0pour DP1400, SL1600, DM1400, DM1600.<\/p>\n<p>Cette licence permet \u00e0 la radio de fonctionner sur un syst\u00e8me relais num\u00e9rique multi-sites conventionnel. Ce syst\u00e8me chez Motorola s&rsquo;appelle l&rsquo; IP Site Connect (IPSC).<\/p>\n<p>Une licence n\u00e9cessaire par poste. Compatible uniquement avec les radios ayant d\u00e9j\u00e0 la licence num\u00e9rique DMR r\u00e9f:\u00a0HKVN4204A.<\/p>\n<p><strong>Attention : <\/strong>pour activer vous m\u00eame une licence, le logiciel CPS, le ou les c\u00e2bles de programmation compatibles avec vos radios, une connexion internet ainsi que le code fournit \u00e0 l&rsquo;achat de la licence seront n\u00e9cessaires.<\/p>\n<p><strong>Sinon, chez LBC Systems l&rsquo;activation des licences est gratuite!<\/strong><\/p>\n","protected":false},"excerpt":{"rendered":"<p>Licence IP Site Connect\u00a0pour DP1400, SL1600, DM1400 et DM1600.<\/p>\n","protected":false},"featured_media":450,"template":"","meta":[],"product_brand":[3074],"product_cat":[3176,3163,3181,3182,3088],"product_tag":[3495,3550,3242,3330,3257,3636,3223],"class_list":{"0":"post-457","1":"product","2":"type-product","3":"status-publish","4":"has-post-thumbnail","6":"product_brand-motorola","7":"product_cat-r2-dp1400","8":"product_cat-accessoires-talkies-motorola","9":"product_cat-sl-tlk","10":"product_cat-dm1000-dm2000","11":"product_cat-accessoires-pour-bases-ou-mobiles-motorola","12":"product_tag-dm1400","13":"product_tag-dm1600","14":"product_tag-dp1400","15":"product_tag-ip","16":"product_tag-licence","17":"product_tag-site-connect","18":"product_tag-sl1600","20":"first","21":"instock","22":"shipping-taxable","23":"purchasable","24":"product-type-simple"},"_links":{"self":[{"href":"https:\/\/lebrascommunication.fr\/ventes\/wp-json\/wp\/v2\/product\/457","targetHints":{"allow":["GET"]}}],"collection":[{"href":"https:\/\/lebrascommunication.fr\/ventes\/wp-json\/wp\/v2\/product"}],"about":[{"href":"https:\/\/lebrascommunication.fr\/ventes\/wp-json\/wp\/v2\/types\/product"}],"wp:featuredmedia":[{"embeddable":true,"href":"https:\/\/lebrascommunication.fr\/ventes\/wp-json\/wp\/v2\/media\/450"}],"wp:attachment":[{"href":"https:\/\/lebrascommunication.fr\/ventes\/wp-json\/wp\/v2\/media?parent=457"}],"wp:term":[{"taxonomy":"product_brand","embeddable":true,"href":"https:\/\/lebrascommunication.fr\/ventes\/wp-json\/wp\/v2\/product_brand?post=457"},{"taxonomy":"product_cat","embeddable":true,"href":"https:\/\/lebrascommunication.fr\/ventes\/wp-json\/wp\/v2\/product_cat?post=457"},{"taxonomy":"product_tag","embeddable":true,"href":"https:\/\/lebrascommunication.fr\/ventes\/wp-json\/wp\/v2\/product_tag?post=457"}],"curies":[{"name":"wp","href":"https:\/\/api.w.org\/{rel}","templated":true}]}}