{"id":446,"date":"2016-03-07T17:38:03","date_gmt":"2016-03-07T16:38:03","guid":{"rendered":"https:\/\/lebrascommunication.fr\/ventes\/produit\/licence-dmr\/"},"modified":"2026-03-20T13:47:25","modified_gmt":"2026-03-20T12:47:25","slug":"licence-dmr","status":"publish","type":"product","link":"https:\/\/lebrascommunication.fr\/ventes\/produit\/licence-dmr\/","title":{"rendered":"Licence num\u00e9rique DMR"},"content":{"rendered":"<p>La licence num\u00e9rique DMR pour radio analogique DP1400, DM1400 et DM1600, permet de passer les transmissions en num\u00e9rique \u00e0 la norme DMR.<\/p>\n<p><strong>Attention :\u00a0<\/strong>pour activer vous m\u00eame une licence, le logiciel CPS, le ou les c\u00e2bles de programmation compatibles avec vos radios, une connexion internet ainsi que le code fournit \u00e0 l&rsquo;achat de la licence seront n\u00e9cessaires.<\/p>\n<p><strong>Sinon, chez LBC Systems l&rsquo;activation des licences est gratuite !<\/strong><\/p>\n","protected":false},"excerpt":{"rendered":"<p>Licence num\u00e9rique pour radio analogique DP1400, DM1400 et DM1600.<\/p>\n","protected":false},"featured_media":443,"template":"","meta":[],"product_brand":[3074],"product_cat":[3163],"product_tag":[3495,3550,3605,3242,3257,3497],"class_list":{"0":"post-446","1":"product","2":"type-product","3":"status-publish","4":"has-post-thumbnail","6":"product_brand-motorola","7":"product_cat-accessoires-talkies-motorola","8":"product_tag-dm1400","9":"product_tag-dm1600","10":"product_tag-dmr","11":"product_tag-dp1400","12":"product_tag-licence","13":"product_tag-numerique","15":"first","16":"instock","17":"shipping-taxable","18":"purchasable","19":"product-type-simple"},"_links":{"self":[{"href":"https:\/\/lebrascommunication.fr\/ventes\/wp-json\/wp\/v2\/product\/446","targetHints":{"allow":["GET"]}}],"collection":[{"href":"https:\/\/lebrascommunication.fr\/ventes\/wp-json\/wp\/v2\/product"}],"about":[{"href":"https:\/\/lebrascommunication.fr\/ventes\/wp-json\/wp\/v2\/types\/product"}],"wp:featuredmedia":[{"embeddable":true,"href":"https:\/\/lebrascommunication.fr\/ventes\/wp-json\/wp\/v2\/media\/443"}],"wp:attachment":[{"href":"https:\/\/lebrascommunication.fr\/ventes\/wp-json\/wp\/v2\/media?parent=446"}],"wp:term":[{"taxonomy":"product_brand","embeddable":true,"href":"https:\/\/lebrascommunication.fr\/ventes\/wp-json\/wp\/v2\/product_brand?post=446"},{"taxonomy":"product_cat","embeddable":true,"href":"https:\/\/lebrascommunication.fr\/ventes\/wp-json\/wp\/v2\/product_cat?post=446"},{"taxonomy":"product_tag","embeddable":true,"href":"https:\/\/lebrascommunication.fr\/ventes\/wp-json\/wp\/v2\/product_tag?post=446"}],"curies":[{"name":"wp","href":"https:\/\/api.w.org\/{rel}","templated":true}]}}