{"id":440,"date":"2016-03-02T18:42:12","date_gmt":"2016-03-02T17:42:12","guid":{"rendered":"https:\/\/lebrascommunication.fr\/ventes\/produit\/nx-230exe-nx-330exe\/"},"modified":"2026-02-19T14:43:45","modified_gmt":"2026-02-19T13:43:45","slug":"nx-230exe-nx-330exe","status":"publish","type":"product","link":"https:\/\/lebrascommunication.fr\/ventes\/produit\/nx-230exe-nx-330exe\/","title":{"rendered":"NX-230EXE NX-330EXE"},"content":{"rendered":"<p>Remplace les mod\u00e8les TK-2260EX et TK-3260EX.<\/p>\n<p>Cette nouvelle radio certifi\u00e9 ATEX\/IECEx apporte de nouvelles fonctionnalit\u00e9s tels que le \u00ab\u00a0travailleur isol\u00e9\u00a0\u00bb, la d\u00e9tection de perte de verticalit\u00e9,\u00a0ainsi qu&rsquo;un r\u00e9cepteur GPS, permettant\u00a0une grande r\u00e9activit\u00e9.<\/p>\n<p><strong>Commandes et fonctions conviviales :<\/strong><\/p>\n<ul>\n<li>16 canaux programmables.<\/li>\n<li>Fr\u00e9quence 440-470 Mhz ou 136-174 Mhz<\/li>\n<li>Balayage des canaux (scan).<\/li>\n<li>Perte de verticalit\u00e9 &#8211; Absence de mouvement &#8211; D\u00e9tection de panique<\/li>\n<li>Fleetsync &#8211; PTT ID &#8211; Appel d&rsquo;urgence &#8211; Appel s\u00e9lectif<\/li>\n<li>Mod\u00e8le \u00e0 clavier pour des param\u00e9trages sp\u00e9cifiques.<\/li>\n<li>QT \/ DQT \/ DTMF \/ 5 tons<\/li>\n<li>Espacement de canaux programmables<\/li>\n<li>Analogique et num\u00e9rique Nexedge<\/li>\n<\/ul>\n<p>Certaines fonctions doivent \u00eatre programm\u00e9es par nos soins avant utilisation.<\/p>\n<p><strong>Dimensions : H x L x P : 61,8 x 128,3 x 49,5 mm.<\/strong><\/p>\n<p><strong>Poids : 279 g. sans bat. 484 g. avec bat<\/strong><\/p>\n<p><strong>Autonomie de la batterie : environs 18 heures<\/strong><\/p>\n<p><strong>Attention: la norme num\u00e9rique Nexedge de ce portatif n&rsquo;est pas compatible avec la norme DMR.<\/strong><\/p>\n","protected":false},"excerpt":{"rendered":"<p>Portatif analogique et num\u00e9rique ATEX, PTI et GPS.<\/p>\n","protected":false},"featured_media":433,"template":"","meta":[],"product_brand":[3075],"product_cat":[3137],"product_tag":[3912,3496,1153,3755,3497,3910,3911,1154],"class_list":{"0":"post-440","1":"product","2":"type-product","3":"status-publish","4":"has-post-thumbnail","6":"product_brand-kenwood","7":"product_cat-talkies-pro-kenwood-talkies-pro-kenwood","8":"product_tag-16-canaux","9":"product_tag-analogique","10":"product_tag-atex","11":"product_tag-gps","12":"product_tag-numerique","13":"product_tag-nx-230exe","14":"product_tag-nx-330exe","15":"product_tag-pti","17":"first","18":"instock","19":"shipping-taxable","20":"purchasable","21":"product-type-simple"},"_links":{"self":[{"href":"https:\/\/lebrascommunication.fr\/ventes\/wp-json\/wp\/v2\/product\/440","targetHints":{"allow":["GET"]}}],"collection":[{"href":"https:\/\/lebrascommunication.fr\/ventes\/wp-json\/wp\/v2\/product"}],"about":[{"href":"https:\/\/lebrascommunication.fr\/ventes\/wp-json\/wp\/v2\/types\/product"}],"wp:featuredmedia":[{"embeddable":true,"href":"https:\/\/lebrascommunication.fr\/ventes\/wp-json\/wp\/v2\/media\/433"}],"wp:attachment":[{"href":"https:\/\/lebrascommunication.fr\/ventes\/wp-json\/wp\/v2\/media?parent=440"}],"wp:term":[{"taxonomy":"product_brand","embeddable":true,"href":"https:\/\/lebrascommunication.fr\/ventes\/wp-json\/wp\/v2\/product_brand?post=440"},{"taxonomy":"product_cat","embeddable":true,"href":"https:\/\/lebrascommunication.fr\/ventes\/wp-json\/wp\/v2\/product_cat?post=440"},{"taxonomy":"product_tag","embeddable":true,"href":"https:\/\/lebrascommunication.fr\/ventes\/wp-json\/wp\/v2\/product_tag?post=440"}],"curies":[{"name":"wp","href":"https:\/\/api.w.org\/{rel}","templated":true}]}}