{"id":382,"date":"2016-02-24T17:07:37","date_gmt":"2016-02-24T16:07:37","guid":{"rendered":"https:\/\/lebrascommunication.fr\/ventes\/produit\/carte-doption-programmable\/"},"modified":"2026-04-08T13:47:36","modified_gmt":"2026-04-08T11:47:36","slug":"carte-doption-programmable","status":"publish","type":"product","link":"https:\/\/lebrascommunication.fr\/ventes\/produit\/carte-doption-programmable\/","title":{"rendered":"Carte d\u2019option programmable"},"content":{"rendered":"<p>La carte d&rsquo;option programmable permet de personnaliser les fonctions de chaque radio.<\/p>\n<p>L&rsquo;op\u00e9ration n\u00e9cessite le d\u00e9veloppement d&rsquo;applications par notre \u00e9quipe.<\/p>\n","protected":false},"excerpt":{"rendered":"<p>Carte d\u2019option programmable pour DM2000<\/p>\n","protected":false},"featured_media":380,"template":"","meta":[],"product_brand":[3074],"product_cat":[3163],"product_tag":[3493,3494],"class_list":{"0":"post-382","1":"product","2":"type-product","3":"status-publish","4":"has-post-thumbnail","6":"product_brand-motorola","7":"product_cat-accessoires-talkies-motorola","8":"product_tag-carte","9":"product_tag-option-programmable","11":"first","12":"instock","13":"shipping-taxable","14":"purchasable","15":"product-type-simple"},"_links":{"self":[{"href":"https:\/\/lebrascommunication.fr\/ventes\/wp-json\/wp\/v2\/product\/382","targetHints":{"allow":["GET"]}}],"collection":[{"href":"https:\/\/lebrascommunication.fr\/ventes\/wp-json\/wp\/v2\/product"}],"about":[{"href":"https:\/\/lebrascommunication.fr\/ventes\/wp-json\/wp\/v2\/types\/product"}],"wp:featuredmedia":[{"embeddable":true,"href":"https:\/\/lebrascommunication.fr\/ventes\/wp-json\/wp\/v2\/media\/380"}],"wp:attachment":[{"href":"https:\/\/lebrascommunication.fr\/ventes\/wp-json\/wp\/v2\/media?parent=382"}],"wp:term":[{"taxonomy":"product_brand","embeddable":true,"href":"https:\/\/lebrascommunication.fr\/ventes\/wp-json\/wp\/v2\/product_brand?post=382"},{"taxonomy":"product_cat","embeddable":true,"href":"https:\/\/lebrascommunication.fr\/ventes\/wp-json\/wp\/v2\/product_cat?post=382"},{"taxonomy":"product_tag","embeddable":true,"href":"https:\/\/lebrascommunication.fr\/ventes\/wp-json\/wp\/v2\/product_tag?post=382"}],"curies":[{"name":"wp","href":"https:\/\/api.w.org\/{rel}","templated":true}]}}