{"id":320,"date":"2016-02-17T17:40:15","date_gmt":"2016-02-17T16:40:15","guid":{"rendered":"https:\/\/lebrascommunication.fr\/ventes\/produit\/antenne-mobile-bnc-350-400mhz\/"},"modified":"2026-02-19T12:30:15","modified_gmt":"2026-02-19T11:30:15","slug":"antenne-mobile-bnc-350-400mhz","status":"publish","type":"product","link":"https:\/\/lebrascommunication.fr\/ventes\/produit\/antenne-mobile-bnc-350-400mhz\/","title":{"rendered":"Antenne mobile BNC 350-400MHz"},"content":{"rendered":"<p>Antenne UHF (350-400 MHz) pour mobiles avec connecteur BNC.<\/p>\n<p><strong>Caract\u00e9ristiques:<\/strong><\/p>\n<ul>\n<li>Bande de fr\u00e9quence : UHF<\/li>\n<li>Fr\u00e9quences :\u00a0350-400 MHz<\/li>\n<li>Type\u00a0: 1\/4 onde omnidirectionnelle<\/li>\n<li>Gain : 0 dB<\/li>\n<li>Connecteur : BNC<\/li>\n<li>GPS :\u00a0non<\/li>\n<li>Montage : sur v\u00e9hicule, \u00e0 percer<\/li>\n<li>Longueur :\u00a0NC<\/li>\n<\/ul>\n<p><strong>Cette antenne n\u00e9cessite un r\u00e9glage en fonction des fr\u00e9quences utilis\u00e9es. Ce r\u00e9glage est gratuit chez LBC Systems !<\/strong><\/p>\n","protected":false},"excerpt":{"rendered":"<p>Antenne UHF (<span class=\"tableData\">350-400<\/span>MHz)\u00a0pour\u00a0mobile<\/p>\n","protected":false},"featured_media":316,"template":"","meta":[],"product_brand":[3074],"product_cat":[3088],"product_tag":[3880,3881,3326,3338,3438],"class_list":{"0":"post-320","1":"product","2":"type-product","3":"status-publish","4":"has-post-thumbnail","6":"product_brand-motorola","7":"product_cat-accessoires-pour-bases-ou-mobiles-motorola","8":"product_tag-antenne-base","9":"product_tag-antenne-bnc","10":"product_tag-antenne-uhf","11":"product_tag-dm4000","12":"product_tag-dm4000e","14":"first","15":"instock","16":"shipping-taxable","17":"purchasable","18":"product-type-simple"},"_links":{"self":[{"href":"https:\/\/lebrascommunication.fr\/ventes\/wp-json\/wp\/v2\/product\/320","targetHints":{"allow":["GET"]}}],"collection":[{"href":"https:\/\/lebrascommunication.fr\/ventes\/wp-json\/wp\/v2\/product"}],"about":[{"href":"https:\/\/lebrascommunication.fr\/ventes\/wp-json\/wp\/v2\/types\/product"}],"wp:featuredmedia":[{"embeddable":true,"href":"https:\/\/lebrascommunication.fr\/ventes\/wp-json\/wp\/v2\/media\/316"}],"wp:attachment":[{"href":"https:\/\/lebrascommunication.fr\/ventes\/wp-json\/wp\/v2\/media?parent=320"}],"wp:term":[{"taxonomy":"product_brand","embeddable":true,"href":"https:\/\/lebrascommunication.fr\/ventes\/wp-json\/wp\/v2\/product_brand?post=320"},{"taxonomy":"product_cat","embeddable":true,"href":"https:\/\/lebrascommunication.fr\/ventes\/wp-json\/wp\/v2\/product_cat?post=320"},{"taxonomy":"product_tag","embeddable":true,"href":"https:\/\/lebrascommunication.fr\/ventes\/wp-json\/wp\/v2\/product_tag?post=320"}],"curies":[{"name":"wp","href":"https:\/\/api.w.org\/{rel}","templated":true}]}}