{"id":2685,"date":"2021-02-07T20:27:20","date_gmt":"2021-02-07T19:27:20","guid":{"rendered":"https:\/\/lebrascommunication.fr\/ventes\/produit\/antenne-4g-4\/"},"modified":"2025-10-23T14:35:33","modified_gmt":"2025-10-23T12:35:33","slug":"antenne-4g-4","status":"publish","type":"product","link":"https:\/\/lebrascommunication.fr\/ventes\/produit\/antenne-4g-4\/","title":{"rendered":"Antenne 4G"},"content":{"rendered":"<p>Antenne LTE 4G pour TLK 100.<\/p>\n<p><strong>Caract\u00e9ristiques :<\/strong><\/p>\n<ul>\n<li>Type : Compact (diam\u00e8tre \u00e9largi mais longueur r\u00e9duite)<\/li>\n<li>Fr\u00e9quence :\u00a0LTE<\/li>\n<li>Code couleur : Absent<\/li>\n<\/ul>\n<p><strong>Dimension : <\/strong>4,5cm<\/p>\n<p><strong>Poids : <\/strong>8g<\/p>\n","protected":false},"excerpt":{"rendered":"<p>Antenne LTE 4G pour TLK 100.<\/p>\n","protected":false},"featured_media":1595,"template":"","meta":[],"product_brand":[3075,3074],"product_cat":[3163,3181],"product_tag":[3173],"class_list":{"0":"post-2685","1":"product","2":"type-product","3":"status-publish","4":"has-post-thumbnail","6":"product_brand-kenwood","7":"product_brand-motorola","8":"product_cat-accessoires-talkies-motorola","9":"product_cat-sl-tlk","10":"product_tag-tlk100","12":"first","13":"instock","14":"shipping-taxable","15":"purchasable","16":"product-type-simple"},"_links":{"self":[{"href":"https:\/\/lebrascommunication.fr\/ventes\/wp-json\/wp\/v2\/product\/2685","targetHints":{"allow":["GET"]}}],"collection":[{"href":"https:\/\/lebrascommunication.fr\/ventes\/wp-json\/wp\/v2\/product"}],"about":[{"href":"https:\/\/lebrascommunication.fr\/ventes\/wp-json\/wp\/v2\/types\/product"}],"wp:featuredmedia":[{"embeddable":true,"href":"https:\/\/lebrascommunication.fr\/ventes\/wp-json\/wp\/v2\/media\/1595"}],"wp:attachment":[{"href":"https:\/\/lebrascommunication.fr\/ventes\/wp-json\/wp\/v2\/media?parent=2685"}],"wp:term":[{"taxonomy":"product_brand","embeddable":true,"href":"https:\/\/lebrascommunication.fr\/ventes\/wp-json\/wp\/v2\/product_brand?post=2685"},{"taxonomy":"product_cat","embeddable":true,"href":"https:\/\/lebrascommunication.fr\/ventes\/wp-json\/wp\/v2\/product_cat?post=2685"},{"taxonomy":"product_tag","embeddable":true,"href":"https:\/\/lebrascommunication.fr\/ventes\/wp-json\/wp\/v2\/product_tag?post=2685"}],"curies":[{"name":"wp","href":"https:\/\/api.w.org\/{rel}","templated":true}]}}