{"id":248,"date":"2016-02-15T18:29:34","date_gmt":"2016-02-15T17:29:34","guid":{"rendered":"https:\/\/lebrascommunication.fr\/ventes\/produit\/micro-oreillette-discrete-5\/"},"modified":"2026-01-26T11:46:12","modified_gmt":"2026-01-26T10:46:12","slug":"micro-oreillette-discrete-5","status":"publish","type":"product","link":"https:\/\/lebrascommunication.fr\/ventes\/produit\/micro-oreillette-discrete-5\/","title":{"rendered":"Micro oreillette discr\u00e8te noire"},"content":{"rendered":"<p>Micro oreillette discr\u00e8te noire 2 fils avec tube acoustique translucide pour series DP3000, DP4000<\/p>\n<p>Oreillette amovible rempla\u00e7able.<\/p>\n<p><strong>Caract\u00e9ristiques :<\/strong><\/p>\n<ul>\n<li>Utilisation : re\u00e7oit et transmet<\/li>\n<li>Alternat (Push To Talk) :\u00a0sur le micro<\/li>\n<li>D\u00e9clenchement par la voix (VOX) : oui<\/li>\n<li>Micro : oui (cravate ou \u00e0 main)<\/li>\n<li>Couleur : noir<\/li>\n<li>Nombre de fils : 2<\/li>\n<li>Type d&rsquo;\u00e9couteur : tube acoustique avec t\u00e9tine silicone<\/li>\n<li>Standard de s\u00e9curit\u00e9 intrins\u00e8que : UL-TIA4950<\/li>\n<\/ul>\n","protected":false},"excerpt":{"rendered":"<p>Micro oreillette discr\u00e8te noire 2 fils avec tube acoustique translucide pour series DP3000, DP4000<\/p>\n","protected":false},"featured_media":243,"template":"","meta":[],"product_brand":[3074],"product_cat":[3179,3163],"product_tag":[3192,3502,3225,3437,3334],"class_list":{"0":"post-248","1":"product","2":"type-product","3":"status-publish","4":"has-post-thumbnail","6":"product_brand-motorola","7":"product_cat-dp3000e","8":"product_cat-accessoires-talkies-motorola","9":"product_tag-dp3000","10":"product_tag-dp3000e","11":"product_tag-dp4000","12":"product_tag-dp4000e","13":"product_tag-micro-oreillette","15":"first","16":"instock","17":"shipping-taxable","18":"purchasable","19":"product-type-simple"},"_links":{"self":[{"href":"https:\/\/lebrascommunication.fr\/ventes\/wp-json\/wp\/v2\/product\/248","targetHints":{"allow":["GET"]}}],"collection":[{"href":"https:\/\/lebrascommunication.fr\/ventes\/wp-json\/wp\/v2\/product"}],"about":[{"href":"https:\/\/lebrascommunication.fr\/ventes\/wp-json\/wp\/v2\/types\/product"}],"wp:featuredmedia":[{"embeddable":true,"href":"https:\/\/lebrascommunication.fr\/ventes\/wp-json\/wp\/v2\/media\/243"}],"wp:attachment":[{"href":"https:\/\/lebrascommunication.fr\/ventes\/wp-json\/wp\/v2\/media?parent=248"}],"wp:term":[{"taxonomy":"product_brand","embeddable":true,"href":"https:\/\/lebrascommunication.fr\/ventes\/wp-json\/wp\/v2\/product_brand?post=248"},{"taxonomy":"product_cat","embeddable":true,"href":"https:\/\/lebrascommunication.fr\/ventes\/wp-json\/wp\/v2\/product_cat?post=248"},{"taxonomy":"product_tag","embeddable":true,"href":"https:\/\/lebrascommunication.fr\/ventes\/wp-json\/wp\/v2\/product_tag?post=248"}],"curies":[{"name":"wp","href":"https:\/\/api.w.org\/{rel}","templated":true}]}}