{"id":2476,"date":"2019-04-24T12:17:04","date_gmt":"2019-04-24T10:17:04","guid":{"rendered":"https:\/\/lebrascommunication.fr\/ventes\/produit\/kit-d-accessoires-bluetooth-2\/"},"modified":"2025-12-23T15:40:48","modified_gmt":"2025-12-23T14:40:48","slug":"kit-d-accessoires-bluetooth-2","status":"publish","type":"product","link":"https:\/\/lebrascommunication.fr\/ventes\/produit\/kit-d-accessoires-bluetooth-2\/","title":{"rendered":"Kit d&rsquo;accessoires Bluetooth"},"content":{"rendered":"<p>Kit d&rsquo;accessoires Bluetooth comprenant :<\/p>\n<ul>\n<li>Un pod Bluetooth avec prise jack 3,5mm, bouton d&rsquo;alimentation \/ volume, indicateur d&rsquo;\u00e9tat Bluetooth et clip pour v\u00eatements\u00a0(<a href=\"http:\/\/lbc-systems.com\/micro-oreillettes-dp3441-dp3661\/1424-pack-de-3-pods-bluetooth.html\">PMLN7369<\/a>)<\/li>\n<li>Un \u00e9couteur\u00a0pivotant,\u00a0offrant une communication s\u00e9curis\u00e9e , un confort et une flexibilit\u00e9\u00a0(<a href=\"http:\/\/lbc-systems.com\/micro-oreillettes-dp3441-dp3661\/1433-pack-3-micro-oreillettes.html?search_query=RLN6550&amp;results=1\">RLN6550<\/a>)<\/li>\n<li>Un socle de charge,\u00a0l\u00e9ger et capable de charger la batterie Wireless Pod via un chargeur micro USB<\/li>\n<\/ul>\n<p>Attention : Le bloc d&rsquo;alimentation n&rsquo;est pas fourni (<a href=\"http:\/\/lbc-systems.com\/chargeurs-sl1600\/1403-chargeur-rapide-micro-usb.html\">PS000042A12<\/a>)<\/p>\n<p>Compatibilit\u00e9s :\u00a0DP4001, DP3441, DP3661, SL2600, SL4000, DM4401, DM4601 ainsi que les versions \u00ab\u00a0e\u00a0\u00bb<\/p>\n","protected":false},"excerpt":{"rendered":"<p>Kit d&rsquo;accessoires Bluetooth comprenant :<\/p>\n<ul>\n<li>Un pod Bluetooth (<a href=\"http:\/\/lbc-systems.com\/micro-oreillettes-dp3441-dp3661\/1424-pack-de-3-pods-bluetooth.html\">PMLN7369<\/a>)<\/li>\n<li>Une micro oreillette (<a href=\"http:\/\/lbc-systems.com\/micro-oreillettes-dp3441-dp3661\/1433-pack-3-micro-oreillettes.html?search_query=RLN6550&amp;results=1\">RLN6550<\/a>)<\/li>\n<li>Un socle de charge<\/li>\n<\/ul>\n<p>Attention : Le bloc d&rsquo;alimentation n&rsquo;est pas fourni (<a href=\"http:\/\/lbc-systems.com\/chargeurs-sl1600\/1403-chargeur-rapide-micro-usb.html\">PS000042A12<\/a>)<\/p>\n<p>Compatibilit\u00e9s :\u00a0DP4001, DP3441, DP3661, SL2600, SL4000, DM4401, DM4601 ainsi que les versions \u00ab\u00a0e\u00a0\u00bb<\/p>\n","protected":false},"featured_media":3636,"template":"","meta":[],"product_brand":[3074],"product_cat":[3163],"product_tag":[3279,3230,3464,3231,3465,3174,3249,3193,3250,3345,3463,3358,3224,3220,3460],"class_list":{"0":"post-2476","1":"product","2":"type-product","3":"status-publish","4":"has-post-thumbnail","6":"product_brand-motorola","7":"product_cat-accessoires-talkies-motorola","8":"product_tag-bluetooth","9":"product_tag-dm4401","10":"product_tag-dm4401e","11":"product_tag-dm4601","12":"product_tag-dm4601e","13":"product_tag-dp3441","14":"product_tag-dp3441e","15":"product_tag-dp3661","16":"product_tag-dp3661e","17":"product_tag-dp4001","18":"product_tag-dp4001e","19":"product_tag-kit","20":"product_tag-sl2600","21":"product_tag-sl4000","22":"product_tag-sl4000e","24":"first","25":"instock","26":"shipping-taxable","27":"purchasable","28":"product-type-simple"},"_links":{"self":[{"href":"https:\/\/lebrascommunication.fr\/ventes\/wp-json\/wp\/v2\/product\/2476","targetHints":{"allow":["GET"]}}],"collection":[{"href":"https:\/\/lebrascommunication.fr\/ventes\/wp-json\/wp\/v2\/product"}],"about":[{"href":"https:\/\/lebrascommunication.fr\/ventes\/wp-json\/wp\/v2\/types\/product"}],"wp:featuredmedia":[{"embeddable":true,"href":"https:\/\/lebrascommunication.fr\/ventes\/wp-json\/wp\/v2\/media\/3636"}],"wp:attachment":[{"href":"https:\/\/lebrascommunication.fr\/ventes\/wp-json\/wp\/v2\/media?parent=2476"}],"wp:term":[{"taxonomy":"product_brand","embeddable":true,"href":"https:\/\/lebrascommunication.fr\/ventes\/wp-json\/wp\/v2\/product_brand?post=2476"},{"taxonomy":"product_cat","embeddable":true,"href":"https:\/\/lebrascommunication.fr\/ventes\/wp-json\/wp\/v2\/product_cat?post=2476"},{"taxonomy":"product_tag","embeddable":true,"href":"https:\/\/lebrascommunication.fr\/ventes\/wp-json\/wp\/v2\/product_tag?post=2476"}],"curies":[{"name":"wp","href":"https:\/\/api.w.org\/{rel}","templated":true}]}}