{"id":2330,"date":"2018-06-07T13:11:18","date_gmt":"2018-06-07T11:11:18","guid":{"rendered":"https:\/\/lebrascommunication.fr\/ventes\/produit\/motorola-xt660d\/"},"modified":"2026-01-26T16:11:37","modified_gmt":"2026-01-26T15:11:37","slug":"motorola-xt660d","status":"publish","type":"product","link":"https:\/\/lebrascommunication.fr\/ventes\/produit\/motorola-xt660d\/","title":{"rendered":"MOTOROLA XT660D"},"content":{"rendered":"<div class=\"wrapper fiche\">\n<p>Le XT660D est disponible dans la bande UHF sur les fr\u00e9quences PMR446 et dPMR446\u00a0(voir fiches)<\/p>\n<p>Chaque poste est livr\u00e9 en standard avec une antenne int\u00e9gr\u00e9e, un clip ceinture, une batterie Li-Ion ainsi qu&rsquo;un chargeur rapide une alv\u00e9ole.<\/p>\n<p><strong>Commandes et fonctions :<\/strong><\/p>\n<ul>\n<li>Puissance: 500 mW<\/li>\n<li>128 canaux<\/li>\n<li>Sans licence<\/li>\n<li>Analogique et num\u00e9rique<\/li>\n<li>Fr\u00e9quences fixes\u00a0entre 446 et 446,3 MHz<\/li>\n<li>Balayage des canaux (scan)<\/li>\n<li>Fonction VOX (mains libres)<\/li>\n<li>Appels de groupe ou appels priv\u00e9s<\/li>\n<li>R\u00e9sistant aux \u00e9claboussures et \u00e0 la poussi\u00e8re (IP55)<\/li>\n<\/ul>\n<p><strong>Couverture:<\/strong><\/p>\n<ul>\n<li>En plein air (sans obstacles): jusqu\u2019\u00e0 8 km<\/li>\n<\/ul>\n<\/div>\n<p><strong>Dimensions : 116 x 58 x 40 mm<\/strong><\/p>\n<p><strong>Poids : 244 g<\/strong><\/p>\n<p><strong>Autonomie : batterie Li Ion : 12h\/32h (en conversation \/ en veille)<\/strong><\/p>\n<p><strong>Port\u00e9e : 8 Km en champ libre<\/strong><\/p>\n","protected":false},"excerpt":{"rendered":"<p>Portatif analogique et num\u00e9rique UHF sans licence (PMR446)<\/p>\n<p>Ne n\u00e9cessite aucun abonnement<\/p>\n","protected":false},"featured_media":2321,"template":"","meta":[],"product_brand":[3074],"product_cat":[3071],"product_tag":[3496,3497,3718,3217],"class_list":{"0":"post-2330","1":"product","2":"type-product","3":"status-publish","4":"has-post-thumbnail","6":"product_brand-motorola","7":"product_cat-sans-licence-motorola","8":"product_tag-analogique","9":"product_tag-numerique","10":"product_tag-portatif-uhf","11":"product_tag-xt660d","13":"first","14":"instock","15":"featured","16":"shipping-taxable","17":"purchasable","18":"product-type-simple"},"_links":{"self":[{"href":"https:\/\/lebrascommunication.fr\/ventes\/wp-json\/wp\/v2\/product\/2330","targetHints":{"allow":["GET"]}}],"collection":[{"href":"https:\/\/lebrascommunication.fr\/ventes\/wp-json\/wp\/v2\/product"}],"about":[{"href":"https:\/\/lebrascommunication.fr\/ventes\/wp-json\/wp\/v2\/types\/product"}],"wp:featuredmedia":[{"embeddable":true,"href":"https:\/\/lebrascommunication.fr\/ventes\/wp-json\/wp\/v2\/media\/2321"}],"wp:attachment":[{"href":"https:\/\/lebrascommunication.fr\/ventes\/wp-json\/wp\/v2\/media?parent=2330"}],"wp:term":[{"taxonomy":"product_brand","embeddable":true,"href":"https:\/\/lebrascommunication.fr\/ventes\/wp-json\/wp\/v2\/product_brand?post=2330"},{"taxonomy":"product_cat","embeddable":true,"href":"https:\/\/lebrascommunication.fr\/ventes\/wp-json\/wp\/v2\/product_cat?post=2330"},{"taxonomy":"product_tag","embeddable":true,"href":"https:\/\/lebrascommunication.fr\/ventes\/wp-json\/wp\/v2\/product_tag?post=2330"}],"curies":[{"name":"wp","href":"https:\/\/api.w.org\/{rel}","templated":true}]}}