{"id":2301,"date":"2018-05-24T16:43:17","date_gmt":"2018-05-24T14:43:17","guid":{"rendered":"https:\/\/lebrascommunication.fr\/ventes\/produit\/antenne-blu-3-brins-16-30-mhz-2\/"},"modified":"2026-02-19T11:43:48","modified_gmt":"2026-02-19T10:43:48","slug":"antenne-blu-3-brins-16-30-mhz-2","status":"publish","type":"product","link":"https:\/\/lebrascommunication.fr\/ventes\/produit\/antenne-blu-3-brins-16-30-mhz-2\/","title":{"rendered":"Antenne BLU 3 brins 1,6-30 MHz"},"content":{"rendered":"<p><strong>Caract\u00e9ristiques :<\/strong><\/p>\n<ul>\n<li>Fr\u00e9quence : 1,6-30 MHz<\/li>\n<li>Longueur : 7 m<\/li>\n<li>Puissance :\u00a0800 W<\/li>\n<li>3 brins<\/li>\n<\/ul>\n<p><strong>Compatible avec les bases suivantes :<b style=\"color: #000000;font-family: Verdana, Arial, Helvetica, sans-serif;font-size: small;font-style: normal;letter-spacing: normal;text-align: left;text-indent: 0px;text-transform: none;background-color: #ffffff\">\u00a0<\/b><\/strong><\/p>\n<ul>\n<li>IC-M710<\/li>\n<li>IC-801E 12V<\/li>\n<li>IC-801E 24V<\/li>\n<li>IC-M801 GMDSS<\/li>\n<li>IC-M802<\/li>\n<li>PACK-M710<\/li>\n<li>PACK-M801E<\/li>\n<li>PACK-MAILM801GMDSS<\/li>\n<li>PACK-MAILM802<\/li>\n<li>PACK-MAILM710<\/li>\n<li>PACK-MAILM801E<\/li>\n<li>PACK-MAIL801GMDSS<\/li>\n<li>PACK-MAILM802<\/li>\n<\/ul>\n<p><strong>Attention : les fixations ne sont pas fournies. N\u00e9cessite : l&#8217;embase de fixation (r\u00e9f: MB-BA15) et la fixation lat\u00e9rale (r\u00e9f: MB-BA210)<\/strong><\/p>\n","protected":false},"excerpt":{"rendered":"<p>Antenne pour BLU<\/p>\n<p>Attention : les fixations ne sont pas fournies. N\u00e9cessite : l&#8217;embase de fixation (r\u00e9f: MB-BA15) et la fixation lat\u00e9rale (r\u00e9f: MB-BA210)<\/p>\n<p><b>Antenne BLU, 1,6 \u00e0 30MHz, 800W, 7 m\u00e8tres, 3 brins, fixations non fournies (n\u00e9cessite: embase de fixation MB-BA15 et fixation lat\u00e9rale MB-BA20)<\/b><\/p>\n","protected":false},"featured_media":2300,"template":"","meta":[],"product_brand":[3077],"product_cat":[3082],"product_tag":[3851,3850,3202,3308],"class_list":{"0":"post-2301","1":"product","2":"type-product","3":"status-publish","4":"has-post-thumbnail","6":"product_brand-icom","7":"product_cat-accessoires-talkies-pro-icom","8":"product_tag-3-brins","9":"product_tag-6-30-mhz","10":"product_tag-antenne","11":"product_tag-blu","13":"first","14":"instock","15":"shipping-taxable","16":"purchasable","17":"product-type-simple"},"_links":{"self":[{"href":"https:\/\/lebrascommunication.fr\/ventes\/wp-json\/wp\/v2\/product\/2301","targetHints":{"allow":["GET"]}}],"collection":[{"href":"https:\/\/lebrascommunication.fr\/ventes\/wp-json\/wp\/v2\/product"}],"about":[{"href":"https:\/\/lebrascommunication.fr\/ventes\/wp-json\/wp\/v2\/types\/product"}],"wp:featuredmedia":[{"embeddable":true,"href":"https:\/\/lebrascommunication.fr\/ventes\/wp-json\/wp\/v2\/media\/2300"}],"wp:attachment":[{"href":"https:\/\/lebrascommunication.fr\/ventes\/wp-json\/wp\/v2\/media?parent=2301"}],"wp:term":[{"taxonomy":"product_brand","embeddable":true,"href":"https:\/\/lebrascommunication.fr\/ventes\/wp-json\/wp\/v2\/product_brand?post=2301"},{"taxonomy":"product_cat","embeddable":true,"href":"https:\/\/lebrascommunication.fr\/ventes\/wp-json\/wp\/v2\/product_cat?post=2301"},{"taxonomy":"product_tag","embeddable":true,"href":"https:\/\/lebrascommunication.fr\/ventes\/wp-json\/wp\/v2\/product_tag?post=2301"}],"curies":[{"name":"wp","href":"https:\/\/api.w.org\/{rel}","templated":true}]}}