{"id":2287,"date":"2018-05-22T16:39:32","date_gmt":"2018-05-22T14:39:32","guid":{"rendered":"https:\/\/lebrascommunication.fr\/ventes\/produit\/antenne-vhf-et-ais-3db\/"},"modified":"2026-02-19T11:50:19","modified_gmt":"2026-02-19T10:50:19","slug":"antenne-vhf-et-ais-3db","status":"publish","type":"product","link":"https:\/\/lebrascommunication.fr\/ventes\/produit\/antenne-vhf-et-ais-3db\/","title":{"rendered":"Antenne VHF et AIS 3db"},"content":{"rendered":"<p><strong>Caract\u00e9ristiques :<\/strong><\/p>\n<ul>\n<li>Longueur : 1,2 m<\/li>\n<li>Filetage : 1\u00a0\u00bb 1\/4<\/li>\n<li>Gain : 3 db<\/li>\n<li>Connecteur : femelle<\/li>\n<\/ul>\n<p><strong><br \/>\nMontages possibles :<\/strong><\/p>\n<ul>\n<li>Equerre MB-BA15533 pour t\u00eate de mat<\/li>\n<li>Rotule MB-BA016 + tube en laiton MB-BA15650<\/li>\n<li>Embase fixe MB-BA197 + tube laiton MB-BA15650<\/li>\n<li>Etrier de fixation acier MB-BA602<\/li>\n<\/ul>\n<p><strong><br \/>\nCompatible avec les bases suivantes :<b style=\"color: #000000;font-family: Verdana, Arial, Helvetica, sans-serif;font-size: small;font-style: normal;letter-spacing: normal;text-align: left;text-indent: 0px;text-transform: none;background-color: #ffffff\">\u00a0<\/b><\/strong><\/p>\n<ul>\n<li>GM-600<\/li>\n<li>IC-M304<\/li>\n<li>IC-M323<\/li>\n<li>IC-M400BB<\/li>\n<li>IC-M401E<\/li>\n<li>IC-M402E<\/li>\n<li>IC-M411<\/li>\n<li>IC-M421<\/li>\n<li>IC-M423<\/li>\n<li>IC-M423G<\/li>\n<li>IC-M45<\/li>\n<li>IC-M501EURO<\/li>\n<li>IC-M503E<\/li>\n<li>IC-M505<\/li>\n<li>IC-M506EUROPLUS<\/li>\n<li>IC-M55<\/li>\n<li>IC-M56<\/li>\n<li>IC-M58<\/li>\n<li>IC-M59<\/li>\n<li>IC-M59EURO<\/li>\n<li>IC-M601<\/li>\n<li>IC-M602<\/li>\n<li>IC-M603<\/li>\n<li>IC-M605EURO<\/li>\n<li>PACK_GM600 (12V et 24V)<\/li>\n<li>PACK-M503E<\/li>\n<li>PACK-M505<\/li>\n<li>PACK-M603<\/li>\n<\/ul>\n<p><strong><br \/>\nCompatible aves les appareils de navigations suivants :<\/strong><\/p>\n<ul>\n<li>MXA-5000<\/li>\n<li>MXG-5000<\/li>\n<li>PACK-MA500TR<\/li>\n<\/ul>\n<p><strong><br \/>\nAttention : livr\u00e9e seule sans c\u00e2ble ni fixations<\/strong><\/p>\n","protected":false},"excerpt":{"rendered":"<p>Antenne\u00a0VHF et AIS<\/p>\n<p>Attention : livr\u00e9e seule, sans c\u00e2ble (r\u00e9f: OPC-BA9018) ni fixations (voir plus bas)<\/p>\n","protected":false},"featured_media":2285,"template":"","meta":[],"product_brand":[3077],"product_cat":[3147],"product_tag":[3866,3202,3232,3280],"class_list":{"0":"post-2287","1":"product","2":"type-product","3":"status-publish","4":"has-post-thumbnail","6":"product_brand-icom","7":"product_cat-accessoires-pour-bases-mobiles-icom","8":"product_tag-ais","9":"product_tag-antenne","10":"product_tag-base","11":"product_tag-vhf","13":"first","14":"instock","15":"shipping-taxable","16":"purchasable","17":"product-type-simple"},"_links":{"self":[{"href":"https:\/\/lebrascommunication.fr\/ventes\/wp-json\/wp\/v2\/product\/2287","targetHints":{"allow":["GET"]}}],"collection":[{"href":"https:\/\/lebrascommunication.fr\/ventes\/wp-json\/wp\/v2\/product"}],"about":[{"href":"https:\/\/lebrascommunication.fr\/ventes\/wp-json\/wp\/v2\/types\/product"}],"wp:featuredmedia":[{"embeddable":true,"href":"https:\/\/lebrascommunication.fr\/ventes\/wp-json\/wp\/v2\/media\/2285"}],"wp:attachment":[{"href":"https:\/\/lebrascommunication.fr\/ventes\/wp-json\/wp\/v2\/media?parent=2287"}],"wp:term":[{"taxonomy":"product_brand","embeddable":true,"href":"https:\/\/lebrascommunication.fr\/ventes\/wp-json\/wp\/v2\/product_brand?post=2287"},{"taxonomy":"product_cat","embeddable":true,"href":"https:\/\/lebrascommunication.fr\/ventes\/wp-json\/wp\/v2\/product_cat?post=2287"},{"taxonomy":"product_tag","embeddable":true,"href":"https:\/\/lebrascommunication.fr\/ventes\/wp-json\/wp\/v2\/product_tag?post=2287"}],"curies":[{"name":"wp","href":"https:\/\/api.w.org\/{rel}","templated":true}]}}