{"id":2279,"date":"2018-04-20T17:23:23","date_gmt":"2018-04-20T15:23:23","guid":{"rendered":"https:\/\/lebrascommunication.fr\/ventes\/produit\/mallette-pelicase-moyenne-2\/"},"modified":"2025-10-23T15:57:53","modified_gmt":"2025-10-23T13:57:53","slug":"mallette-pelicase-moyenne-2","status":"publish","type":"product","link":"https:\/\/lebrascommunication.fr\/ventes\/produit\/mallette-pelicase-moyenne-2\/","title":{"rendered":"Mallette Pelicase 1550"},"content":{"rendered":"<p>Mallette de rangement pouvant accueillir vos radios et leurs chargeurs.<\/p>\n<p><strong>Nous proposons diff\u00e9rents types d&rsquo;am\u00e9nagement :<\/strong><\/p>\n<ol>\n<li>Mallette avec int\u00e9rieur vide<\/li>\n<li>Mallette avec mousse Pelicase : la partie haute est alv\u00e9ol\u00e9e et la partie basse est \u00e0 configurer soi-m\u00eame (la mousse est pr\u00e9d\u00e9coup\u00e9e en blocs)<\/li>\n<li>Mallette avec mousse LBC sur partie haute : mousse d\u00e9coup\u00e9e sur mesure, en fonction du mod\u00e8le de votre talkie. Emplacements pour 10 talkies (+ partie basse libre pouvant accueillir un chargeur 6 alv\u00e9oles.<\/li>\n<\/ol>\n<p>Caract\u00e9ristiques :<\/p>\n<ul>\n<li>Etanche \u00e0 l&rsquo;eau, r\u00e9sistante \u00e0 la poussi\u00e8re et \u00e0 l&rsquo;\u00e9preuve des chocs<\/li>\n<li>Mat\u00e9riel en acier inoxydable<\/li>\n<li>Syst\u00e8me de protection cadenas<\/li>\n<li>Joint torique<\/li>\n<li>Pick N Pluck avec mousse enroul\u00e9e pour le couvercle<\/li>\n<li>Valve d&rsquo;\u00e9quilibrage automatique de pression d&rsquo;air. Equilibre la pression int\u00e9rieure et emp\u00eache la p\u00e9n\u00e9tration d&rsquo;eau<\/li>\n<li>Verrous \u00e0 double tour \u00e0 ouverture facile<\/li>\n<li>Poign\u00e9es confortables en caoutchouc surmoul\u00e9<\/li>\n<li>Fabriqu\u00e9 en Allemagne<\/li>\n<\/ul>\n<p><strong>Dimensions int\u00e9rieures : 47,3 x 36 x 19,6 mm<br \/>\n<\/strong><\/p>\n<p><strong>Dimensions ext\u00e9rieures : 52,5 x 43,5 x 21,6 mm<br \/>\n<\/strong><\/p>\n","protected":false},"excerpt":{"rendered":"<p>Mallette de rangement r\u00e9sistante.<\/p>\n<p>Choisissez l&rsquo;am\u00e9nagement int\u00e9rieur de votre mallette : vide, avec mousse ou am\u00e9nag\u00e9e sur mesure<\/p>\n","protected":false},"featured_media":2269,"template":"","meta":[],"product_brand":[3205],"product_cat":[3163],"product_tag":[3206],"class_list":{"0":"post-2279","1":"product","2":"type-product","3":"status-publish","4":"has-post-thumbnail","6":"product_brand-peli","7":"product_cat-accessoires-talkies-motorola","8":"product_tag-caisse","10":"first","11":"instock","12":"shipping-taxable","13":"purchasable","14":"product-type-simple"},"_links":{"self":[{"href":"https:\/\/lebrascommunication.fr\/ventes\/wp-json\/wp\/v2\/product\/2279","targetHints":{"allow":["GET"]}}],"collection":[{"href":"https:\/\/lebrascommunication.fr\/ventes\/wp-json\/wp\/v2\/product"}],"about":[{"href":"https:\/\/lebrascommunication.fr\/ventes\/wp-json\/wp\/v2\/types\/product"}],"wp:featuredmedia":[{"embeddable":true,"href":"https:\/\/lebrascommunication.fr\/ventes\/wp-json\/wp\/v2\/media\/2269"}],"wp:attachment":[{"href":"https:\/\/lebrascommunication.fr\/ventes\/wp-json\/wp\/v2\/media?parent=2279"}],"wp:term":[{"taxonomy":"product_brand","embeddable":true,"href":"https:\/\/lebrascommunication.fr\/ventes\/wp-json\/wp\/v2\/product_brand?post=2279"},{"taxonomy":"product_cat","embeddable":true,"href":"https:\/\/lebrascommunication.fr\/ventes\/wp-json\/wp\/v2\/product_cat?post=2279"},{"taxonomy":"product_tag","embeddable":true,"href":"https:\/\/lebrascommunication.fr\/ventes\/wp-json\/wp\/v2\/product_tag?post=2279"}],"curies":[{"name":"wp","href":"https:\/\/api.w.org\/{rel}","templated":true}]}}