{"id":2244,"date":"2018-04-15T17:10:44","date_gmt":"2018-04-15T15:10:44","guid":{"rendered":"https:\/\/lebrascommunication.fr\/ventes\/produit\/antenne-vhf-serie-pro\/"},"modified":"2026-02-20T11:01:24","modified_gmt":"2026-02-20T10:01:24","slug":"antenne-vhf-serie-pro","status":"publish","type":"product","link":"https:\/\/lebrascommunication.fr\/ventes\/produit\/antenne-vhf-serie-pro\/","title":{"rendered":"Antenne VHF s\u00e9rie pro"},"content":{"rendered":"<p><strong>Caract\u00e9ristiques :<\/strong><\/p>\n<ul>\n<li>Fr\u00e9quence : 156-163 MHz<\/li>\n<li>Longueur : 2,7 m<\/li>\n<li>Gain : 6 dB<\/li>\n<li>Puissance : 200 W<\/li>\n<li>Fixation sur tube 25 \u00e0 50 mm<\/li>\n<\/ul>\n<p><strong>Compatible avec les bases mobiles marine suivantes :<b style=\"color: #000000;font-family: Verdana, Arial, Helvetica, sans-serif;font-size: small;font-style: normal;letter-spacing: normal;text-align: left;text-indent: 0px;text-transform: none;background-color: #ffffff\">\u00a0<\/b><\/strong><\/p>\n<ul>\n<li>GM600<\/li>\n<li>IC-M605EURO<\/li>\n<li>PACK-GM600 (12V et 24V)<\/li>\n<\/ul>\n<p><strong>Livr\u00e9e avec \u00e9trier, sans c\u00e2ble, sortie PL femelle<\/strong><\/p>\n","protected":false},"excerpt":{"rendered":"<p>Antenne VHF pour les bases mobiles con\u00e7ues pour la marine<\/p>\n<p>Livr\u00e9e avec \u00e9trier, sans c\u00e2ble, sortie PL femelle<\/p>\n","protected":false},"featured_media":2242,"template":"","meta":[],"product_brand":[3077],"product_cat":[3147],"product_tag":[3956,3591,3307,3954,3673,3548,3955,3953],"class_list":{"0":"post-2244","1":"product","2":"type-product","3":"status-publish","4":"has-post-thumbnail","6":"product_brand-icom","7":"product_cat-accessoires-pour-bases-mobiles-icom","8":"product_tag-200-w","9":"product_tag-antenne-vhf","10":"product_tag-bases-mobiles","11":"product_tag-gm600","12":"product_tag-ic-m605euro","13":"product_tag-marine","14":"product_tag-pack-gm600-12v-et-24v","15":"product_tag-serie-pro","17":"first","18":"instock","19":"shipping-taxable","20":"purchasable","21":"product-type-simple"},"_links":{"self":[{"href":"https:\/\/lebrascommunication.fr\/ventes\/wp-json\/wp\/v2\/product\/2244","targetHints":{"allow":["GET"]}}],"collection":[{"href":"https:\/\/lebrascommunication.fr\/ventes\/wp-json\/wp\/v2\/product"}],"about":[{"href":"https:\/\/lebrascommunication.fr\/ventes\/wp-json\/wp\/v2\/types\/product"}],"wp:featuredmedia":[{"embeddable":true,"href":"https:\/\/lebrascommunication.fr\/ventes\/wp-json\/wp\/v2\/media\/2242"}],"wp:attachment":[{"href":"https:\/\/lebrascommunication.fr\/ventes\/wp-json\/wp\/v2\/media?parent=2244"}],"wp:term":[{"taxonomy":"product_brand","embeddable":true,"href":"https:\/\/lebrascommunication.fr\/ventes\/wp-json\/wp\/v2\/product_brand?post=2244"},{"taxonomy":"product_cat","embeddable":true,"href":"https:\/\/lebrascommunication.fr\/ventes\/wp-json\/wp\/v2\/product_cat?post=2244"},{"taxonomy":"product_tag","embeddable":true,"href":"https:\/\/lebrascommunication.fr\/ventes\/wp-json\/wp\/v2\/product_tag?post=2244"}],"curies":[{"name":"wp","href":"https:\/\/api.w.org\/{rel}","templated":true}]}}