{"id":2196,"date":"2018-01-09T13:38:53","date_gmt":"2018-01-09T12:38:53","guid":{"rendered":"https:\/\/lebrascommunication.fr\/ventes\/produit\/ic-a120e\/"},"modified":"2026-03-20T15:49:34","modified_gmt":"2026-03-20T14:49:34","slug":"ic-a120e","status":"publish","type":"product","link":"https:\/\/lebrascommunication.fr\/ventes\/produit\/ic-a120e\/","title":{"rendered":"IC-A120E"},"content":{"rendered":"<p><strong>Emetteur r\u00e9cepteur destin\u00e9 aux v\u00e9hicules de pistes pour des communications sol\/air.<br \/>\n<\/strong><\/p>\n<p><strong>Caract\u00e9ristiques:<\/strong><\/p>\n<ul>\n<li>Conforme \u00e0 la nouvelle r\u00e9glementation : espacement des canaux 8,33 et 25 KHz<\/li>\n<li>Fr\u00e9quences : 118-136 MHz <b style=\"color: #000000;font-family: Verdana, Arial, Helvetica, sans-serif;font-size: small;font-style: normal;letter-spacing: normal;text-align: left;text-indent: 0px;text-transform: none;background-color: #ffffff\"><br \/>\n<\/b><\/li>\n<li>Puissance : 36 W<\/li>\n<li>Ecran haute visibilit\u00e9 avec LCD \u00e0 matrice active<\/li>\n<li>Scanning intelligent<\/li>\n<li>Etanch\u00e9it\u00e9 : IP54 (poussi\u00e8re \/ projections d&rsquo;eau)<\/li>\n<li>Robustesse : MIL-STD-810<\/li>\n<li>Side tone : permet de connecter un casque (avec OPC-871A)<\/li>\n<li>200 canaux<\/li>\n<li>Interface Bluetooth optionnelle permettant une utilisation avec accessoires sans fil compatibles<\/li>\n<li>R\u00e9ducteur de bruit ANC (r\u00e9ducteur de bruit actif)<\/li>\n<li>Face avant \u00e9quip\u00e9e d&rsquo;un haut-parleur (pour une meilleure qualit\u00e9 audio)<\/li>\n<li>Compatible avec protocole CI-V pour contr\u00f4le externe<\/li>\n<li>Adaptable \u00e0 tout type de v\u00e9hicule<\/li>\n<\/ul>\n<p><strong>Bandes de fr\u00e9quence:\u00a0<span class=\"bodycopy\">VHF 118-136 MHz<br \/>\n<\/span><\/strong><\/p>\n<p><strong><span class=\"bodycopy\">Dimensions : 161 x 45 x 175 mm<\/span><\/strong><\/p>\n<p><strong>Poids: 1,5 kg<\/strong><\/p>\n<p>&nbsp;<\/p>\n<p><strong>Le pack standard comprend :<br \/>\n<\/strong><\/p>\n<ul>\n<li>Une base<\/li>\n<li>Un microphone (r\u00e9f: HM-216)<\/li>\n<li>Un berceau de montage<\/li>\n<li>Un support micro<\/li>\n<\/ul>\n<ul>\n<li>Un cordon d&rsquo;alimentation<\/li>\n<li>Des fusibles 15A<\/li>\n<\/ul>\n<h5><strong><span style=\"color: #000000;font-family: Verdana, Arial, Helvetica, sans-serif;font-size: small;font-style: normal;letter-spacing: normal;text-align: left;text-indent: 0px;text-transform: none;background-color: #ffffff;float: none\">\u00a0<\/span><\/strong><\/h5>\n<p>Fabrication japonaise.<\/p>\n<h5>Ce produit est garantit 3 ans. Nos conditions de garantie sont souples (voir les conditions g\u00e9n\u00e9rales de vente).<\/h5>\n<h5><\/h5>\n<h5><\/h5>\n","protected":false},"excerpt":{"rendered":"<p>Base VHF pour l&rsquo;aviation.<\/p>\n<p>R\u00e9pond parfaitement aux besoins des \u00e9quipes de pistes et des services a\u00e9roportuaires.<\/p>\n<p>Espacement des canaux conforme \u00e0 la nouvelle r\u00e9glementation.<\/p>\n","protected":false},"featured_media":2191,"template":"","meta":[],"product_brand":[3077],"product_cat":[3146],"product_tag":[3232,3541,3238,3280],"class_list":{"0":"post-2196","1":"product","2":"type-product","3":"status-publish","4":"has-post-thumbnail","6":"product_brand-icom","7":"product_cat-bases-mobiles-icom","8":"product_tag-base","9":"product_tag-emetteur-recepteur","10":"product_tag-ic-a120e","11":"product_tag-vhf","13":"first","14":"instock","15":"shipping-taxable","16":"purchasable","17":"product-type-simple"},"_links":{"self":[{"href":"https:\/\/lebrascommunication.fr\/ventes\/wp-json\/wp\/v2\/product\/2196","targetHints":{"allow":["GET"]}}],"collection":[{"href":"https:\/\/lebrascommunication.fr\/ventes\/wp-json\/wp\/v2\/product"}],"about":[{"href":"https:\/\/lebrascommunication.fr\/ventes\/wp-json\/wp\/v2\/types\/product"}],"wp:featuredmedia":[{"embeddable":true,"href":"https:\/\/lebrascommunication.fr\/ventes\/wp-json\/wp\/v2\/media\/2191"}],"wp:attachment":[{"href":"https:\/\/lebrascommunication.fr\/ventes\/wp-json\/wp\/v2\/media?parent=2196"}],"wp:term":[{"taxonomy":"product_brand","embeddable":true,"href":"https:\/\/lebrascommunication.fr\/ventes\/wp-json\/wp\/v2\/product_brand?post=2196"},{"taxonomy":"product_cat","embeddable":true,"href":"https:\/\/lebrascommunication.fr\/ventes\/wp-json\/wp\/v2\/product_cat?post=2196"},{"taxonomy":"product_tag","embeddable":true,"href":"https:\/\/lebrascommunication.fr\/ventes\/wp-json\/wp\/v2\/product_tag?post=2196"}],"curies":[{"name":"wp","href":"https:\/\/api.w.org\/{rel}","templated":true}]}}