{"id":2187,"date":"2018-03-27T14:43:53","date_gmt":"2018-03-27T12:43:53","guid":{"rendered":"https:\/\/lebrascommunication.fr\/ventes\/produit\/ic-m330e\/"},"modified":"2026-02-20T11:01:45","modified_gmt":"2026-02-20T10:01:45","slug":"ic-m330e","status":"publish","type":"product","link":"https:\/\/lebrascommunication.fr\/ventes\/produit\/ic-m330e\/","title":{"rendered":"IC-M330E"},"content":{"rendered":"<p><strong>Caract\u00e9ristiques :<\/strong><\/p>\n<ul>\n<li>Disponible en blanc ou en noir<\/li>\n<li>Tr\u00e8s compacte<\/li>\n<li>Prise en main facilit\u00e9 (mise en route sans notice)<\/li>\n<\/ul>\n<ul>\n<li>ASN int\u00e9gr\u00e9 classe D (r\u00e9cepteur d\u00e9di\u00e9)\u00a0 Fonction \u00ab\u00a0Appel S\u00e9lectif Num\u00e9rique\u00a0\u00bb permettant de lancer des appels individuels mais aussi d&rsquo;envoyer un message de d\u00e9tresse aux secours (bouton rouge sur la face de la VHF). Cette VHF est \u00e9quip\u00e9e de 2 r\u00e9cepteurs dont l&rsquo;un est d\u00e9di\u00e9 exclusivement au canal 70 afin de ne rater aucun appel ASN.<\/li>\n<\/ul>\n<ul>\n<li>Ecran r\u00e9tro\u00e9clair\u00e9 HD \u00e0 matrice active<\/li>\n<li>Etanch\u00e9it\u00e9 : IPX7<\/li>\n<li>Puissance : 25W \/ 1W<\/li>\n<li>Haut-parleur : 4,5W<\/li>\n<li>R\u00e9cepteur nouvelle g\u00e9n\u00e9ration ultra performant pour une qualit\u00e9 de communication optimale<\/li>\n<li>Fonction canal pr\u00e9f\u00e9rentiel et fonction balayage s\u00e9lectif (TAG)<\/li>\n<li>Fonction \u00ab\u00a0AquaQuake\u2122\u00a0\u00bb : \u00e9jection d\u2019eau par infrasons, pour \u201cs\u00e9cher\u201d le micro et le haut-parleur<\/li>\n<\/ul>\n<ul>\n<li>Fonctions \u00ab\u00a0position request\u00a0\u00bb et \u00ab\u00a0position report<\/li>\n<li>Compatible avec le transpondeur AIS MA-500TR<\/li>\n<li>Compatible avec le Marine Commander<\/li>\n<\/ul>\n<p><strong>Bandes de fr\u00e9quence:\u00a0<span class=\"bodycopy\">VHF 156-163 MHz<br \/>\n<\/span><\/strong><\/p>\n<p><strong><span class=\"bodycopy\">Dimensions : 156,5 \u00d7 66,5 \u00d7 110,1 mm<br \/>\n<\/span><\/strong><\/p>\n<p><strong>Poids: 1,2 kg<\/strong><\/p>\n<p>&nbsp;<\/p>\n<p><strong>Le pack standard comprend :<br \/>\n<\/strong><\/p>\n<ul>\n<li>Un VHF fixe<\/li>\n<li>Un micro noir \/ blanc (r\u00e9f: HM-235B#21 \/ HM-235W#22)<\/li>\n<\/ul>\n<ul>\n<li>Une notice en fran\u00e7ais<\/li>\n<\/ul>\n<p>Fabrication japonaise.<\/p>\n<p>Ce produit est garantit 3 ans. Nos conditions de garantie sont souples (voir les conditions g\u00e9n\u00e9rales de vente).<\/p>\n","protected":false},"excerpt":{"rendered":"<p><strong>La plus petite VHF du march\u00e9 !<br \/>\n<\/strong><\/p>\n<p><strong>Etanche et avec ASN classse D incorpor\u00e9, elle offre de nombreuse options.<br \/>\n<\/strong><\/p>\n<p><strong>Disponible en blanc ou en noir.<\/strong><\/p>\n","protected":false},"featured_media":2182,"template":"","meta":[],"product_brand":[3077],"product_cat":[3146],"product_tag":[3232,3952,3548,3280],"class_list":{"0":"post-2187","1":"product","2":"type-product","3":"status-publish","4":"has-post-thumbnail","6":"product_brand-icom","7":"product_cat-bases-mobiles-icom","8":"product_tag-base","9":"product_tag-ic-m330e","10":"product_tag-marine","11":"product_tag-vhf","13":"first","14":"instock","15":"shipping-taxable","16":"purchasable","17":"product-type-simple"},"_links":{"self":[{"href":"https:\/\/lebrascommunication.fr\/ventes\/wp-json\/wp\/v2\/product\/2187","targetHints":{"allow":["GET"]}}],"collection":[{"href":"https:\/\/lebrascommunication.fr\/ventes\/wp-json\/wp\/v2\/product"}],"about":[{"href":"https:\/\/lebrascommunication.fr\/ventes\/wp-json\/wp\/v2\/types\/product"}],"wp:featuredmedia":[{"embeddable":true,"href":"https:\/\/lebrascommunication.fr\/ventes\/wp-json\/wp\/v2\/media\/2182"}],"wp:attachment":[{"href":"https:\/\/lebrascommunication.fr\/ventes\/wp-json\/wp\/v2\/media?parent=2187"}],"wp:term":[{"taxonomy":"product_brand","embeddable":true,"href":"https:\/\/lebrascommunication.fr\/ventes\/wp-json\/wp\/v2\/product_brand?post=2187"},{"taxonomy":"product_cat","embeddable":true,"href":"https:\/\/lebrascommunication.fr\/ventes\/wp-json\/wp\/v2\/product_cat?post=2187"},{"taxonomy":"product_tag","embeddable":true,"href":"https:\/\/lebrascommunication.fr\/ventes\/wp-json\/wp\/v2\/product_tag?post=2187"}],"curies":[{"name":"wp","href":"https:\/\/api.w.org\/{rel}","templated":true}]}}