{"id":2176,"date":"2018-01-08T13:42:17","date_gmt":"2018-01-08T12:42:17","guid":{"rendered":"https:\/\/lebrascommunication.fr\/ventes\/produit\/ic-a15s\/"},"modified":"2026-02-19T12:13:52","modified_gmt":"2026-02-19T11:13:52","slug":"ic-a15s","status":"publish","type":"product","link":"https:\/\/lebrascommunication.fr\/ventes\/produit\/ic-a15s\/","title":{"rendered":"IC-A15S"},"content":{"rendered":"<p><strong>Portatif VHF destin\u00e9 \u00e0 un usage au sol.<\/strong><\/p>\n<p><strong>Caract\u00e9ristiques:<\/strong><\/p>\n<ul>\n<li>Fr\u00e9quences : 118-136MHz <b style=\"color: #000000;font-family: Verdana, Arial, Helvetica, sans-serif;font-size: small;font-style: normal;letter-spacing: normal;text-align: left;text-indent: 0px;text-transform: none;background-color: #ffffff\"><br \/>\n<\/b><\/li>\n<li>Puissance : 5W<\/li>\n<li>Amplificateur BTL doublant la sortie audio : une communication claire et forte avec une puissance de 700 mW<\/li>\n<li>Grande autonomie<\/li>\n<li>Espacement des canaux : 25 kHz<\/li>\n<li>Ecran LCD<\/li>\n<li>Extension de fr\u00e9quence possible : Cet \u00e9quipement peuvent \u00eatre d\u00e9brid\u00e9 sur les fr\u00e9quences 118- 143,975 MHz (sur autorisation)<\/li>\n<li>Etanch\u00e9it\u00e9 : IPX4 (projections d&rsquo;eau)<\/li>\n<li>Side tone : permet de connecter sur la radio un casque aviation standard (avec un adaptateur de casque optionnel, OPC-499)<\/li>\n<li>100 canaux<\/li>\n<li>ANL : limiteur automatique du bruit pour r\u00e9duire les parasites<\/li>\n<li>Bo\u00eetier piles BP-261 constitue une batterie de secours id\u00e9ale (6 piles alcalines AA LR6 non fournies)<\/li>\n<\/ul>\n<p><strong><span style=\"text-decoration: underline\">ATTENTION<\/span> : Le convertisseur allume-cigare CP-22 ne se branche pas directement \u00e0 l&rsquo;IC-A15\/S.<\/strong><\/p>\n<p><strong>Bandes de fr\u00e9quence:\u00a0<span class=\"bodycopy\">VHF 118-136 MHz<br \/>\n<\/span><\/strong><\/p>\n<p><strong><span class=\"bodycopy\">Dimensions : 53 x 120 x 36,9 mm<\/span><\/strong><\/p>\n<p><strong>Poids: 350 g (avec batterie BP-232N)<\/strong><\/p>\n<p>&nbsp;<\/p>\n<p><strong>Le pack standard comprend :<br \/>\n<\/strong><\/p>\n<ul>\n<li>Un portatif<\/li>\n<li>Une alimentation secteur (r\u00e9f: BC-174E)<\/li>\n<li>Un chargeur lent (r\u00e9f: BC-179)<\/li>\n<li>Une batterie Li-Ion 2250 mAh (r\u00e9f: BP-232H)<\/li>\n<li>Une antenne flexible VHF 118-136 MHz de type B (r\u00e9f: FA-B02AR)<\/li>\n<\/ul>\n<ul>\n<li>Un clip ceinture crocodile (r\u00e9f: MB-94)<\/li>\n<li>Un guide d&rsquo;utilisation en fran\u00e7ais<\/li>\n<\/ul>\n<h5><strong><span style=\"color: #000000;font-family: Verdana, Arial, Helvetica, sans-serif;font-size: small;font-style: normal;letter-spacing: normal;text-align: left;text-indent: 0px;text-transform: none;background-color: #ffffff;float: none\">\u00a0<\/span><\/strong><\/h5>\n<p>Fabrication japonaise.<\/p>\n<h5>Ce produit est garantit 3 ans. Nos conditions de garantie sont souples (voir les conditions g\u00e9n\u00e9rales de vente).<\/h5>\n<h5><\/h5>\n<h5><\/h5>\n","protected":false},"excerpt":{"rendered":"<p>Radio VHF compacte et l\u00e9g\u00e8re con\u00e7ue pour l&rsquo;aviation, elle est sp\u00e9cialement adapt\u00e9e aux \u00e9quipes au sol.<\/p>\n<p>Cette radio r\u00e9pond \u00e0 la norme MIL-STD-810.<\/p>\n","protected":false},"featured_media":2173,"template":"","meta":[],"product_brand":[3077],"product_cat":[3144],"product_tag":[3306,3597,3563,3280],"class_list":{"0":"post-2176","1":"product","2":"type-product","3":"status-publish","4":"has-post-thumbnail","6":"product_brand-icom","7":"product_cat-talkies-pro-icom-talkies-pro-icom","8":"product_tag-5w","9":"product_tag-aviation","10":"product_tag-ic-a15s","11":"product_tag-vhf","13":"first","14":"instock","15":"shipping-taxable","16":"purchasable","17":"product-type-simple"},"_links":{"self":[{"href":"https:\/\/lebrascommunication.fr\/ventes\/wp-json\/wp\/v2\/product\/2176","targetHints":{"allow":["GET"]}}],"collection":[{"href":"https:\/\/lebrascommunication.fr\/ventes\/wp-json\/wp\/v2\/product"}],"about":[{"href":"https:\/\/lebrascommunication.fr\/ventes\/wp-json\/wp\/v2\/types\/product"}],"wp:featuredmedia":[{"embeddable":true,"href":"https:\/\/lebrascommunication.fr\/ventes\/wp-json\/wp\/v2\/media\/2173"}],"wp:attachment":[{"href":"https:\/\/lebrascommunication.fr\/ventes\/wp-json\/wp\/v2\/media?parent=2176"}],"wp:term":[{"taxonomy":"product_brand","embeddable":true,"href":"https:\/\/lebrascommunication.fr\/ventes\/wp-json\/wp\/v2\/product_brand?post=2176"},{"taxonomy":"product_cat","embeddable":true,"href":"https:\/\/lebrascommunication.fr\/ventes\/wp-json\/wp\/v2\/product_cat?post=2176"},{"taxonomy":"product_tag","embeddable":true,"href":"https:\/\/lebrascommunication.fr\/ventes\/wp-json\/wp\/v2\/product_tag?post=2176"}],"curies":[{"name":"wp","href":"https:\/\/api.w.org\/{rel}","templated":true}]}}