{"id":2164,"date":"2018-01-08T11:48:33","date_gmt":"2018-01-08T10:48:33","guid":{"rendered":"https:\/\/lebrascommunication.fr\/ventes\/produit\/ic-a6e\/"},"modified":"2026-02-13T11:22:50","modified_gmt":"2026-02-13T10:22:50","slug":"ic-a6e","status":"publish","type":"product","link":"https:\/\/lebrascommunication.fr\/ventes\/produit\/ic-a6e\/","title":{"rendered":"IC-A6E"},"content":{"rendered":"<p><strong>Portatif VHF destin\u00e9 \u00e0 un usage au sol.<\/strong><\/p>\n<p><strong>Caract\u00e9ristiques:<\/strong><\/p>\n<ul>\n<li>Conforme \u00e0 la nouvelle r\u00e9glementation : espacement des canaux 8,33 et 25 KHz<\/li>\n<li>Fr\u00e9quences : 118-136MHz <b style=\"color: #000000;font-family: Verdana, Arial, Helvetica, sans-serif;font-size: small;font-style: normal;letter-spacing: normal;text-align: left;text-indent: 0px;text-transform: none;background-color: #ffffff\"><br \/>\n<\/b><\/li>\n<li>Puissance : 5W<\/li>\n<li>Ecran LCD et clavier (affichage jour\/nuit)<\/li>\n<li>Fonction \u00ab\u00a0Flip-Flop\u00a0\u00bb : m\u00e9morise automatiquement les 10 derniers canaux utilis\u00e9s. Ces derniers pouvant \u00eatre rappel\u00e9s par simple pression des touches<\/li>\n<li>Etanch\u00e9it\u00e9 : IPX4 (projections d&rsquo;eau)<\/li>\n<li>Side tone : permet de connecter sur la radio un casque aviation standard (avec un adaptateur de casque optionnel, OPC-499)<\/li>\n<li>Touche sp\u00e9cifique pour la fr\u00e9quence de d\u00e9tresse (121,5 MHz)<\/li>\n<li>200 canaux<\/li>\n<li>\u00a0Batteries optionnelles Ni-Cd et Li-Ion<\/li>\n<li>Balayage rapide des canaux<\/li>\n<li>ANL : limiteur automatique du bruit pour r\u00e9duire les parasites<\/li>\n<li>Prise d\u2019alimentation externe : une prise jack permet une utilisation pendant la charge soit directement dans l&rsquo;avion avec allume cigare r\u00e9f\u00e9renc\u00e9 CP-20 (utiliser imp\u00e9rativement cet accessoire sp\u00e9cifique \u00e9quip\u00e9 d&rsquo;un r\u00e9gulateur); soit au sol avec le chargeur mural BC-167SD.<\/li>\n<\/ul>\n<p><strong><span style=\"text-decoration: underline\">ATTENTION<\/span> : La batterie Li-Ion 1800 mAh BP-211N ne peut pas \u00eatre charg\u00e9e par le chargeur BC-110D, elle ne peut se charger qu&rsquo;avec le BC-119N + AD-101.<\/strong><\/p>\n<p><strong>Bandes de fr\u00e9quence:\u00a0<span class=\"bodycopy\">VHF 118-136 MHz<br \/>\n<\/span><\/strong><\/p>\n<p><strong><span class=\"bodycopy\">Dimensions : 54 x 129,3 x 35,5 mm<\/span><\/strong><\/p>\n<p><strong>Poids: 430 g (avec batterie BP-210N)<\/strong><\/p>\n<p>&nbsp;<\/p>\n<p><strong>Le pack standard comprend :<br \/>\n<\/strong><\/p>\n<ul>\n<li>Un portatif<\/li>\n<li>Un chargeur mural 12V (r\u00e9f: BC-167SD)<\/li>\n<li>Une batterie Ni-Mh 1650 mAh (r\u00e9f: BP-210N)<\/li>\n<li>Une antenne flexible VHF\u00a0118-136 MHz de type B (r\u00e9f: FA-B02AR)<\/li>\n<\/ul>\n<ul>\n<li>Un clip ceinture crocodile (r\u00e9f: MB-103)<\/li>\n<li>Un guide d&rsquo;utilisation en fran\u00e7ais<\/li>\n<\/ul>\n<h5><strong><span style=\"color: #000000;font-family: Verdana, Arial, Helvetica, sans-serif;font-size: small;font-style: normal;letter-spacing: normal;text-align: left;text-indent: 0px;text-transform: none;background-color: #ffffff;float: none\">\u00a0<\/span><\/strong><\/h5>\n<p>Ce produit est garantit 3 ans. Nos conditions de garantie sont souples (voir les conditions g\u00e9n\u00e9rales de vente).<\/p>\n<h5><\/h5>\n<h5><\/h5>\n","protected":false},"excerpt":{"rendered":"<p>Consid\u00e9r\u00e9e comme la r\u00e9f\u00e9rence des communications sol \/ air, cette radio combine \u00e0 la fois fiabilit\u00e9, simplicit\u00e9 d\u2019utilisation et fonctionnalit\u00e9s avanc\u00e9es.<\/p>\n<p>Cette radio r\u00e9pond \u00e0 la norme MIL-STD810.<\/p>\n","protected":false},"featured_media":2160,"template":"","meta":[],"product_brand":[3077],"product_cat":[3144],"product_tag":[3291,3280],"class_list":{"0":"post-2164","1":"product","2":"type-product","3":"status-publish","4":"has-post-thumbnail","6":"product_brand-icom","7":"product_cat-talkies-pro-icom-talkies-pro-icom","8":"product_tag-ic-a6e","9":"product_tag-vhf","11":"first","12":"instock","13":"shipping-taxable","14":"purchasable","15":"product-type-simple"},"_links":{"self":[{"href":"https:\/\/lebrascommunication.fr\/ventes\/wp-json\/wp\/v2\/product\/2164","targetHints":{"allow":["GET"]}}],"collection":[{"href":"https:\/\/lebrascommunication.fr\/ventes\/wp-json\/wp\/v2\/product"}],"about":[{"href":"https:\/\/lebrascommunication.fr\/ventes\/wp-json\/wp\/v2\/types\/product"}],"wp:featuredmedia":[{"embeddable":true,"href":"https:\/\/lebrascommunication.fr\/ventes\/wp-json\/wp\/v2\/media\/2160"}],"wp:attachment":[{"href":"https:\/\/lebrascommunication.fr\/ventes\/wp-json\/wp\/v2\/media?parent=2164"}],"wp:term":[{"taxonomy":"product_brand","embeddable":true,"href":"https:\/\/lebrascommunication.fr\/ventes\/wp-json\/wp\/v2\/product_brand?post=2164"},{"taxonomy":"product_cat","embeddable":true,"href":"https:\/\/lebrascommunication.fr\/ventes\/wp-json\/wp\/v2\/product_cat?post=2164"},{"taxonomy":"product_tag","embeddable":true,"href":"https:\/\/lebrascommunication.fr\/ventes\/wp-json\/wp\/v2\/product_tag?post=2164"}],"curies":[{"name":"wp","href":"https:\/\/api.w.org\/{rel}","templated":true}]}}