{"id":2161,"date":"2018-03-07T16:43:08","date_gmt":"2018-03-07T15:43:08","guid":{"rendered":"https:\/\/lebrascommunication.fr\/ventes\/produit\/mallette-pelicase-moyenne\/"},"modified":"2025-10-23T16:31:59","modified_gmt":"2025-10-23T14:31:59","slug":"mallette-pelicase-moyenne","status":"publish","type":"product","link":"https:\/\/lebrascommunication.fr\/ventes\/produit\/mallette-pelicase-moyenne\/","title":{"rendered":"Mallette Pelicase 1500"},"content":{"rendered":"<p>Mallette de rangement pouvant accueillir vos radios et leurs chargeurs.<\/p>\n<p><strong>Nous proposons diff\u00e9rents types d&rsquo;am\u00e9nagement :<\/strong><\/p>\n<ol>\n<li>Mallette avec int\u00e9rieur vide<\/li>\n<li>Mallette avec mousse Pelicase : la partie haute est alv\u00e9ol\u00e9e et la partie basse est \u00e0 configurer soi-m\u00eame (la mousse est pr\u00e9d\u00e9coup\u00e9e en blocs)<\/li>\n<li>Mallette avec mousse LBC sur partie haute : mousse d\u00e9coup\u00e9e sur mesure, en fonction du mod\u00e8le de votre talkie. Emplacements pour 6 talkies et 4 batteries suppl\u00e9mentaires (+ partie basse libre)<\/li>\n<li>Mallette avec mousse LBC sur partie haute et basse : mousse d\u00e9coup\u00e9e int\u00e9gralement sur mesure\u00a0en fonction du mod\u00e8le de votre talkie et des chargeurs. Partie haute : emplacements pour 6 talkies et 4 batteries suppl\u00e9mentaires.\u00a0 Partie basse : emplacement pour 3 chargeurs (attention : chargeurs et alimentations non compris)<\/li>\n<li>Mallette avec am\u00e9nagement complet : mousse d\u00e9coup\u00e9e int\u00e9gralement sur mesure\u00a0en fonction du mod\u00e8le de votre talkie. Partie haute : emplacements pour 6 talkies et 4 batteries suppl\u00e9mentaires.\u00a0 Partie basse : emplacement pour 3 chargeurs avec alimentations d\u00e9j\u00e0 int\u00e9gr\u00e9es (attention : chargeurs non compris)<\/li>\n<li>Mallette avec am\u00e9nagement complet et chargeurs int\u00e9gr\u00e9s : mousse d\u00e9coup\u00e9e int\u00e9gralement sur mesure\u00a0en fonction du mod\u00e8le de votre talkie. Partie haute : emplacements pour 6 talkies et 4 batteries suppl\u00e9mentaires.\u00a0 Partie basse : 3 chargeurs individuels avec alimentations int\u00e9gr\u00e9es<\/li>\n<\/ol>\n<p>Caract\u00e9ristiques :<\/p>\n<ul>\n<li>Etanche \u00e0 l&rsquo;eau, r\u00e9sistante \u00e0 la poussi\u00e8re et \u00e0 l&rsquo;\u00e9preuve des chocs<\/li>\n<li>Mat\u00e9riel en acier inoxydable<\/li>\n<li>Syst\u00e8me de protection cadenas<\/li>\n<li>Joint torique<\/li>\n<li>Pick N Pluck avec mousse enroul\u00e9e pour le couvercle<\/li>\n<li>Valve d&rsquo;\u00e9quilibrage automatique de pression d&rsquo;air. Equilibre la pression int\u00e9rieure et emp\u00eache la p\u00e9n\u00e9tration d&rsquo;eau<\/li>\n<li>Verrous \u00e0 double tour \u00e0 ouverture facile<\/li>\n<li>Poign\u00e9es confortables en caoutchouc surmoul\u00e9<\/li>\n<li>Fabriqu\u00e9 en Allemagne<\/li>\n<\/ul>\n<p><strong>Dimensions int\u00e9rieures : 42,8 x 28,6 x 15,5 mm<\/strong><\/p>\n<p><strong>Dimensions ext\u00e9rieures : 47,1 x 35,7 x 17,5 mm<\/strong><\/p>\n<p><strong>Attention : les chargeurs 6 alv\u00e9oles ne rentrent pas<\/strong><\/p>\n","protected":false},"excerpt":{"rendered":"<p>Mallette de rangement r\u00e9sistante.<\/p>\n<p>Choisissez l&rsquo;am\u00e9nagement int\u00e9rieur de votre mallette : vide, avec mousse ou am\u00e9nag\u00e9e sur mesure<\/p>\n","protected":false},"featured_media":2145,"template":"","meta":[],"product_brand":[3205],"product_cat":[3163],"product_tag":[3206,3213],"class_list":{"0":"post-2161","1":"product","2":"type-product","3":"status-publish","4":"has-post-thumbnail","6":"product_brand-peli","7":"product_cat-accessoires-talkies-motorola","8":"product_tag-caisse","9":"product_tag-chargeur","11":"first","12":"instock","13":"shipping-taxable","14":"purchasable","15":"product-type-simple"},"_links":{"self":[{"href":"https:\/\/lebrascommunication.fr\/ventes\/wp-json\/wp\/v2\/product\/2161","targetHints":{"allow":["GET"]}}],"collection":[{"href":"https:\/\/lebrascommunication.fr\/ventes\/wp-json\/wp\/v2\/product"}],"about":[{"href":"https:\/\/lebrascommunication.fr\/ventes\/wp-json\/wp\/v2\/types\/product"}],"wp:featuredmedia":[{"embeddable":true,"href":"https:\/\/lebrascommunication.fr\/ventes\/wp-json\/wp\/v2\/media\/2145"}],"wp:attachment":[{"href":"https:\/\/lebrascommunication.fr\/ventes\/wp-json\/wp\/v2\/media?parent=2161"}],"wp:term":[{"taxonomy":"product_brand","embeddable":true,"href":"https:\/\/lebrascommunication.fr\/ventes\/wp-json\/wp\/v2\/product_brand?post=2161"},{"taxonomy":"product_cat","embeddable":true,"href":"https:\/\/lebrascommunication.fr\/ventes\/wp-json\/wp\/v2\/product_cat?post=2161"},{"taxonomy":"product_tag","embeddable":true,"href":"https:\/\/lebrascommunication.fr\/ventes\/wp-json\/wp\/v2\/product_tag?post=2161"}],"curies":[{"name":"wp","href":"https:\/\/api.w.org\/{rel}","templated":true}]}}