{"id":2146,"date":"2018-01-05T11:54:44","date_gmt":"2018-01-05T10:54:44","guid":{"rendered":"https:\/\/lebrascommunication.fr\/ventes\/produit\/ic-a6frii\/"},"modified":"2026-01-07T14:13:24","modified_gmt":"2026-01-07T13:13:24","slug":"ic-a6frii","status":"publish","type":"product","link":"https:\/\/lebrascommunication.fr\/ventes\/produit\/ic-a6frii\/","title":{"rendered":"IC-A6FRII"},"content":{"rendered":"<p><strong><strong>Ces \u00e9metteurs-r\u00e9cepteurs sont les seuls portables agr\u00e9\u00e9s par l&rsquo;administration pour \u00eatre utilis\u00e9s comme radio principale d\u2019un a\u00e9ronef de type ULM, CNRA, CNRAC ou CNSK. Ces \u00e9quipements peuvent figurer sur la liste LSA des \u00e9quipements de bord et sont d\u00e9livr\u00e9s avec JAA FORM ONE. <\/strong><\/strong><\/p>\n<p><strong>Caract\u00e9ristiques:<\/strong><\/p>\n<ul>\n<li>Agr\u00e9\u00e9 DGAC : utilisable en radio principale embarqu\u00e9e avec d\u00e9livrance JAA FORM ONE<\/li>\n<li>Conforme \u00e0 la nouvelle r\u00e9glementation : espacement des canaux 8,33 et 25 KHz<\/li>\n<li>Fr\u00e9quences : 118-136MHz <b style=\"color: #000000; font-family: Verdana, Arial, Helvetica, sans-serif; font-size: small; font-style: normal; letter-spacing: normal; text-align: left; text-indent: 0px; text-transform: none; white-space: normal; word-spacing: 0px; background-color: #ffffff;\"><br \/>\n<\/b><\/li>\n<li>Puissance : 5W<\/li>\n<li>Ecran LCD et clavier<\/li>\n<li>Fonction \u00ab\u00a0Flip-Flop\u00a0\u00bb : m\u00e9morise automatiquement les 10 derniers canaux utilis\u00e9s. Ces derniers pouvant \u00eatre rappel\u00e9s par simple pression des touches<\/li>\n<li>Etanch\u00e9it\u00e9 : IPX4 (projections d&rsquo;eau)<\/li>\n<li>Side tone : permet de connecter sur la radio un casque aviation standard (avec un adaptateur de casque optionnel, OPC-499)<\/li>\n<li>Touche sp\u00e9cifique pour la fr\u00e9quence de d\u00e9tresse (121,5 MHz)<\/li>\n<li>200 canaux<\/li>\n<li>\u00a0Batteries optionnelles Ni-Cd et Li-Ion<\/li>\n<li>Balayage rapide des canaux<\/li>\n<li>\u00a0ANL : limiteur automatique du bruit pour r\u00e9duire les parasites<\/li>\n<li>Prise d\u2019alimentation externe : une prise jack permet une utilisation pendant la charge soit directement dans l&rsquo;avion avec allume cigare r\u00e9f\u00e9renc\u00e9 CP-20 (utiliser imp\u00e9rativement cet accessoire sp\u00e9cifique \u00e9quip\u00e9 d&rsquo;un r\u00e9gulateur); soit au sol avec le chargeur mural BC-167SD.<\/li>\n<\/ul>\n<p><strong>Bandes de fr\u00e9quence:\u00a0<span class=\"bodycopy\">VHF 118-136 MHz<br \/>\n<\/span><\/strong><\/p>\n<p><strong><span class=\"bodycopy\">Dimensions : 54 x 129,3 x 35,5 mm<\/span><\/strong><\/p>\n<p><strong>Poids: 430 g (avec batterie BP-210N)<\/strong><\/p>\n<p>&nbsp;<\/p>\n<p><strong>Le pack standard comprend :<br \/>\n<\/strong><\/p>\n<ul>\n<li>Un portatif<\/li>\n<li>Un chargeur mural 12V (r\u00e9f: BC-167SD)<\/li>\n<li>Une batterie Ni-Mh 1650 mAh (r\u00e9f: BP-210N)<\/li>\n<li>Un convertisseur allume cigare 11\/24V (r\u00e9f: CP-20)<\/li>\n<li>Une antenne flexible VHF\u00a0118-136 MHz de type B (r\u00e9f: FA-B02AR)<\/li>\n<\/ul>\n<ul>\n<li>Un filtre antenne r\u00e9jecteur FM (r\u00e9f: FL-IFFM2)<\/li>\n<\/ul>\n<ul>\n<li>Un clip ceinture crocodile (r\u00e9f: MB-103)<\/li>\n<li>Un guide d&rsquo;utilisation en fran\u00e7ais<\/li>\n<\/ul>\n<p>Ce produit est garantit 3 ans. Nos conditions de garantie sont souples (voir les conditions g\u00e9n\u00e9rales de vente).<\/p>\n<h5><\/h5>\n<h5><\/h5>\n","protected":false},"excerpt":{"rendered":"<p><strong>La nouvelle r\u00e9f\u00e9rence des pilotes !<br \/>\n<\/strong><\/p>\n<p><strong>Les radios IC-A6FRII et IC-A24FRII sont les seules VHF portables agr\u00e9es DGAC<br \/>\n<\/strong><\/p>\n<p><strong>Nouvelles versions,\u00a0<\/strong>ces mod\u00e8les remplacent d\u00e9sormais les mod\u00e8les IC-A6FR et IC-A24FR<\/p>\n<p>Existe en version adapt\u00e9e \u00e0 la marine : IC-A6FRIIM<\/p>\n","protected":false},"featured_media":2106,"template":"","meta":[],"product_brand":[3077],"product_cat":[3144],"product_tag":[3293],"class_list":{"0":"post-2146","1":"product","2":"type-product","3":"status-publish","4":"has-post-thumbnail","6":"product_brand-icom","7":"product_cat-talkies-pro-icom-talkies-pro-icom","8":"product_tag-ic-a6frii","10":"first","11":"instock","12":"shipping-taxable","13":"purchasable","14":"product-type-simple"},"_links":{"self":[{"href":"https:\/\/lebrascommunication.fr\/ventes\/wp-json\/wp\/v2\/product\/2146","targetHints":{"allow":["GET"]}}],"collection":[{"href":"https:\/\/lebrascommunication.fr\/ventes\/wp-json\/wp\/v2\/product"}],"about":[{"href":"https:\/\/lebrascommunication.fr\/ventes\/wp-json\/wp\/v2\/types\/product"}],"wp:featuredmedia":[{"embeddable":true,"href":"https:\/\/lebrascommunication.fr\/ventes\/wp-json\/wp\/v2\/media\/2106"}],"wp:attachment":[{"href":"https:\/\/lebrascommunication.fr\/ventes\/wp-json\/wp\/v2\/media?parent=2146"}],"wp:term":[{"taxonomy":"product_brand","embeddable":true,"href":"https:\/\/lebrascommunication.fr\/ventes\/wp-json\/wp\/v2\/product_brand?post=2146"},{"taxonomy":"product_cat","embeddable":true,"href":"https:\/\/lebrascommunication.fr\/ventes\/wp-json\/wp\/v2\/product_cat?post=2146"},{"taxonomy":"product_tag","embeddable":true,"href":"https:\/\/lebrascommunication.fr\/ventes\/wp-json\/wp\/v2\/product_tag?post=2146"}],"curies":[{"name":"wp","href":"https:\/\/api.w.org\/{rel}","templated":true}]}}