{"id":2104,"date":"2018-01-03T15:36:37","date_gmt":"2018-01-03T14:36:37","guid":{"rendered":"https:\/\/lebrascommunication.fr\/ventes\/produit\/telephone-pti-twig-protector-3g-avec-recepteur-radio\/"},"modified":"2026-03-23T14:29:02","modified_gmt":"2026-03-23T13:29:02","slug":"telephone-pti-twig-protector-3g-avec-recepteur-radio","status":"publish","type":"product","link":"https:\/\/lebrascommunication.fr\/ventes\/produit\/telephone-pti-twig-protector-3g-avec-recepteur-radio\/","title":{"rendered":"T\u00e9l\u00e9phone PTI TWIG PROTECTOR 3G avec r\u00e9cepteur radio"},"content":{"rendered":"<div>\n<p>T\u00e9l\u00e9phone durci DATI (dispositif d&rsquo;alerte travailleur isol\u00e9)<\/p>\n<p><strong>Pack standard:<\/strong><\/p>\n<ul>\n<li>Batterie Li-ion 1350mAh<\/li>\n<li>Coque ABS clip ceinture<\/li>\n<li>Chargeur standard<\/li>\n<li>C\u00e2ble USB<\/li>\n<li>Station d&rsquo;accueil de chargement<\/li>\n<li>Guide de d\u00e9marrage rapide<\/li>\n<\/ul>\n<p><strong>Caract\u00e9ristiques:<\/strong><\/p>\n<ul>\n<li>\u00c9tanche et re\u0301sistant aux chocs &#8211; Norme IP67<\/li>\n<li>Fonction t\u00e9l\u00e9phone experte : Autorise les appels vers 4 num\u00e9ros pr\u00e9d\u00e9finis et la r\u00e9ception d&rsquo;appels (libre ou restreinte)<\/li>\n<li>Vibreur ou mode mains libres<\/li>\n<li>GSM 4 bandes (850\/900\/1800\/1900 Mhz)<\/li>\n<li>Ecran de contr\u00f4le LCD<\/li>\n<li>Compatible tous ope\u0301rateurs<\/li>\n<li>Batterie : Li-ion 1350 mAh<\/li>\n<li>Recharge par station d&rsquo;accueil<\/li>\n<li>Temp\u00e9rature d&rsquo;utilisation : -20\u00b0 \u00e0 +50\u00b0<\/li>\n<li>Compatible 2G \/ 3G<\/li>\n<li>Compatible service Easy-Alert<\/li>\n<li>GPS (*)<\/li>\n<\/ul>\n<p>(*) Ces fonctions sont en option.<\/p>\n<p><strong>Fonctions DATI:<\/strong><\/p>\n<ul>\n<li>Bouton d\u2019alarme volontaire SOS<\/li>\n<li>Fonction pr\u00e9sence de vie<\/li>\n<li>2 modes de de\u0301tection automatiques : perte de verticalite\u0301 ou absence de mouvement<\/li>\n<li>2 choix de temporisations de de\u0301tection automatique et de pre\u0301-alarme sonore<\/li>\n<li>Avertissement batterie faible<\/li>\n<li>Supervisable en temps r\u00e9el via un logiciel en ligne (webservice) ou par t\u00e9l\u00e9surveillance (selon protocole)<\/li>\n<li>Suite \u00e0 un d\u00e9clenchement d\u2019alarme volontaire ou automatique :<br \/>\n&#8211; Cascade d\u2019appels s\u00e9curis\u00e9e (tous les num\u00e9ros sont appel\u00e9s) vers 10 num\u00e9ros<br \/>\n&#8211; Mode mains libres automatiquement activ\u00e9<br \/>\n&#8211; A l\u2019issue des alarmes automatiques, d\u00e9clenchement d\u2019une sir\u00e8ne de localisation ((balise sonore) pour l\u2019aide \u00e0 la recherche d\u2019une personne inconsciente<\/li>\n<\/ul>\n<p><strong>Autonomie en communication \/ veille : max. 12h \/ max. 200h<\/strong><\/p>\n<p><strong>Dimensions: 18 x 45 x 94 mm<br \/>\n<\/strong><\/p>\n<p><strong>Poids : 89 g<\/strong><\/p>\n<p><strong>Fabrication Europ\u00e9enne<\/strong><\/p>\n<p>Ce produit est garanti 3 ans<\/p>\n<\/div>\n","protected":false},"excerpt":{"rendered":"<p>Le TWIG PROTECTOR avec r\u00e9cepteur radio permet la localisation en ext\u00e9rieur et son r\u00e9cepteur radio associ\u00e9 \u00e0 des balises permet de maintenir la g\u00e9olocalisation int\u00e9rieure comme ext\u00e9rieure.<\/p>\n<p>Les balises autonomes sans c\u00e2blage permettent en cas d\u2019alarme, la localisation n\u2019importe o\u00f9 dans un b\u00e2timent.<\/p>\n<p>Ce GSM est \u00e9galement disponible en version ATEX.<\/p>\n","protected":false},"featured_media":2097,"template":"","meta":[],"product_brand":[3601],"product_cat":[145],"product_tag":[3869,3943,3944],"class_list":{"0":"post-2104","1":"product","2":"type-product","3":"status-publish","4":"has-post-thumbnail","6":"product_brand-twig","7":"product_cat-gsm-pti","8":"product_tag-3g","9":"product_tag-telephone-durci-dati","10":"product_tag-telephone-pti","12":"first","13":"instock","14":"shipping-taxable","15":"purchasable","16":"product-type-simple"},"_links":{"self":[{"href":"https:\/\/lebrascommunication.fr\/ventes\/wp-json\/wp\/v2\/product\/2104","targetHints":{"allow":["GET"]}}],"collection":[{"href":"https:\/\/lebrascommunication.fr\/ventes\/wp-json\/wp\/v2\/product"}],"about":[{"href":"https:\/\/lebrascommunication.fr\/ventes\/wp-json\/wp\/v2\/types\/product"}],"wp:featuredmedia":[{"embeddable":true,"href":"https:\/\/lebrascommunication.fr\/ventes\/wp-json\/wp\/v2\/media\/2097"}],"wp:attachment":[{"href":"https:\/\/lebrascommunication.fr\/ventes\/wp-json\/wp\/v2\/media?parent=2104"}],"wp:term":[{"taxonomy":"product_brand","embeddable":true,"href":"https:\/\/lebrascommunication.fr\/ventes\/wp-json\/wp\/v2\/product_brand?post=2104"},{"taxonomy":"product_cat","embeddable":true,"href":"https:\/\/lebrascommunication.fr\/ventes\/wp-json\/wp\/v2\/product_cat?post=2104"},{"taxonomy":"product_tag","embeddable":true,"href":"https:\/\/lebrascommunication.fr\/ventes\/wp-json\/wp\/v2\/product_tag?post=2104"}],"curies":[{"name":"wp","href":"https:\/\/api.w.org\/{rel}","templated":true}]}}