{"id":2072,"date":"2018-01-03T11:53:55","date_gmt":"2018-01-03T10:53:55","guid":{"rendered":"https:\/\/lebrascommunication.fr\/ventes\/produit\/telephone-pti-mgex310-2\/"},"modified":"2026-03-23T14:28:07","modified_gmt":"2026-03-23T13:28:07","slug":"telephone-pti-mgex310-2","status":"publish","type":"product","link":"https:\/\/lebrascommunication.fr\/ventes\/produit\/telephone-pti-mgex310-2\/","title":{"rendered":"T\u00e9l\u00e9phone PTI MGEX310.2-PTI ATEX (Zone 2\/22)"},"content":{"rendered":"<p>Le MGEX310.2-PTI pr\u00e9sente une arborescence de menus simple, avec une ergonomie d\u2019utilisation optimis\u00e9e alliant clavier physique et \u00e9cran tactile, pour une mise en service en moins de 5 minutes.<\/p>\n<p><strong>Pack standard:<\/strong><\/p>\n<ul>\n<li>Batterie Li-ion 3600mAh<\/li>\n<li>Coque ABS clip ceinture<\/li>\n<li>Chargeur standard<\/li>\n<li>C\u00e2ble USB<\/li>\n<li>Station d&rsquo;accueil de chargement (inclut un logement pour la charge d&rsquo;une deuxi\u00e8me batterie)<\/li>\n<li>Kit pi\u00e9ton filaire<\/li>\n<li>Guide de d\u00e9marrage rapide<\/li>\n<\/ul>\n<p><strong>Caract\u00e9ristiques:<\/strong><\/p>\n<ul>\n<li>\u00c9tanche et re\u0301sistant aux chocs &#8211; Norme IP68 (submersible)<\/li>\n<li>GSM 850\/900\/1800\/1900 MHz<\/li>\n<li>Compatible tous ope\u0301rateurs<\/li>\n<li>Batterie : Li-ion 3600 mAh<\/li>\n<li>Recharge par station d&rsquo;accueil<\/li>\n<li>Ecran tactile 2,4 pouces)<\/li>\n<li>Double SIM<\/li>\n<li>M\u00e9moire interne : 4 Go<\/li>\n<li>Micro-SD jusqu\u2019a\u0300 32 Go (carte optionnelle)<\/li>\n<li>Wifi<\/li>\n<li>Bluetooth 4.0<\/li>\n<li>Lampe torche<\/li>\n<li>Haut parleur puissant<\/li>\n<li>Appareil photo et came\u0301ra 5 Me\u0301gapixels avec flash (frontal 0.3 MP)<\/li>\n<li>De\u0301bit d&rsquo;Absorption Spe\u0301cifique D.A.S. : 0,606 W\/Kg<\/li>\n<li>Temp\u00e9ratures d&rsquo;utilisation : -20\u00b0C \u00e0 +60\u00b0C<\/li>\n<li>OS Android 4.2<\/li>\n<li>Connectivit\u00e9 2G \/ 3G<\/li>\n<li>Compatible service Easy-Alerte<\/li>\n<li>GPS int\u00e9gr\u00e9<\/li>\n<\/ul>\n<p><strong>Fonctions DATI:<\/strong><\/p>\n<ul>\n<li>2 Boutons d\u2019alarme volontaire SOS<\/li>\n<li>Programmation des fonctions PTI directement sur le te\u0301le\u0301phone via un menu se\u0301curise\u0301 par mot de passe<\/li>\n<li>5 modes de de\u0301tection automatique associant la perte de verticalite\u0301 et l&rsquo;absence de mouvement<\/li>\n<li>5 types de traitements d&rsquo;alarme bas\u00e9s sur la cascade d&rsquo;appels et l&rsquo;envoi de SMS<\/li>\n<li>S\u00e9curit\u00e9 renforc\u00e9e incluant 3 niveaux de contr\u00f4le et une proc\u00e9dure d&rsquo;autotest<\/li>\n<li>Avertissement batterie faible<\/li>\n<\/ul>\n<p><strong>Caract\u00e9ristiques ATEX :<\/strong><\/p>\n<ul>\n<li>Zone 2\/22<\/li>\n<li>II 3G Ex ic IIC T4 Gc<\/li>\n<li>II 3D Ex ic IIIB T135\u00b0C Dc<\/li>\n<\/ul>\n<p><strong>Autonomie en communication \/ veille : max. 10h \/ max. 300h<br \/>\n<\/strong><\/p>\n<p><strong>Temps de charge : 4 heures<\/strong><\/p>\n<p><strong>Dimensions: 26 x 63 x 140 mm<br \/>\n<\/strong><\/p>\n<p><strong>Poids : 230 g<\/strong><\/p>\n<p><strong>Ce produit est garanti 2 ans<\/strong><\/p>\n","protected":false},"excerpt":{"rendered":"<p>Le MGEX310.2-PTI est un t\u00e9l\u00e9phone mobile ATEX r\u00e9solument innovant qui combine des outils professionnels de communication \u00e0 des fonctionnalit\u00e9s expertes de protection du travailleur isol\u00e9.<\/p>\n","protected":false},"featured_media":2068,"template":"","meta":[],"product_brand":[3272],"product_cat":[145],"product_tag":[3837,1154,3323],"class_list":{"0":"post-2072","1":"product","2":"type-product","3":"status-publish","4":"has-post-thumbnail","6":"product_brand-autres","7":"product_cat-gsm-pti","8":"product_tag-mgex310-2","9":"product_tag-pti","10":"product_tag-telephone","12":"first","13":"instock","14":"shipping-taxable","15":"purchasable","16":"product-type-simple"},"_links":{"self":[{"href":"https:\/\/lebrascommunication.fr\/ventes\/wp-json\/wp\/v2\/product\/2072","targetHints":{"allow":["GET"]}}],"collection":[{"href":"https:\/\/lebrascommunication.fr\/ventes\/wp-json\/wp\/v2\/product"}],"about":[{"href":"https:\/\/lebrascommunication.fr\/ventes\/wp-json\/wp\/v2\/types\/product"}],"wp:featuredmedia":[{"embeddable":true,"href":"https:\/\/lebrascommunication.fr\/ventes\/wp-json\/wp\/v2\/media\/2068"}],"wp:attachment":[{"href":"https:\/\/lebrascommunication.fr\/ventes\/wp-json\/wp\/v2\/media?parent=2072"}],"wp:term":[{"taxonomy":"product_brand","embeddable":true,"href":"https:\/\/lebrascommunication.fr\/ventes\/wp-json\/wp\/v2\/product_brand?post=2072"},{"taxonomy":"product_cat","embeddable":true,"href":"https:\/\/lebrascommunication.fr\/ventes\/wp-json\/wp\/v2\/product_cat?post=2072"},{"taxonomy":"product_tag","embeddable":true,"href":"https:\/\/lebrascommunication.fr\/ventes\/wp-json\/wp\/v2\/product_tag?post=2072"}],"curies":[{"name":"wp","href":"https:\/\/api.w.org\/{rel}","templated":true}]}}