{"id":2067,"date":"2018-02-27T10:51:06","date_gmt":"2018-02-27T09:51:06","guid":{"rendered":"https:\/\/lebrascommunication.fr\/ventes\/produit\/ic-a25ce\/"},"modified":"2025-12-23T15:09:53","modified_gmt":"2025-12-23T14:09:53","slug":"ic-a25ce","status":"publish","type":"product","link":"https:\/\/lebrascommunication.fr\/ventes\/produit\/ic-a25ce\/","title":{"rendered":"IC-A25CE"},"content":{"rendered":"<p><strong>Portatif VHF destin\u00e9 \u00e0 un usage au sol.<\/strong><\/p>\n<p><strong>Caract\u00e9ristiques:<\/strong><\/p>\n<ul>\n<li>Conforme \u00e0 la nouvelle r\u00e9glementation : espacement des canaux 8,33 et 25 KHz<\/li>\n<li>Fr\u00e9quences : 118-136 MHz <b style=\"color: #000000;font-family: Verdana, Arial, Helvetica, sans-serif;font-size: small;font-style: normal;letter-spacing: normal;text-align: left;text-indent: 0px;text-transform: none;background-color: #ffffff\"><br \/>\n<\/b><\/li>\n<li>Puissance : 6 W<\/li>\n<li>300 canaux<\/li>\n<li>Ecran LCD haute visibilit\u00e9 et clavier (affichage jour\/nuit)<\/li>\n<li>Etanch\u00e9it\u00e9 : IP57 (projections d&rsquo;eau et poussi\u00e8re)<\/li>\n<li>Fonction Flip-Flop : m\u00e9morise automatiquement les 10 derniers canaux utilis\u00e9s. Ces derniers pouvant \u00eatre rappel\u00e9s par simple pression des touches<\/li>\n<li>Fonction ANL : limiteur automatique du bruit pour r\u00e9duire les parasites<\/li>\n<li>Fonction Side tone : permet de connecter sur la radio un casque aviation standard (avec un adaptateur de casque optionnel, OPC-499)<\/li>\n<li>Fonction VOX : d\u00e9clenchement automatique \u00e0 la voix<\/li>\n<li>Touche sp\u00e9cifique pour la fr\u00e9quence de d\u00e9tresse (121,5 MHz)<\/li>\n<li>Canal prioritaire<\/li>\n<li>Balayage rapide des canaux<\/li>\n<\/ul>\n<p>&nbsp;<\/p>\n<p><strong>Bandes de fr\u00e9quence:\u00a0<span class=\"bodycopy\">VHF 118-136 MHz<br \/>\n<\/span><\/strong><\/p>\n<p><strong><span class=\"bodycopy\">Dimensions : 58,9 \u00d7 148,4 \u00d7 31,8 mm<\/span><\/strong><\/p>\n<p><strong>Poids: 384 g (avec antenne et batterie BP-288)<\/strong><\/p>\n<p>&nbsp;<\/p>\n<p><strong>Le pack standard comprend :<br \/>\n<\/strong><\/p>\n<ul>\n<li>Un portatif<\/li>\n<li>Une alimentation secteur (r\u00e9f: <a href=\"http:\/\/lbc-systems.com\/chargeurs-et-alimentations\/1219-chargeur-rapide-cp.html#\/168-version-92\">BC-123SE#92<\/a>)<\/li>\n<li>Une batterie Li-Ion 7,2 V 2200 mAh (r\u00e9f: <a href=\"http:\/\/lbc-systems.com\/batteries\/1303-antenne-courte-pour-serie-dp2000-et-dp4000.html\">BP-288<\/a>)<\/li>\n<li>Un boitier piles 6x LR6 AA (r\u00e9f: <a href=\"http:\/\/lbc-systems.com\/batteries\/1304-antenne-courte-pour-serie-dp2000-et-dp4000.html\">BP-289<\/a>)<\/li>\n<li>Une antenne flexible VHF\u00a0118-136 MHz de type BNC (r\u00e9f: <a href=\"http:\/\/lbc-systems.com\/antennes\/1204-antenne-courte-pour-serie-dp2000-et-dp4000.html?search_query=fa-b02&amp;results=9\">FA-B02AR<\/a>)<\/li>\n<li>Un adaptateur casque a\u00e9ro double jack<\/li>\n<li>Un c\u00e2ble adaptateur pour microphone (<a href=\"http:\/\/lbc-systems.com\/cordons-et-cables\/1305-chargeur-rapide-cp.html\">r\u00e9f: OPC-2379<\/a>)<\/li>\n<\/ul>\n<ul>\n<li>Un clip ceinture crocodile (r\u00e9f: <a href=\"http:\/\/lbc-systems.com\/housses-et-systemes-d-attache\/1265-support-et-chargeur-vehicules-kw216021702140.html\">MB-133<\/a>)<\/li>\n<li>Un guide d&rsquo;utilisation en fran\u00e7ais<\/li>\n<\/ul>\n<h5><strong><span style=\"color: #000000;font-family: Verdana, Arial, Helvetica, sans-serif;font-size: small;font-style: normal;letter-spacing: normal;text-align: left;text-indent: 0px;text-transform: none;background-color: #ffffff;float: none\">\u00a0<\/span><\/strong><\/h5>\n<p>Ce produit est garantit 3 ans. Nos conditions de garantie sont souples (voir les conditions g\u00e9n\u00e9rales de vente).<\/p>\n<h5><\/h5>\n<h5><\/h5>\n","protected":false},"excerpt":{"rendered":"<p>Portatif aviation pour les \u00e9quipes au sol<\/p>\n<p>Cette radio r\u00e9pond \u00e0 la norme MIL-STD810<\/p>\n","protected":false},"featured_media":2049,"template":"","meta":[],"product_brand":[3077],"product_cat":[3070],"product_tag":[3451,3449,3450],"class_list":{"0":"post-2067","1":"product","2":"type-product","3":"status-publish","4":"has-post-thumbnail","6":"product_brand-icom","7":"product_cat-talkies-pro-icom","8":"product_tag-118-136-mhz","9":"product_tag-ic-a25ce","10":"product_tag-portatif-vhf","12":"first","13":"instock","14":"shipping-taxable","15":"purchasable","16":"product-type-simple"},"_links":{"self":[{"href":"https:\/\/lebrascommunication.fr\/ventes\/wp-json\/wp\/v2\/product\/2067","targetHints":{"allow":["GET"]}}],"collection":[{"href":"https:\/\/lebrascommunication.fr\/ventes\/wp-json\/wp\/v2\/product"}],"about":[{"href":"https:\/\/lebrascommunication.fr\/ventes\/wp-json\/wp\/v2\/types\/product"}],"wp:featuredmedia":[{"embeddable":true,"href":"https:\/\/lebrascommunication.fr\/ventes\/wp-json\/wp\/v2\/media\/2049"}],"wp:attachment":[{"href":"https:\/\/lebrascommunication.fr\/ventes\/wp-json\/wp\/v2\/media?parent=2067"}],"wp:term":[{"taxonomy":"product_brand","embeddable":true,"href":"https:\/\/lebrascommunication.fr\/ventes\/wp-json\/wp\/v2\/product_brand?post=2067"},{"taxonomy":"product_cat","embeddable":true,"href":"https:\/\/lebrascommunication.fr\/ventes\/wp-json\/wp\/v2\/product_cat?post=2067"},{"taxonomy":"product_tag","embeddable":true,"href":"https:\/\/lebrascommunication.fr\/ventes\/wp-json\/wp\/v2\/product_tag?post=2067"}],"curies":[{"name":"wp","href":"https:\/\/api.w.org\/{rel}","templated":true}]}}