{"id":2065,"date":"2018-01-03T11:04:45","date_gmt":"2018-01-03T10:04:45","guid":{"rendered":"https:\/\/lebrascommunication.fr\/ventes\/produit\/pti-mgd002-v2-avec-gps\/"},"modified":"2026-03-23T14:27:38","modified_gmt":"2026-03-23T13:27:38","slug":"pti-mgd002-v2-avec-gps","status":"publish","type":"product","link":"https:\/\/lebrascommunication.fr\/ventes\/produit\/pti-mgd002-v2-avec-gps\/","title":{"rendered":"PTI MGD002 V2 avec GPS"},"content":{"rendered":"<div>\n<p>T\u00e9l\u00e9phone durci DATI (dispositif d&rsquo;alerte travailleur isol\u00e9)<\/p>\n<p><strong>Pack standard:<\/strong><\/p>\n<ul>\n<li>Batterie Li-ion 3600mAh<\/li>\n<li>Coque ABS clip ceinture<\/li>\n<li>Chargeur standard<\/li>\n<li>C\u00e2ble USB<\/li>\n<li>Station d&rsquo;accueil de chargement (inclut un logement pour la charge d&rsquo;une deuxi\u00e8me batterie)<\/li>\n<li>Kit pi\u00e9ton filaire<\/li>\n<li>Guide de d\u00e9marrage rapide<\/li>\n<\/ul>\n<p><strong>Caract\u00e9ristiques:<\/strong><\/p>\n<ul>\n<li>\u00c9tanche et re\u0301sistant aux chocs &#8211; Norme IP68 (submersible)<\/li>\n<li>Limitation d\u2019appels via re\u0301pertoire fixe FDN (par code PIN 2)<\/li>\n<li>GSM Tri-bandes (900\/1800\/1900 Mhz)<\/li>\n<li>Compatible tous ope\u0301rateurs<\/li>\n<li>Batterie : Li-ion 3600 mAh<\/li>\n<li>Recharge par station d&rsquo;accueil<\/li>\n<li>Capacite\u0301 du re\u0301pertoire : jusqu\u2019a\u0300 1000 contacts<\/li>\n<li>Double SIM<\/li>\n<li>Micro-SD jusqu\u2019a\u0300 32 Go (carte optionnelle)<\/li>\n<li>Bluetooth 2.1<\/li>\n<li>Lampe torche<\/li>\n<li>Appareil photo et came\u0301ra 5 Me\u0301gapixels<\/li>\n<li>De\u0301bit d&rsquo;Absorption Spe\u0301cifique D.A.S. : 0,979 W\/Kg<\/li>\n<li>OS Android 4.2<\/li>\n<li>Connectivit\u00e9 2G \/ 3G<\/li>\n<li>GPS int\u00e9gr\u00e9<\/li>\n<\/ul>\n<p><strong>Fonctions DATI:<\/strong><\/p>\n<ul>\n<li>2 Boutons d\u2019alarme volontaire SOS<\/li>\n<li>Programmation des fonctions PTI directement sur le te\u0301le\u0301phone via un menu se\u0301curise\u0301 par mot de passe<\/li>\n<li>2 modes de de\u0301tection automatiques : perte de verticalite\u0301 ou absence de mouvement<\/li>\n<li>3 choix de temporisations de de\u0301tection automatique et de pre\u0301-alarme sonore<\/li>\n<li>Avertissement batterie faible<\/li>\n<\/ul>\n<p><strong>Autonomie en communication \/ veille : max. 10h \/ max. 300h<\/strong><\/p>\n<p><strong>Dimensions: 120 mm x 60 mm x 18 mm<\/strong><\/p>\n<p><strong>Poids : env. 229 g<\/strong><\/p>\n<p><strong>Ce produit est garanti 2 ans<\/strong><\/p>\n<\/div>\n","protected":false},"excerpt":{"rendered":"<p>NOUVELLE VERSION<\/p>\n<p>Dispositif d&rsquo;Alerte pour Travailleur Isol\u00e9.<\/p>\n<p>Gr\u00e2ce \u00e0 sa coque durcie et sa r\u00e9sistance \u00e0 la poussi\u00e8re et \u00e0 l\u2019eau (IP68), le MGD002 r\u00e9pond parfaitement aux contraintes d\u2019utilisation professionnelle : industries, travail \u00e0 domicile, \u00e9tablissements de sant\u00e9, communaut\u00e9s de communes, gardiennage &#8230;<\/p>\n","protected":false},"featured_media":2062,"template":"","meta":[],"product_brand":[3272],"product_cat":[145],"product_tag":[3755,3830,1154],"class_list":{"0":"post-2065","1":"product","2":"type-product","3":"status-publish","4":"has-post-thumbnail","6":"product_brand-autres","7":"product_cat-gsm-pti","8":"product_tag-gps","9":"product_tag-mgd002-v2","10":"product_tag-pti","12":"first","13":"instock","14":"shipping-taxable","15":"purchasable","16":"product-type-simple"},"_links":{"self":[{"href":"https:\/\/lebrascommunication.fr\/ventes\/wp-json\/wp\/v2\/product\/2065","targetHints":{"allow":["GET"]}}],"collection":[{"href":"https:\/\/lebrascommunication.fr\/ventes\/wp-json\/wp\/v2\/product"}],"about":[{"href":"https:\/\/lebrascommunication.fr\/ventes\/wp-json\/wp\/v2\/types\/product"}],"wp:featuredmedia":[{"embeddable":true,"href":"https:\/\/lebrascommunication.fr\/ventes\/wp-json\/wp\/v2\/media\/2062"}],"wp:attachment":[{"href":"https:\/\/lebrascommunication.fr\/ventes\/wp-json\/wp\/v2\/media?parent=2065"}],"wp:term":[{"taxonomy":"product_brand","embeddable":true,"href":"https:\/\/lebrascommunication.fr\/ventes\/wp-json\/wp\/v2\/product_brand?post=2065"},{"taxonomy":"product_cat","embeddable":true,"href":"https:\/\/lebrascommunication.fr\/ventes\/wp-json\/wp\/v2\/product_cat?post=2065"},{"taxonomy":"product_tag","embeddable":true,"href":"https:\/\/lebrascommunication.fr\/ventes\/wp-json\/wp\/v2\/product_tag?post=2065"}],"curies":[{"name":"wp","href":"https:\/\/api.w.org\/{rel}","templated":true}]}}