{"id":2052,"date":"2017-11-28T07:47:06","date_gmt":"2017-11-28T06:47:06","guid":{"rendered":"https:\/\/lebrascommunication.fr\/ventes\/produit\/duplexeur-pour-slr1000\/"},"modified":"2025-12-24T11:24:57","modified_gmt":"2025-12-24T10:24:57","slug":"duplexeur-pour-slr1000","status":"publish","type":"product","link":"https:\/\/lebrascommunication.fr\/ventes\/produit\/duplexeur-pour-slr1000\/","title":{"rendered":"Duplexeur pour SLR1000"},"content":{"rendered":"<p>Duplexeur\u00a0pour relais SLR1000, il s&rsquo;int\u00e8gre \u00e0 l&rsquo;int\u00e9rieur m\u00eame du relais.<\/p>\n<p><strong>Fr\u00e9quences\u00a0 d&rsquo;utilisation :<\/strong> 400 &#8211; 430 MHz<\/p>\n<p><strong>Ecart duplexe :\u00a0<\/strong>9 \u00e0 13 MHz<\/p>\n<p><strong>Imp\u00e9dance :<\/strong> 50 Ohms<\/p>\n<p><strong>SWR :\u00a0<\/strong>inf\u00e9rieur \u00e0 1.5<\/p>\n<p><strong>Type de connecteurs :<\/strong> N femelle<\/p>\n<p><strong>Puissance maximum admissible : <\/strong>50 W<\/p>\n<p><strong>Perte d&rsquo;insertion :\u00a0<\/strong>Tip. 1 dB<\/p>\n<p><strong>Nombre de cavit\u00e9s :\u00a0<\/strong>6<\/p>\n<p><strong>Isolation : <\/strong>jusqu&rsquo;\u00e0 85 dB<\/p>\n<p><strong>Temp\u00e9rature d&rsquo;utilisation :<\/strong> -30\u00b0C \u00e0 +60\u00b0C<\/p>\n<p><strong>Dimensions : <\/strong>226 x 154 x 33 mm<\/p>\n<p><strong>Poids :\u00a0<\/strong>990 g<\/p>\n","protected":false},"excerpt":{"rendered":"<p>Duplexeur\u00a0pour relais SLR1000, 400 &#8211; 430 MHz<\/p>\n","protected":false},"featured_media":3521,"template":"","meta":[],"product_brand":[3199],"product_cat":[3184,3096],"product_tag":[3200,3219,3201],"class_list":{"0":"post-2052","1":"product","2":"type-product","3":"status-publish","4":"has-post-thumbnail","6":"product_brand-procom","7":"product_cat-slr1000","8":"product_cat-accessoires-relais-motorola","9":"product_tag-duplexeur","10":"product_tag-relais","11":"product_tag-slr1000","13":"first","14":"instock","15":"shipping-taxable","16":"purchasable","17":"product-type-simple"},"_links":{"self":[{"href":"https:\/\/lebrascommunication.fr\/ventes\/wp-json\/wp\/v2\/product\/2052","targetHints":{"allow":["GET"]}}],"collection":[{"href":"https:\/\/lebrascommunication.fr\/ventes\/wp-json\/wp\/v2\/product"}],"about":[{"href":"https:\/\/lebrascommunication.fr\/ventes\/wp-json\/wp\/v2\/types\/product"}],"wp:featuredmedia":[{"embeddable":true,"href":"https:\/\/lebrascommunication.fr\/ventes\/wp-json\/wp\/v2\/media\/3521"}],"wp:attachment":[{"href":"https:\/\/lebrascommunication.fr\/ventes\/wp-json\/wp\/v2\/media?parent=2052"}],"wp:term":[{"taxonomy":"product_brand","embeddable":true,"href":"https:\/\/lebrascommunication.fr\/ventes\/wp-json\/wp\/v2\/product_brand?post=2052"},{"taxonomy":"product_cat","embeddable":true,"href":"https:\/\/lebrascommunication.fr\/ventes\/wp-json\/wp\/v2\/product_cat?post=2052"},{"taxonomy":"product_tag","embeddable":true,"href":"https:\/\/lebrascommunication.fr\/ventes\/wp-json\/wp\/v2\/product_tag?post=2052"}],"curies":[{"name":"wp","href":"https:\/\/api.w.org\/{rel}","templated":true}]}}