{"id":204,"date":"2016-02-15T18:00:05","date_gmt":"2016-02-15T17:00:05","guid":{"rendered":"https:\/\/lebrascommunication.fr\/ventes\/produit\/oreillette-beige\/"},"modified":"2026-01-26T11:16:36","modified_gmt":"2026-01-26T10:16:36","slug":"oreillette-beige","status":"publish","type":"product","link":"https:\/\/lebrascommunication.fr\/ventes\/produit\/oreillette-beige\/","title":{"rendered":"Oreillette contour beige"},"content":{"rendered":"<p>Oreillette contour pour series DP3000, DP4000.<\/p>\n<p><strong>Caract\u00e9ristiques :<\/strong><\/p>\n<ul>\n<li>Utilisation : re\u00e7oit<\/li>\n<li>Alternat (Push To Talk) :\u00a0non<\/li>\n<li>D\u00e9clenchement par la voix (VOX) : non<\/li>\n<li>Micro :\u00a0non<\/li>\n<li>Couleur : beige<\/li>\n<li>Nombre de fils : 1<\/li>\n<li>Type d&rsquo;\u00e9couteur : contour\u00a0avec t\u00e9tine silicone<\/li>\n<li>Standard de s\u00e9curit\u00e9 intrins\u00e8que :\u00a0UL-TIA4950<\/li>\n<\/ul>\n","protected":false},"excerpt":{"rendered":"<p>Oreillette contour pour series DP3000, DP4000.<\/p>\n<p>Re\u00e7oit uniquement<\/p>\n","protected":false},"featured_media":180,"template":"","meta":[],"product_brand":[3074],"product_cat":[3179,3163],"product_tag":[3192,3225,3334,3715],"class_list":{"0":"post-204","1":"product","2":"type-product","3":"status-publish","4":"has-post-thumbnail","6":"product_brand-motorola","7":"product_cat-dp3000e","8":"product_cat-accessoires-talkies-motorola","9":"product_tag-dp3000","10":"product_tag-dp4000","11":"product_tag-micro-oreillette","12":"product_tag-ul-tia4950","14":"first","15":"instock","16":"shipping-taxable","17":"purchasable","18":"product-type-simple"},"_links":{"self":[{"href":"https:\/\/lebrascommunication.fr\/ventes\/wp-json\/wp\/v2\/product\/204","targetHints":{"allow":["GET"]}}],"collection":[{"href":"https:\/\/lebrascommunication.fr\/ventes\/wp-json\/wp\/v2\/product"}],"about":[{"href":"https:\/\/lebrascommunication.fr\/ventes\/wp-json\/wp\/v2\/types\/product"}],"wp:featuredmedia":[{"embeddable":true,"href":"https:\/\/lebrascommunication.fr\/ventes\/wp-json\/wp\/v2\/media\/180"}],"wp:attachment":[{"href":"https:\/\/lebrascommunication.fr\/ventes\/wp-json\/wp\/v2\/media?parent=204"}],"wp:term":[{"taxonomy":"product_brand","embeddable":true,"href":"https:\/\/lebrascommunication.fr\/ventes\/wp-json\/wp\/v2\/product_brand?post=204"},{"taxonomy":"product_cat","embeddable":true,"href":"https:\/\/lebrascommunication.fr\/ventes\/wp-json\/wp\/v2\/product_cat?post=204"},{"taxonomy":"product_tag","embeddable":true,"href":"https:\/\/lebrascommunication.fr\/ventes\/wp-json\/wp\/v2\/product_tag?post=204"}],"curies":[{"name":"wp","href":"https:\/\/api.w.org\/{rel}","templated":true}]}}