{"id":2038,"date":"2018-02-26T17:10:56","date_gmt":"2018-02-26T16:10:56","guid":{"rendered":"https:\/\/lebrascommunication.fr\/ventes\/produit\/batterie-li-ion-72v-2200mah\/"},"modified":"2026-01-26T16:20:34","modified_gmt":"2026-01-26T15:20:34","slug":"batterie-li-ion-72v-2200mah","status":"publish","type":"product","link":"https:\/\/lebrascommunication.fr\/ventes\/produit\/batterie-li-ion-72v-2200mah\/","title":{"rendered":"Batterie Li-Ion 7,2V 2200mAh"},"content":{"rendered":"<p><strong>Batterie compatible avec les appareils ICOM suivants :<\/strong><\/p>\n<p><span style=\"text-decoration: underline;\">Talkies aviation compatibles<\/span>:<\/p>\n<ul>\n<li>IC-A25NE<\/li>\n<li>IC-A25CE<\/li>\n<\/ul>\n<p><strong>Caract\u00e9ristiques :<\/strong><\/p>\n<ul>\n<li>Type : Li-Ion<\/li>\n<li>Capacit\u00e9 : 2250 mAh<\/li>\n<li>Etanch\u00e9it\u00e9 : IP57<\/li>\n<\/ul>\n<div class=\"rte\">\n<p><strong>Notre avis : <\/strong>Pour une utilisation intensive ou sur le long terme, nous vous conseillons de privil\u00e9gier les batteries Li-Ion.<\/p>\n<p>Les batteries Ni-MH ayant une m\u00e9moire de charge, leur dur\u00e9e de vie ne d\u00e9passe g\u00e9n\u00e9ralement pas 3 ans.<\/p>\n<p>A intensit\u00e9 \u00e9gale, la batterie Li-Ion offre une autonomie sup\u00e9rieure ainsi qu&rsquo;un format et un poids r\u00e9duits. Sa dur\u00e9e de vie est en moyenne sup\u00e9rieure de 2 ans.<\/p>\n<p>Les batteries Ni-MH pr\u00e9sentent un int\u00e9r\u00eat en cas de climats tr\u00e8s froids (-20\u00b0C), en cas d&rsquo;import-export (conditionnement et tarifs) et son co\u00fbt peut convenir \u00e0 tout type de budget.<\/p>\n<\/div>\n","protected":false},"excerpt":{"rendered":"<p>Batterie Li-Ion 7,2V 2200mAh<\/p>\n<p>Etanch\u00e9it\u00e9 IP57<\/p>\n","protected":false},"featured_media":2031,"template":"","meta":[],"product_brand":[3077],"product_cat":[3082],"product_tag":[3175,3449,3462,3742],"class_list":{"0":"post-2038","1":"product","2":"type-product","3":"status-publish","4":"has-post-thumbnail","6":"product_brand-icom","7":"product_cat-accessoires-talkies-pro-icom","8":"product_tag-batterie","9":"product_tag-ic-a25ce","10":"product_tag-ic-a25ne","11":"product_tag-li-ion","13":"first","14":"instock","15":"shipping-taxable","16":"purchasable","17":"product-type-simple"},"_links":{"self":[{"href":"https:\/\/lebrascommunication.fr\/ventes\/wp-json\/wp\/v2\/product\/2038","targetHints":{"allow":["GET"]}}],"collection":[{"href":"https:\/\/lebrascommunication.fr\/ventes\/wp-json\/wp\/v2\/product"}],"about":[{"href":"https:\/\/lebrascommunication.fr\/ventes\/wp-json\/wp\/v2\/types\/product"}],"wp:featuredmedia":[{"embeddable":true,"href":"https:\/\/lebrascommunication.fr\/ventes\/wp-json\/wp\/v2\/media\/2031"}],"wp:attachment":[{"href":"https:\/\/lebrascommunication.fr\/ventes\/wp-json\/wp\/v2\/media?parent=2038"}],"wp:term":[{"taxonomy":"product_brand","embeddable":true,"href":"https:\/\/lebrascommunication.fr\/ventes\/wp-json\/wp\/v2\/product_brand?post=2038"},{"taxonomy":"product_cat","embeddable":true,"href":"https:\/\/lebrascommunication.fr\/ventes\/wp-json\/wp\/v2\/product_cat?post=2038"},{"taxonomy":"product_tag","embeddable":true,"href":"https:\/\/lebrascommunication.fr\/ventes\/wp-json\/wp\/v2\/product_tag?post=2038"}],"curies":[{"name":"wp","href":"https:\/\/api.w.org\/{rel}","templated":true}]}}