{"id":2035,"date":"2017-11-08T16:30:17","date_gmt":"2017-11-08T15:30:17","guid":{"rendered":"https:\/\/lebrascommunication.fr\/ventes\/produit\/ic-m801e\/"},"modified":"2026-02-17T09:45:43","modified_gmt":"2026-02-17T08:45:43","slug":"ic-m801e","status":"publish","type":"product","link":"https:\/\/lebrascommunication.fr\/ventes\/produit\/ic-m801e\/","title":{"rendered":"IC-M801E"},"content":{"rendered":"<p><strong><strong>VHF fixe \u00e9tanche avec ASN classe E, 125 W.<\/strong><\/strong><\/p>\n<p><strong>Caract\u00e9ristiques:<\/strong><\/p>\n<ul>\n<li>ASN classe E (navires non-SOLAS)<\/li>\n<\/ul>\n<ul>\n<li>Large \u00e9cran r\u00e9tro\u00e9clair\u00e9<\/li>\n<li>Etanch\u00e9it\u00e9 : IPX7<\/li>\n<li>Puissance : 125W<\/li>\n<li>Traitement num\u00e9rique du signal : processeur DSP int\u00e9gr\u00e9, aucun filtre optionnel n\u2019est n\u00e9cessaire. L\u2019IC-M801E est compatible pour les applications mail, m\u00e9t\u00e9o &#8230;<\/li>\n<\/ul>\n<ul>\n<li>R\u00e9ception en continu de 0,5 \u00e0 29,999 MHz<\/li>\n<li>Connecteurs : GPS, imprimante, IEC61162-1 (pour contr\u00f4le par PC), D-SUB<\/li>\n<li>En pack PLUS et MAIL: accordeur automatique d&rsquo;antenne permettant de raccorder l&rsquo;antenne (fouet, hauban, pataras &#8230; La bo\u00eete d&rsquo;accord peut \u00eatre \u00ab\u00a0by-pass\u00e9e\u00a0\u00bb automatiquement en cas de n\u00e9cessit\u00e9<\/li>\n<li>En pack MAIL (associ\u00e9e \u00e0 un modem), l&rsquo;IC-M801E est disponible en version 12 V seulement. Un convertisseur DC-DC (isol\u00e9 \u00e0 la masse) incorpor\u00e9 fournit une alimentation 13,6 V DC stabilis\u00e9<\/li>\n<li>Compatible avec modems pactors pour email au travers de providers tels que Silmail, Airmail &#8230;<\/li>\n<\/ul>\n<p><strong>Bandes de fr\u00e9quence:\u00a0<span class=\"bodycopy\">VHF <b>1,6 &#8211; 27,50MHz<\/b><br \/>\n<\/span><\/strong><\/p>\n<p><strong><span class=\"bodycopy\">Dimensions : 367 x 95 x 260 mm<br \/>\n<\/span><\/strong><\/p>\n<p><strong>Poids: 8,5 kg<\/strong><\/p>\n<p>&nbsp;<\/p>\n<p><strong>Le pack standard comprend :<br \/>\n<\/strong><\/p>\n<ul>\n<li>Un BLU<\/li>\n<li>Un combin\u00e9 (r\u00e9f: HS-98)<\/li>\n<li>Un haut parleur externe 7W (r\u00e9f: SP-24)<\/li>\n<li>Un cordon de liaison (r\u00e9f: OPC-1468A)<\/li>\n<li>Un pupitre de commande (r\u00e9f: RC-25E)<\/li>\n<\/ul>\n<ul>\n<li>Une notice en fran\u00e7ais<\/li>\n<\/ul>\n<p><strong>Le pack PLUS comprend :<\/strong><\/p>\n<ul>\n<li>Un BLU<\/li>\n<li>Un coupleur automatique d&rsquo;antenne HF 1,6 &#8211; 27,5 MHz (r\u00e9f: AT-141)<\/li>\n<li>Un combin\u00e9 (r\u00e9f: HS-98)<\/li>\n<li>Un haut parleur externe 7W (r\u00e9f: SP-24)<\/li>\n<li>Un cordon de liaison (r\u00e9f: OPC-1468A)<\/li>\n<li>Un pupitre de commande (r\u00e9f: RC-25E)<\/li>\n<li>Une notice en fran\u00e7ais<\/li>\n<\/ul>\n<p><strong>Le pack MAIL comprend :<\/strong><\/p>\n<ul>\n<li>Un BLU<\/li>\n<li>Un coupleur automatique d&rsquo;antenne HF 1,6 &#8211; 27,5 MHz (r\u00e9f: AT-141)<\/li>\n<li>Un modem HF PACTOR III PRO (r\u00e9f : IF-PTCIIIPRO)<\/li>\n<li>Un combin\u00e9 (r\u00e9f: HS-98)<\/li>\n<li>Un haut parleur externe 7W (r\u00e9f: SP-24)<\/li>\n<li>Un cordon de liaison (r\u00e9f: OPC-1468A)<\/li>\n<li>Un pupitre de commande (r\u00e9f: RC-25E)<\/li>\n<li>Une notice en fran\u00e7ais<\/li>\n<\/ul>\n<h5>Fabrication japonaise.<\/h5>\n<p>Ce produit est garantit 3 ans. Nos conditions de garantie sont souples (voir les conditions g\u00e9n\u00e9rales de vente).<\/p>\n<h5><\/h5>\n<h5><\/h5>\n","protected":false},"excerpt":{"rendered":"<p><strong>BLU disponible en :<br \/>\n<\/strong><\/p>\n<p><strong>-Pack STANDARD<\/strong> avec combin\u00e9 haut parleur, combin\u00e9, pupitre de commande et berceau de montage.<\/p>\n<p style=\"text-align: center\"><strong>ou<\/strong><\/p>\n<p><strong>-Pack PLUS<\/strong> avec combin\u00e9 haut parleur, combin\u00e9, pupitre de commande, berceau de montage et coupleur automatique d&rsquo;antenne.<\/p>\n<p style=\"text-align: center\"><strong>ou<\/strong><\/p>\n<p><strong>-Pack MAIL<\/strong> avec combin\u00e9 haut parleur, combin\u00e9, pupitre de commande, berceau de montage, coupleur automatique d&rsquo;antenne et modem HF PACTOR III PRO<\/p>\n","protected":false},"featured_media":1975,"template":"","meta":[],"product_brand":[3077],"product_cat":[3146],"product_tag":[3842,3280],"class_list":{"0":"post-2035","1":"product","2":"type-product","3":"status-publish","4":"has-post-thumbnail","6":"product_brand-icom","7":"product_cat-bases-mobiles-icom","8":"product_tag-ic-m801e","9":"product_tag-vhf","11":"first","12":"instock","13":"shipping-taxable","14":"purchasable","15":"product-type-simple"},"_links":{"self":[{"href":"https:\/\/lebrascommunication.fr\/ventes\/wp-json\/wp\/v2\/product\/2035","targetHints":{"allow":["GET"]}}],"collection":[{"href":"https:\/\/lebrascommunication.fr\/ventes\/wp-json\/wp\/v2\/product"}],"about":[{"href":"https:\/\/lebrascommunication.fr\/ventes\/wp-json\/wp\/v2\/types\/product"}],"wp:featuredmedia":[{"embeddable":true,"href":"https:\/\/lebrascommunication.fr\/ventes\/wp-json\/wp\/v2\/media\/1975"}],"wp:attachment":[{"href":"https:\/\/lebrascommunication.fr\/ventes\/wp-json\/wp\/v2\/media?parent=2035"}],"wp:term":[{"taxonomy":"product_brand","embeddable":true,"href":"https:\/\/lebrascommunication.fr\/ventes\/wp-json\/wp\/v2\/product_brand?post=2035"},{"taxonomy":"product_cat","embeddable":true,"href":"https:\/\/lebrascommunication.fr\/ventes\/wp-json\/wp\/v2\/product_cat?post=2035"},{"taxonomy":"product_tag","embeddable":true,"href":"https:\/\/lebrascommunication.fr\/ventes\/wp-json\/wp\/v2\/product_tag?post=2035"}],"curies":[{"name":"wp","href":"https:\/\/api.w.org\/{rel}","templated":true}]}}