{"id":2026,"date":"2020-08-27T09:22:30","date_gmt":"2020-08-27T07:22:30","guid":{"rendered":"https:\/\/lebrascommunication.fr\/ventes\/produit\/dp1400-numerique-et-analogique-3\/"},"modified":"2026-03-19T15:58:59","modified_gmt":"2026-03-19T14:58:59","slug":"dp1400-numerique-et-analogique-3","status":"publish","type":"product","link":"https:\/\/lebrascommunication.fr\/ventes\/produit\/dp1400-numerique-et-analogique-3\/","title":{"rendered":"DP1400 Num\u00e9rique et Analogique"},"content":{"rendered":"<p>Le DP1400 num\u00e9rique et analogique est disponible dans les bandes UHF ou VHF.<\/p>\n<p><strong>Caract\u00e9ristiques:<br \/>\n<\/strong><\/p>\n<ul>\n<li>Mode Num\u00e9rique et Analogique<\/li>\n<li>16\u00a0canaux*<\/li>\n<li>Scan des canaux*<\/li>\n<li>Brouillage vocal simple*<\/li>\n<li>\u00c9mission \u00e0 commande vocale (VOX)*<\/li>\n<li>Tonalit\u00e9s d&rsquo;appel*<\/li>\n<li>Verrouillage de canal occup\u00e9*<\/li>\n<li>Niveaux de puissance r\u00e9glables jusqu\u2019\u00e0 4W<em>\u00a0en UHF et 5W en VHF*<\/em><\/li>\n<li>Espacement de canaux programmable<em>*<\/em><\/li>\n<li>2 boutons programmables*<\/li>\n<li>Direct mode en cas de panne relais*<\/li>\n<li>Indice de protection: IP54 (Prot\u00e9g\u00e9 contre la poussi\u00e8re et projection d&rsquo;eau)<\/li>\n<li>Syst\u00e8mes Conventionnel multisite IP Site Connect sur licence*<\/li>\n<li>Signalisation PL, DPL*<\/li>\n<li>Logiciel Customer Programming Software (CPS) pour la programmation non fourni<\/li>\n<\/ul>\n<p><em>(*)<\/em>\u00a0Ces fonctions doivent \u00eatre programm\u00e9es par nos soins avant utilisation.<\/p>\n<p><strong>Compatibilit\u00e9 syst\u00e8me relais :<\/strong><\/p>\n<ul>\n<li>Conventionnel analogique et num\u00e9rique DMR<\/li>\n<li>Conventionnel DMR muli-sites IP site connect (IPSC) sur licence payante<\/li>\n<\/ul>\n<p><strong>Fr\u00e9quences: VHF 136 &#8211; 174 Mhz ou UHF 403 &#8211; 527 Mhz<\/strong><\/p>\n<p><strong>Autonomie de la batterie : environ 11,5h en num\u00e9rique et 9h en analogique.<\/strong><\/p>\n<p><strong>Dimensions: 128 x 61.5 x 42 mm<\/strong><\/p>\n<p><strong>Poids: 400 g<\/strong><\/p>\n<p>&nbsp;<\/p>\n<p><strong>Le pack standard comprend :<br \/>\n<\/strong><\/p>\n<ul>\n<li>Un portatif UHF ou VHF<\/li>\n<li>Une antenne<\/li>\n<li>Une batterie<\/li>\n<li><span class=\"modelno\">Une protection accessoire contre la poussi\u00e8re<\/span><\/li>\n<li>Une pince de ceinture<\/li>\n<li>Un guide d&rsquo;utilisation<\/li>\n<li>Un chargeur en option<\/li>\n<\/ul>\n<p>Choisissez les options sous le prix de l&rsquo;article.<\/p>\n<div class=\"rte\">\n<h5>\u00a0 Ce produit est garantit 2 ans avec 5 ans de mise \u00e0 jour. Il est possible de prendre une extension de garantie standard de 5 ans (essentielle),\u00a0ou avec r\u00e9paration (avanc\u00e9e).<\/h5>\n<\/div>\n","protected":false},"excerpt":{"rendered":"<p>Portatif analogique ET num\u00e9rique DMR 16 canaux.<\/p>\n","protected":false},"featured_media":1317,"template":"","meta":[],"product_brand":[3074],"product_cat":[3067],"product_tag":[],"class_list":{"0":"post-2026","1":"product","2":"type-product","3":"status-publish","4":"has-post-thumbnail","6":"product_brand-motorola","7":"product_cat-talkies-pro-motorola","9":"first","10":"instock","11":"featured","12":"shipping-taxable","13":"purchasable","14":"product-type-variable"},"_links":{"self":[{"href":"https:\/\/lebrascommunication.fr\/ventes\/wp-json\/wp\/v2\/product\/2026","targetHints":{"allow":["GET"]}}],"collection":[{"href":"https:\/\/lebrascommunication.fr\/ventes\/wp-json\/wp\/v2\/product"}],"about":[{"href":"https:\/\/lebrascommunication.fr\/ventes\/wp-json\/wp\/v2\/types\/product"}],"wp:featuredmedia":[{"embeddable":true,"href":"https:\/\/lebrascommunication.fr\/ventes\/wp-json\/wp\/v2\/media\/1317"}],"wp:attachment":[{"href":"https:\/\/lebrascommunication.fr\/ventes\/wp-json\/wp\/v2\/media?parent=2026"}],"wp:term":[{"taxonomy":"product_brand","embeddable":true,"href":"https:\/\/lebrascommunication.fr\/ventes\/wp-json\/wp\/v2\/product_brand?post=2026"},{"taxonomy":"product_cat","embeddable":true,"href":"https:\/\/lebrascommunication.fr\/ventes\/wp-json\/wp\/v2\/product_cat?post=2026"},{"taxonomy":"product_tag","embeddable":true,"href":"https:\/\/lebrascommunication.fr\/ventes\/wp-json\/wp\/v2\/product_tag?post=2026"}],"curies":[{"name":"wp","href":"https:\/\/api.w.org\/{rel}","templated":true}]}}