{"id":2007,"date":"2018-02-13T13:27:14","date_gmt":"2018-02-13T12:27:14","guid":{"rendered":"https:\/\/lebrascommunication.fr\/ventes\/produit\/tag-actif-twig\/"},"modified":"2026-01-30T11:27:33","modified_gmt":"2026-01-30T10:27:33","slug":"tag-actif-twig","status":"publish","type":"product","link":"https:\/\/lebrascommunication.fr\/ventes\/produit\/tag-actif-twig\/","title":{"rendered":"TAG actif  TWIG"},"content":{"rendered":"<div>Via les dispositifs TWIG compatibles, ce tag actif permet aux usagers de signaler que la t\u00e2che a bien \u00e9t\u00e9 accomplie.<\/div>\n<div><\/div>\n<div>Norme IP67<\/div>\n<p><strong>Autonomie : <\/strong>5 ans \/ 20000 lectures<\/p>\n<p><strong>Dimensions :<\/strong> 35 x 35 x 11 mm<\/p>\n","protected":false},"excerpt":{"rendered":"<p>Tag actif pour dispositifs TWIG \u00e9quip\u00e9s de r\u00e9cepteur radio<\/p>\n","protected":false},"featured_media":2005,"template":"","meta":[],"product_brand":[3601],"product_cat":[3273],"product_tag":[3799],"class_list":{"0":"post-2007","1":"product","2":"type-product","3":"status-publish","4":"has-post-thumbnail","6":"product_brand-twig","7":"product_cat-accessoires","8":"product_tag-tag-actif","10":"first","11":"instock","12":"shipping-taxable","13":"purchasable","14":"product-type-simple"},"_links":{"self":[{"href":"https:\/\/lebrascommunication.fr\/ventes\/wp-json\/wp\/v2\/product\/2007","targetHints":{"allow":["GET"]}}],"collection":[{"href":"https:\/\/lebrascommunication.fr\/ventes\/wp-json\/wp\/v2\/product"}],"about":[{"href":"https:\/\/lebrascommunication.fr\/ventes\/wp-json\/wp\/v2\/types\/product"}],"wp:featuredmedia":[{"embeddable":true,"href":"https:\/\/lebrascommunication.fr\/ventes\/wp-json\/wp\/v2\/media\/2005"}],"wp:attachment":[{"href":"https:\/\/lebrascommunication.fr\/ventes\/wp-json\/wp\/v2\/media?parent=2007"}],"wp:term":[{"taxonomy":"product_brand","embeddable":true,"href":"https:\/\/lebrascommunication.fr\/ventes\/wp-json\/wp\/v2\/product_brand?post=2007"},{"taxonomy":"product_cat","embeddable":true,"href":"https:\/\/lebrascommunication.fr\/ventes\/wp-json\/wp\/v2\/product_cat?post=2007"},{"taxonomy":"product_tag","embeddable":true,"href":"https:\/\/lebrascommunication.fr\/ventes\/wp-json\/wp\/v2\/product_tag?post=2007"}],"curies":[{"name":"wp","href":"https:\/\/api.w.org\/{rel}","templated":true}]}}