{"id":2003,"date":"2018-02-13T13:22:54","date_gmt":"2018-02-13T12:22:54","guid":{"rendered":"https:\/\/lebrascommunication.fr\/ventes\/produit\/balise-de-geoloc-twig-atex\/"},"modified":"2026-02-03T10:33:03","modified_gmt":"2026-02-03T09:33:03","slug":"balise-de-geoloc-twig-atex","status":"publish","type":"product","link":"https:\/\/lebrascommunication.fr\/ventes\/produit\/balise-de-geoloc-twig-atex\/","title":{"rendered":"Balise de g\u00e9oloc TWIG ATEX"},"content":{"rendered":"<div>Cette balise est compatible avec les appareils TWIG \u00e9quip\u00e9s du r\u00e9cepteur radio.<\/div>\n<div><\/div>\n<div>Via les dispositifs TWIG compatibles, elle permet la g\u00e9olocalisation des usagers. Il est recommand\u00e9 d&rsquo;install\u00e9 une balise au sein de chaque pi\u00e8ce.<\/div>\n<div><\/div>\n<div>Norme IP67<\/div>\n<div><\/div>\n<div>Ce boitier autonome est fourni avec pile lithium 17Ah<\/div>\n<div><\/div>\n<div><strong>Dimensions :<\/strong> 125 x 75 x 60 mm<\/div>\n","protected":false},"excerpt":{"rendered":"<p>Balise de localisation radio ATEX<\/p>\n<p>Existe \u00e9galement en version non-ATEX <a href=\"http:\/\/lbc-systems.com\/gsm-pti\/1297-telephone-pti-mgd001.html\">(r\u00e9f: ZE3415)<\/a><\/p>\n","protected":false},"featured_media":2001,"template":"","meta":[],"product_brand":[3601],"product_cat":[3273],"product_tag":[1153,3815,3303,3816],"class_list":{"0":"post-2003","1":"product","2":"type-product","3":"status-publish","4":"has-post-thumbnail","6":"product_brand-twig","7":"product_cat-accessoires","8":"product_tag-atex","9":"product_tag-balise","10":"product_tag-geolocalisation","11":"product_tag-twig","13":"first","14":"instock","15":"shipping-taxable","16":"purchasable","17":"product-type-simple"},"_links":{"self":[{"href":"https:\/\/lebrascommunication.fr\/ventes\/wp-json\/wp\/v2\/product\/2003","targetHints":{"allow":["GET"]}}],"collection":[{"href":"https:\/\/lebrascommunication.fr\/ventes\/wp-json\/wp\/v2\/product"}],"about":[{"href":"https:\/\/lebrascommunication.fr\/ventes\/wp-json\/wp\/v2\/types\/product"}],"wp:featuredmedia":[{"embeddable":true,"href":"https:\/\/lebrascommunication.fr\/ventes\/wp-json\/wp\/v2\/media\/2001"}],"wp:attachment":[{"href":"https:\/\/lebrascommunication.fr\/ventes\/wp-json\/wp\/v2\/media?parent=2003"}],"wp:term":[{"taxonomy":"product_brand","embeddable":true,"href":"https:\/\/lebrascommunication.fr\/ventes\/wp-json\/wp\/v2\/product_brand?post=2003"},{"taxonomy":"product_cat","embeddable":true,"href":"https:\/\/lebrascommunication.fr\/ventes\/wp-json\/wp\/v2\/product_cat?post=2003"},{"taxonomy":"product_tag","embeddable":true,"href":"https:\/\/lebrascommunication.fr\/ventes\/wp-json\/wp\/v2\/product_tag?post=2003"}],"curies":[{"name":"wp","href":"https:\/\/api.w.org\/{rel}","templated":true}]}}