{"id":1994,"date":"2018-02-12T14:59:41","date_gmt":"2018-02-12T13:59:41","guid":{"rendered":"https:\/\/lebrascommunication.fr\/ventes\/produit\/pti-twig-embody-avec-geoloc\/"},"modified":"2026-02-19T14:30:14","modified_gmt":"2026-02-19T13:30:14","slug":"pti-twig-embody-avec-geoloc","status":"publish","type":"product","link":"https:\/\/lebrascommunication.fr\/ventes\/produit\/pti-twig-embody-avec-geoloc\/","title":{"rendered":"PTI TWIG EMBODY avec g\u00e9oloc"},"content":{"rendered":"<div>\n<p><strong>LBC vous propose de constituer votre pack sur mesure :<\/strong><\/p>\n<p>&#8211; Choisissez le nombre de dispositif suivant l&rsquo;effectif des personnes \u00e0 \u00e9quiper<\/p>\n<p>&#8211; Choisissez le nombre de balises suivant la taille de vos locaux (il est conseill\u00e9 d&rsquo;installer une balise dans chaque pi\u00e8ce)<\/p>\n<p>&#8211; Choisissez le nombre de tags actifs suivant le nombre de t\u00e2ches accomplies que vous souhaitez voir \u00eatre signal\u00e9es<\/p>\n<p><strong>Avec chaque GSM, il est compris un pack satandard :<\/strong><\/p>\n<ul>\n<li>Chargeur standard<\/li>\n<li>Adaptateur USB<\/li>\n<li>C\u00e2ble USB<\/li>\n<li>Clip ceinture<\/li>\n<\/ul>\n<p><strong>Caract\u00e9ristiques:<\/strong><\/p>\n<ul>\n<li>\u00c9tanche et re\u0301sistant aux chocs &#8211; Norme IP67<\/li>\n<li>\u00c9cran de contr\u00f4le<\/li>\n<li>Configurable \u00e0 distance<\/li>\n<li>Vibreur et haut-parleur int\u00e9gr\u00e9s<\/li>\n<li>Compatible tous ope\u0301rateurs<\/li>\n<li>Temp\u00e9rature d&rsquo;utilisation : -20\u00b0 \u00e0 +50\u00b0<\/li>\n<li>Batterie Li-Ion 750 mAh<\/li>\n<li>Charge par station d&rsquo;accueil possible<\/li>\n<li>Fr\u00e9quences GSM 3G (800\/850\/900\/1900\/2100 MHz) et fr\u00e9quences GSM 2G (850\/900\/1800\/1900 MHz)<\/li>\n<li>GPS (*)<\/li>\n<\/ul>\n<p>(*) Ces fonctions sont en option.<\/p>\n<p><strong>Fonctions DATI:<\/strong><\/p>\n<ul>\n<li>Bouton d\u2019alarme volontaire SOS<\/li>\n<li>Alarme automatique (d\u00e9tection de perte de verticalit\u00e9 et\/ou d&rsquo;absence de mouvements)<\/li>\n<li>Alarme par arrachement (n\u00e9cessite une dragonne tour de cou vendue s\u00e9par\u00e9ment)<\/li>\n<li>Supervision en temps r\u00e9el via un logiciel en ligne (webservice) ou par t\u00e9l\u00e9surveillance (selon protocole)<\/li>\n<li>Suite \u00e0 un d\u00e9clenchement d\u2019alarme volontaire ou automatique :<br \/>\n&#8211; Cascade d\u2019appels s\u00e9curis\u00e9e<br \/>\n&#8211; Envoi de SMS<\/li>\n<li>Suite \u00e0 un d\u00e9clenchement d\u2019alarme volontaire ou automatique :<br \/>\n&#8211; Cascade d\u2019appels s\u00e9curis\u00e9e (tous les num\u00e9ros sont appel\u00e9s) vers 10 num\u00e9ros<br \/>\n&#8211; Envoi de SMS<br \/>\n&#8211; Transmission IP vers serveur de supervision<\/li>\n<\/ul>\n<p><strong>Autonomie en veille : jusqu&rsquo;\u00e0 7 jours<br \/>\n<\/strong><\/p>\n<p><strong>Dimensions: 31 x 46 x 19 mm<br \/>\n<\/strong><\/p>\n<p><strong>Poids : 50 g (batterie incluse)<br \/>\n<\/strong><\/p>\n<p><strong>Fabrication Europ\u00e9enne<\/strong><\/p>\n<p>Ce produit est garanti 3 ans<\/p>\n<\/div>\n","protected":false},"excerpt":{"rendered":"<p>Dispositif d&rsquo;alarme pour travailleur isol\u00e9 avec localisation int\u00e9rieure<\/p>\n<p>Ancienne r\u00e9f\u00e9rence :\u00a0 ZMC-EENC-EMC-GGME<\/p>\n<p><strong>Composez votre kit :<\/strong><\/p>\n<p>&#8211; Choisissez le nombre de dispositif<\/p>\n<p>&#8211; Choisissez le nombre de balise de g\u00e9olocalisation int\u00e9rieure<\/p>\n<p>&#8211; Choisissez le nombre de tag actif<\/p>\n","protected":false},"featured_media":1983,"template":"","meta":[],"product_brand":[3601],"product_cat":[145],"product_tag":[3897,3898,3759,3303,1154,3816],"class_list":{"0":"post-1994","1":"product","2":"type-product","3":"status-publish","4":"has-post-thumbnail","6":"product_brand-twig","7":"product_cat-gsm-pti","8":"product_tag-adaptateur-usb","9":"product_tag-cable-usb","10":"product_tag-clip-ceinture","11":"product_tag-geolocalisation","12":"product_tag-pti","13":"product_tag-twig","15":"first","16":"instock","17":"shipping-taxable","18":"purchasable","19":"product-type-simple"},"_links":{"self":[{"href":"https:\/\/lebrascommunication.fr\/ventes\/wp-json\/wp\/v2\/product\/1994","targetHints":{"allow":["GET"]}}],"collection":[{"href":"https:\/\/lebrascommunication.fr\/ventes\/wp-json\/wp\/v2\/product"}],"about":[{"href":"https:\/\/lebrascommunication.fr\/ventes\/wp-json\/wp\/v2\/types\/product"}],"wp:featuredmedia":[{"embeddable":true,"href":"https:\/\/lebrascommunication.fr\/ventes\/wp-json\/wp\/v2\/media\/1983"}],"wp:attachment":[{"href":"https:\/\/lebrascommunication.fr\/ventes\/wp-json\/wp\/v2\/media?parent=1994"}],"wp:term":[{"taxonomy":"product_brand","embeddable":true,"href":"https:\/\/lebrascommunication.fr\/ventes\/wp-json\/wp\/v2\/product_brand?post=1994"},{"taxonomy":"product_cat","embeddable":true,"href":"https:\/\/lebrascommunication.fr\/ventes\/wp-json\/wp\/v2\/product_cat?post=1994"},{"taxonomy":"product_tag","embeddable":true,"href":"https:\/\/lebrascommunication.fr\/ventes\/wp-json\/wp\/v2\/product_tag?post=1994"}],"curies":[{"name":"wp","href":"https:\/\/api.w.org\/{rel}","templated":true}]}}