{"id":1965,"date":"2018-02-09T13:10:39","date_gmt":"2018-02-09T12:10:39","guid":{"rendered":"https:\/\/lebrascommunication.fr\/ventes\/produit\/telephone-pti-mgd001\/"},"modified":"2026-02-19T16:10:00","modified_gmt":"2026-02-19T15:10:00","slug":"telephone-pti-mgd001","status":"publish","type":"product","link":"https:\/\/lebrascommunication.fr\/ventes\/produit\/telephone-pti-mgd001\/","title":{"rendered":"GSM PTI ATEX MGEX 320.1"},"content":{"rendered":"<div>\n<p><strong>Pack standard:<\/strong><\/p>\n<ul>\n<li>Batterie haute capacit\u00e9 Li-Ion 1900 mAh<\/li>\n<li>Coque ABS clip ceinture<\/li>\n<li>Chargeur standard<\/li>\n<li>C\u00e2ble USB<\/li>\n<li>Station d&rsquo;accueil de chargement (NON ATEX)<\/li>\n<li>Kit pi\u00e9ton filaire<\/li>\n<li>Guide de d\u00e9marrage rapide<\/li>\n<\/ul>\n<p><strong>Caract\u00e9ristiques:<\/strong><\/p>\n<ul>\n<li>\u00c9tanche et re\u0301sistant aux chocs &#8211; Norme IP68 (submersible)<\/li>\n<li>Compatible tous ope\u0301rateurs (carte SIM et abonnement pr\u00e9-requis)<\/li>\n<li>Batterie haute capacit\u00e9 : Li-ion 1900 mAh<\/li>\n<li>Resistant aux chocs<\/li>\n<li>Haut parleur puissant<\/li>\n<li>Appareil photo 2 MP<\/li>\n<li>Temp\u00e9ratures d&rsquo;utilisation : de -20\u00b0C \u00e0 +60\u00b0C<\/li>\n<li>Bluetooth 4.0<\/li>\n<li>Recharge par station d&rsquo;accueil<\/li>\n<li>Capacite\u0301 du re\u0301pertoire : jusqu\u2019a\u0300 1000 contacts<\/li>\n<li>Double SIM<\/li>\n<li>Micro-SD jusqu\u2019a\u0300 32 Go (carte optionnelle)<\/li>\n<li>Lampe torche \u00e0 LED<\/li>\n<li>Ecran couleur 2,4 pouces<\/li>\n<li>De\u0301bit d&rsquo;Absorption Spe\u0301cifique D.A.S. : 0,434 W\/Kg<\/li>\n<li>OS Android 4.2<\/li>\n<li>Fr\u00e9quences 3G (900\/1900\/2100 MHz) et 2G (850\/900\/1800\/1900 MHz)<\/li>\n<li>Limitation par mot de passe (le gestionnaire a la possibilit\u00e9 de limiter l&rsquo;acces \u00e0 certaines applications : appels, SMS, appareil photo, applications m\u00e9tiers)<\/li>\n<li>Localisation GPS<\/li>\n<li>Module NFC compatible (suivi d&rsquo;activit\u00e9 en temps r\u00e9el)<\/li>\n<\/ul>\n<p><strong>Fonctions PTI-DATI expertes :<\/strong><\/p>\n<ul>\n<li>2 boutons d\u2019alarme manuelle (frontal et lat\u00e9ral)<\/li>\n<li>5 modes de d\u00e9t\u00e9ction automatiques<\/li>\n<li>Programmation des fonctions PTI directement sur le te\u0301le\u0301phone via un menu se\u0301curise\u0301 par mot de passe<\/li>\n<li>3 choix de temporisations de de\u0301tection automatique et de pre\u0301-alarme sonore<\/li>\n<li>Avertissement batterie faible<\/li>\n<li>Mode balise apr\u00e8s alarme pour trouver plus rapidement un collaborateur inconscient (balise sonore et flash lumineux)<\/li>\n<\/ul>\n<p><strong>Certifications ATEX :<\/strong><\/p>\n<ul>\n<li>Gaz : II 2G Ex ib IIC T4 Gb<\/li>\n<li>Poussi\u00e8re : II 2D Ex ib IIIC T135\u00b0C Db IP64<\/li>\n<\/ul>\n<p><strong>Autonomie en communication \/ veille : max. 10h \/ max. 300h<\/strong><\/p>\n<p><strong>Dimensions: 26 mm x 63 mm x 140 mm<\/strong><\/p>\n<p><strong>Poids : env. 230 g<\/strong><\/p>\n<p><strong>Ce produit est garanti 2 ans<\/strong><\/p>\n<\/div>\n","protected":false},"excerpt":{"rendered":"<p>Le MGEX 320.1 est un t\u00e9l\u00e9phone mobile ATEX r\u00e9solument innovant qui combine des outils professionnels de communication \u00e0 des fonctionnalit\u00e9s expertes de protection du travailleur isol\u00e9 (PTI &#8211; DATI).<\/p>\n<p>Norme ATEX : Zone 1\/21<\/p>\n","protected":false},"featured_media":1964,"template":"","meta":[],"product_brand":[3272],"product_cat":[145],"product_tag":[3941,3942,1154],"class_list":{"0":"post-1965","1":"product","2":"type-product","3":"status-publish","4":"has-post-thumbnail","6":"product_brand-autres","7":"product_cat-gsm-pti","8":"product_tag-gsm","9":"product_tag-mgex320-1","10":"product_tag-pti","12":"first","13":"instock","14":"shipping-taxable","15":"purchasable","16":"product-type-simple"},"_links":{"self":[{"href":"https:\/\/lebrascommunication.fr\/ventes\/wp-json\/wp\/v2\/product\/1965","targetHints":{"allow":["GET"]}}],"collection":[{"href":"https:\/\/lebrascommunication.fr\/ventes\/wp-json\/wp\/v2\/product"}],"about":[{"href":"https:\/\/lebrascommunication.fr\/ventes\/wp-json\/wp\/v2\/types\/product"}],"wp:featuredmedia":[{"embeddable":true,"href":"https:\/\/lebrascommunication.fr\/ventes\/wp-json\/wp\/v2\/media\/1964"}],"wp:attachment":[{"href":"https:\/\/lebrascommunication.fr\/ventes\/wp-json\/wp\/v2\/media?parent=1965"}],"wp:term":[{"taxonomy":"product_brand","embeddable":true,"href":"https:\/\/lebrascommunication.fr\/ventes\/wp-json\/wp\/v2\/product_brand?post=1965"},{"taxonomy":"product_cat","embeddable":true,"href":"https:\/\/lebrascommunication.fr\/ventes\/wp-json\/wp\/v2\/product_cat?post=1965"},{"taxonomy":"product_tag","embeddable":true,"href":"https:\/\/lebrascommunication.fr\/ventes\/wp-json\/wp\/v2\/product_tag?post=1965"}],"curies":[{"name":"wp","href":"https:\/\/api.w.org\/{rel}","templated":true}]}}