{"id":1954,"date":"2017-11-06T18:11:44","date_gmt":"2017-11-06T17:11:44","guid":{"rendered":"https:\/\/lebrascommunication.fr\/ventes\/produit\/antenne-uhf-445-480mhz\/"},"modified":"2026-02-03T15:09:16","modified_gmt":"2026-02-03T14:09:16","slug":"antenne-uhf-445-480mhz","status":"publish","type":"product","link":"https:\/\/lebrascommunication.fr\/ventes\/produit\/antenne-uhf-445-480mhz\/","title":{"rendered":"Antenne UHF 445-480MHz"},"content":{"rendered":"<p>Antenne UHF\u00a0445-480MHz pour les gammes de talkies SL2600.<\/p>\n<p><strong>Caract\u00e9ristiques :<\/strong><\/p>\n<ul>\n<li>Type : Compact (diam\u00e8tre \u00e9largi mais longueur r\u00e9duite)<\/li>\n<li>Fr\u00e9quence : 435-470MHz<\/li>\n<li>GPS : Non<\/li>\n<li>Code couleur : Absent<\/li>\n<\/ul>\n<p><strong>Dimension : <\/strong>4,5cm<\/p>\n<p><strong>Poids : <\/strong>8g<\/p>\n","protected":false},"excerpt":{"rendered":"<p>Antenne UHF\u00a0445-480MHz pour les gammes de talkies SL2600.<\/p>\n","protected":false},"featured_media":1952,"template":"","meta":[],"product_brand":[3074],"product_cat":[3163,3181],"product_tag":[3821,3202,3224,3407],"class_list":{"0":"post-1954","1":"product","2":"type-product","3":"status-publish","4":"has-post-thumbnail","6":"product_brand-motorola","7":"product_cat-accessoires-talkies-motorola","8":"product_cat-sl-tlk","9":"product_tag-445-480mhz","10":"product_tag-antenne","11":"product_tag-sl2600","12":"product_tag-uhf","14":"first","15":"instock","16":"shipping-taxable","17":"purchasable","18":"product-type-simple"},"_links":{"self":[{"href":"https:\/\/lebrascommunication.fr\/ventes\/wp-json\/wp\/v2\/product\/1954","targetHints":{"allow":["GET"]}}],"collection":[{"href":"https:\/\/lebrascommunication.fr\/ventes\/wp-json\/wp\/v2\/product"}],"about":[{"href":"https:\/\/lebrascommunication.fr\/ventes\/wp-json\/wp\/v2\/types\/product"}],"wp:featuredmedia":[{"embeddable":true,"href":"https:\/\/lebrascommunication.fr\/ventes\/wp-json\/wp\/v2\/media\/1952"}],"wp:attachment":[{"href":"https:\/\/lebrascommunication.fr\/ventes\/wp-json\/wp\/v2\/media?parent=1954"}],"wp:term":[{"taxonomy":"product_brand","embeddable":true,"href":"https:\/\/lebrascommunication.fr\/ventes\/wp-json\/wp\/v2\/product_brand?post=1954"},{"taxonomy":"product_cat","embeddable":true,"href":"https:\/\/lebrascommunication.fr\/ventes\/wp-json\/wp\/v2\/product_cat?post=1954"},{"taxonomy":"product_tag","embeddable":true,"href":"https:\/\/lebrascommunication.fr\/ventes\/wp-json\/wp\/v2\/product_tag?post=1954"}],"curies":[{"name":"wp","href":"https:\/\/api.w.org\/{rel}","templated":true}]}}