{"id":1951,"date":"2018-02-09T12:17:11","date_gmt":"2018-02-09T11:17:11","guid":{"rendered":"https:\/\/lebrascommunication.fr\/ventes\/produit\/micro-hp-deporte-avec-jack-35-gp-2\/"},"modified":"2025-12-18T11:52:43","modified_gmt":"2025-12-18T10:52:43","slug":"micro-hp-deporte-avec-jack-35-gp-2","status":"publish","type":"product","link":"https:\/\/lebrascommunication.fr\/ventes\/produit\/micro-hp-deporte-avec-jack-35-gp-2\/","title":{"rendered":"Filtre antenne"},"content":{"rendered":"<p>Filtre antenne r\u00e9jecteur bande FM pour l&rsquo;installation \u00e0 bord d&rsquo;a\u00e9ronefs<\/p>\n<p><strong>Talkies ICOM compatibles :<\/strong><\/p>\n<ul>\n<li>IC-A24FR<\/li>\n<li>IC-A24FRII<\/li>\n<li>IC-A6FR<\/li>\n<li>IC-A6FRII<\/li>\n<li>IC-A6FRIIM<\/li>\n<li>IC-A6FRM<\/li>\n<\/ul>\n","protected":false},"excerpt":{"rendered":"<p>Filtre antenne r\u00e9jecteur bande FM pour l&rsquo;installation \u00e0 bord d&rsquo;a\u00e9ronefs (ne peut \u00eatre vendu s\u00e9par\u00e9ment)<\/p>\n","protected":false},"featured_media":1944,"template":"","meta":[],"product_brand":[3077],"product_cat":[3147],"product_tag":[3310,3289,3290,3311,3293,3294,3295,3277],"class_list":{"0":"post-1951","1":"product","2":"type-product","3":"status-publish","4":"has-post-thumbnail","6":"product_brand-icom","7":"product_cat-accessoires-pour-bases-mobiles-icom","8":"product_tag-filtre-antenne","9":"product_tag-ic-a24fr","10":"product_tag-ic-a24frii","11":"product_tag-ic-a6fr","12":"product_tag-ic-a6frii","13":"product_tag-ic-a6friim","14":"product_tag-ic-a6frm","15":"product_tag-icom","17":"first","18":"instock","19":"shipping-taxable","20":"purchasable","21":"product-type-simple"},"_links":{"self":[{"href":"https:\/\/lebrascommunication.fr\/ventes\/wp-json\/wp\/v2\/product\/1951","targetHints":{"allow":["GET"]}}],"collection":[{"href":"https:\/\/lebrascommunication.fr\/ventes\/wp-json\/wp\/v2\/product"}],"about":[{"href":"https:\/\/lebrascommunication.fr\/ventes\/wp-json\/wp\/v2\/types\/product"}],"wp:featuredmedia":[{"embeddable":true,"href":"https:\/\/lebrascommunication.fr\/ventes\/wp-json\/wp\/v2\/media\/1944"}],"wp:attachment":[{"href":"https:\/\/lebrascommunication.fr\/ventes\/wp-json\/wp\/v2\/media?parent=1951"}],"wp:term":[{"taxonomy":"product_brand","embeddable":true,"href":"https:\/\/lebrascommunication.fr\/ventes\/wp-json\/wp\/v2\/product_brand?post=1951"},{"taxonomy":"product_cat","embeddable":true,"href":"https:\/\/lebrascommunication.fr\/ventes\/wp-json\/wp\/v2\/product_cat?post=1951"},{"taxonomy":"product_tag","embeddable":true,"href":"https:\/\/lebrascommunication.fr\/ventes\/wp-json\/wp\/v2\/product_tag?post=1951"}],"curies":[{"name":"wp","href":"https:\/\/api.w.org\/{rel}","templated":true}]}}