{"id":1939,"date":"2017-11-06T16:38:00","date_gmt":"2017-11-06T15:38:00","guid":{"rendered":"https:\/\/lebrascommunication.fr\/ventes\/produit\/sl2600\/"},"modified":"2026-01-27T10:03:17","modified_gmt":"2026-01-27T09:03:17","slug":"sl2600","status":"publish","type":"product","link":"https:\/\/lebrascommunication.fr\/ventes\/produit\/sl2600\/","title":{"rendered":"SL2600"},"content":{"rendered":"<p><strong>Portatif analogique et num\u00e9rique DMR 3 watts ultra-compact, 99 canaux\u00a0avec \u00e9cran.<\/strong><\/p>\n<p><strong>Caract\u00e9ristiques :<\/strong><\/p>\n<ul>\n<li>256 canaux programmables<\/li>\n<li>Ecran 2 lignes OLED<\/li>\n<li>Clavier 4 boutons<\/li>\n<li>Technologie Range Max : une radio de pointe et une antenne brevet\u00e9e<\/li>\n<li>Le \u00abbasculement rapide \u00bb:\u00a0 d\u00e9filement par 10 canaux \u00e0 la fois<\/li>\n<li>Interrupt TX pour interrompre une communication en cours*<\/li>\n<li>Appel individuel, de groupe, de flotte ou d&rsquo;urgence<\/li>\n<li>Identification de l&rsquo;appelant<\/li>\n<li>Recherche de canaux avec priorit\u00e9<\/li>\n<li>Brouillage vocal simple et cryptage 40 bits*<\/li>\n<li>Cryptage AES256 sur licence payante*<\/li>\n<li>Traitement num\u00e9rique du son<\/li>\n<li>Fonction \u00ab\u00a0audio-intelligent\u00a0\u00bb : ajustement automatique du volume en fonction du bruit environnant*<\/li>\n<li>Fonction Talkaround en cas de panne relais*<\/li>\n<li>Logiciel Customer Programming Software (CPS) pour la programmation<\/li>\n<li>Bluetooth 4.0<\/li>\n<li>\u00c9tanche \u00e0 la poussi\u00e8re IP54<\/li>\n<li>\u00c9mission \u00e0 commande vocale (VOX)<\/li>\n<li>Niveaux de puissance r\u00e9glables jusqu\u2019\u00e0 2W en analogique et 3W en num\u00e9rique.<\/li>\n<li>Espacement de canaux programmable<\/li>\n<li>G\u00e9olocalisation int\u00e9rieure <em>(*)<\/em><\/li>\n<li>Wifi<em> (*)<\/em><\/li>\n<\/ul>\n<p><em>(*)<\/em> Ces fonctions doivent \u00eatre programm\u00e9es par nos soins avant utilisation.<\/p>\n<p><strong>Compatibilit\u00e9 syst\u00e8me relais :<\/strong><\/p>\n<ul>\n<li>Conventionnel num\u00e9rique DMR<\/li>\n<li>Conventionnel DMR muli-sites IP site connect (IPSC)<\/li>\n<li>Partag\u00e9 site unique Capacity Plus (C+)\u00a0sur licence payante<\/li>\n<li>Partag\u00e9 multi-sites Linked Capcity Plus (LCP)\u00a0sur licence payante<\/li>\n<\/ul>\n<p><strong>Fr\u00e9quences: VHF\u00a0136 -174 MHz ou UHF 403 &#8211; 527 Mhz<\/strong><\/p>\n<p><strong>Autonomie de la batterie : environ 12h.<\/strong><\/p>\n<p><strong>Dimensions: 126 X 55 X 22 mm<br \/>\n<\/strong><\/p>\n<p><strong>Poids: 166 g<\/strong><\/p>\n<p>&nbsp;<\/p>\n<p><strong>Le pack comprend :<br \/>\n<\/strong><\/p>\n<ul>\n<li>Un portatif UHF ou VHF (selon le choix de l&rsquo;antenne)<\/li>\n<li>Un chargeur (optionnel)<\/li>\n<li>Une antenne<\/li>\n<li>Une batterie<\/li>\n<li>Une pince de ceinture<\/li>\n<li>Un guide d&rsquo;utilisation<\/li>\n<li>Une garantie<\/li>\n<\/ul>\n<h5>\u00a0 Ce produit est garantit 2 ans avec 5 ans de mise \u00e0 jour. Il est possible de prendre une extension de garantie standard de 5 ans (essentielle),\u00a0ou avec r\u00e9paration (avanc\u00e9e).<\/h5>\n","protected":false},"excerpt":{"rendered":"<p><strong>Portatif analogique et num\u00e9rique DMR 3 watts ultra-compact, 99 canaux\u00a0avec \u00e9cran.<\/strong><\/p>\n","protected":false},"featured_media":1930,"template":"","meta":[],"product_brand":[3074],"product_cat":[3067,3181],"product_tag":[3497,3224],"class_list":{"0":"post-1939","1":"product","2":"type-product","3":"status-publish","4":"has-post-thumbnail","6":"product_brand-motorola","7":"product_cat-talkies-pro-motorola","8":"product_cat-sl-tlk","9":"product_tag-numerique","10":"product_tag-sl2600","12":"first","13":"instock","14":"shipping-taxable","15":"purchasable","16":"product-type-simple"},"_links":{"self":[{"href":"https:\/\/lebrascommunication.fr\/ventes\/wp-json\/wp\/v2\/product\/1939","targetHints":{"allow":["GET"]}}],"collection":[{"href":"https:\/\/lebrascommunication.fr\/ventes\/wp-json\/wp\/v2\/product"}],"about":[{"href":"https:\/\/lebrascommunication.fr\/ventes\/wp-json\/wp\/v2\/types\/product"}],"wp:featuredmedia":[{"embeddable":true,"href":"https:\/\/lebrascommunication.fr\/ventes\/wp-json\/wp\/v2\/media\/1930"}],"wp:attachment":[{"href":"https:\/\/lebrascommunication.fr\/ventes\/wp-json\/wp\/v2\/media?parent=1939"}],"wp:term":[{"taxonomy":"product_brand","embeddable":true,"href":"https:\/\/lebrascommunication.fr\/ventes\/wp-json\/wp\/v2\/product_brand?post=1939"},{"taxonomy":"product_cat","embeddable":true,"href":"https:\/\/lebrascommunication.fr\/ventes\/wp-json\/wp\/v2\/product_cat?post=1939"},{"taxonomy":"product_tag","embeddable":true,"href":"https:\/\/lebrascommunication.fr\/ventes\/wp-json\/wp\/v2\/product_tag?post=1939"}],"curies":[{"name":"wp","href":"https:\/\/api.w.org\/{rel}","templated":true}]}}