{"id":1928,"date":"2017-10-30T21:02:33","date_gmt":"2017-10-30T20:02:33","guid":{"rendered":"https:\/\/lebrascommunication.fr\/ventes\/produit\/gm800\/"},"modified":"2026-03-20T15:51:24","modified_gmt":"2026-03-20T14:51:24","slug":"gm800","status":"publish","type":"product","link":"https:\/\/lebrascommunication.fr\/ventes\/produit\/gm800\/","title":{"rendered":"GM800"},"content":{"rendered":"<p><strong><strong>VHF fixe \u00e9tanche GMDSS, connectivit\u00e9 NMEA2000, ASN classe A.<\/strong><\/strong><\/p>\n<p><strong>Caract\u00e9ristiques:<\/strong><\/p>\n<ul>\n<li>Conforme \u00e0 la norme GMDSS<\/li>\n<\/ul>\n<ul>\n<li>R\u00e9cepteur GPSN (GPS, GLONASS, SBAS)<\/li>\n<li>Homologu\u00e9e MED (Wheel Mark) uniquement en pack PLUS avec le combin\u00e9 HS-98 et le coupleur automatique d&rsquo;antenne AT-141.<\/li>\n<\/ul>\n<ul>\n<li>R\u00e9cepteur AIS int\u00e9gr\u00e9 : Le r\u00e9cepteur AIS int\u00e9gr\u00e9 permet de visualiser le trafic maritime directement sur l&rsquo;\u00e9cran. La fonction \u00ab\u00a0AIS target call\u00a0\u00bb permet de s\u00e9lectionner facilement un appel individuel DSC.<\/li>\n<\/ul>\n<ul>\n<li>ASN int\u00e9gr\u00e9 classe A (r\u00e9cepteur d\u00e9di\u00e9)\u00a0 Fonction \u00ab\u00a0Appel S\u00e9lectif Num\u00e9rique\u00a0\u00bb permettant de lancer des appels individuels mais aussi d&rsquo;envoyer un message de d\u00e9tresse aux secours (bouton rouge sur la face de la VHF)<\/li>\n<\/ul>\n<ul>\n<li>Ecran r\u00e9tro\u00e9clair\u00e9 HD \u00e0 matrice active (affichage jour\/nuit) et clavier<\/li>\n<li>Etanch\u00e9it\u00e9 : IPX7<\/li>\n<li>Puissance : 125W<\/li>\n<li>R\u00e9ducteur du bruit actif<\/li>\n<\/ul>\n<ul>\n<li>Sortie VDR permettant l&rsquo;enregistrement en \u00e9mission et en r\u00e9ception sur PC<\/li>\n<li>Compatible NMEA 0183 pour connexion GPS<\/li>\n<li>Convertisseur 24 V DC \/ DC incorpor\u00e9<\/li>\n<\/ul>\n<p><strong>Bandes de fr\u00e9quence:\u00a0<span class=\"bodycopy\">VHF 156-163,425 MHz<br \/>\n<\/span><\/strong><\/p>\n<p><strong><span class=\"bodycopy\">Dimensions : 263 x 110 x 109,4<\/span><\/strong><\/p>\n<p><strong>Poids: 1,6 kg<\/strong><\/p>\n<p>&nbsp;<\/p>\n<p><strong>Le pack standard comprend :<br \/>\n<\/strong><\/p>\n<ul>\n<li>Un BLU<\/li>\n<li>Un combin\u00e9 (r\u00e9f: HS-98)<\/li>\n<li>Un berceau de montage (r\u00e9f: MB-108)<\/li>\n<li>Un cordon d&rsquo;alimentation (r\u00e9f: OPC-891A)<\/li>\n<\/ul>\n<ul>\n<li>Une notice en fran\u00e7ais<\/li>\n<\/ul>\n<p><strong>Le pack PLUS comprend :<\/strong><\/p>\n<ul>\n<li>Un BLU<\/li>\n<li>Un combin\u00e9 (r\u00e9f: HS-98)<\/li>\n<li>Un berceau de montage (r\u00e9f: MB-108)<\/li>\n<li>Un coupleur automatique d&rsquo;antennes (r\u00e9f: AT-141)<\/li>\n<li>Un cordon d&rsquo;alimentation (r\u00e9f: OPC-891A)<\/li>\n<\/ul>\n<ul>\n<li>Une notice en fran\u00e7ais<\/li>\n<\/ul>\n<p>Fabrication japonaise.<\/p>\n<p>Ce produit est garantit 3 ans. Nos conditions de garantie sont souples (voir les conditions g\u00e9n\u00e9rales de vente).<\/p>\n<h5><\/h5>\n<h5><\/h5>\n","protected":false},"excerpt":{"rendered":"<p><strong>BLU conforme \u00e0 la norme GMDSS, MF\/HF, ASN Classe A incorpor\u00e9, 125W.<br \/>\n<\/strong><\/p>\n<p>Existe en <strong>pack standard<\/strong> avec combin\u00e9 et berceau de montage<\/p>\n<p style=\"text-align: center\"><strong>ou<\/strong><\/p>\n<p>en <strong>pack PLUS<\/strong> avec avec combin\u00e9, berceau de montage et coupleur automatique d&rsquo;antenne.<\/p>\n","protected":false},"featured_media":1883,"template":"","meta":[],"product_brand":[3077],"product_cat":[3146],"product_tag":[3545,3542,3543,3544,3280],"class_list":{"0":"post-1928","1":"product","2":"type-product","3":"status-publish","4":"has-post-thumbnail","6":"product_brand-icom","7":"product_cat-bases-mobiles-icom","8":"product_tag-asn-classe-a","9":"product_tag-gm800","10":"product_tag-gmdss","11":"product_tag-nmea2000","12":"product_tag-vhf","14":"first","15":"instock","16":"shipping-taxable","17":"purchasable","18":"product-type-simple"},"_links":{"self":[{"href":"https:\/\/lebrascommunication.fr\/ventes\/wp-json\/wp\/v2\/product\/1928","targetHints":{"allow":["GET"]}}],"collection":[{"href":"https:\/\/lebrascommunication.fr\/ventes\/wp-json\/wp\/v2\/product"}],"about":[{"href":"https:\/\/lebrascommunication.fr\/ventes\/wp-json\/wp\/v2\/types\/product"}],"wp:featuredmedia":[{"embeddable":true,"href":"https:\/\/lebrascommunication.fr\/ventes\/wp-json\/wp\/v2\/media\/1883"}],"wp:attachment":[{"href":"https:\/\/lebrascommunication.fr\/ventes\/wp-json\/wp\/v2\/media?parent=1928"}],"wp:term":[{"taxonomy":"product_brand","embeddable":true,"href":"https:\/\/lebrascommunication.fr\/ventes\/wp-json\/wp\/v2\/product_brand?post=1928"},{"taxonomy":"product_cat","embeddable":true,"href":"https:\/\/lebrascommunication.fr\/ventes\/wp-json\/wp\/v2\/product_cat?post=1928"},{"taxonomy":"product_tag","embeddable":true,"href":"https:\/\/lebrascommunication.fr\/ventes\/wp-json\/wp\/v2\/product_tag?post=1928"}],"curies":[{"name":"wp","href":"https:\/\/api.w.org\/{rel}","templated":true}]}}