{"id":1921,"date":"2018-01-31T17:19:13","date_gmt":"2018-01-31T16:19:13","guid":{"rendered":"https:\/\/lebrascommunication.fr\/ventes\/produit\/microphone-de-table\/"},"modified":"2026-02-19T12:39:56","modified_gmt":"2026-02-19T11:39:56","slug":"microphone-de-table","status":"publish","type":"product","link":"https:\/\/lebrascommunication.fr\/ventes\/produit\/microphone-de-table\/","title":{"rendered":"Microphone de table"},"content":{"rendered":"<p>Microphone de table recommand\u00e9 pour une utilisation avec \u00e9quipements num\u00e9riques IDAS<\/p>\n<p><strong>Base mobile ICOM compatible :<\/strong><\/p>\n<ul>\n<li>IC-A110EURO<\/li>\n<li>IC-A120E<\/li>\n<\/ul>\n","protected":false},"excerpt":{"rendered":"<p>Microphone de table avec connecteur modular 8 pins<\/p>\n","protected":false},"featured_media":1911,"template":"","meta":[],"product_brand":[3077],"product_cat":[3147],"product_tag":[3892,3278,3237,3238,3277,3627],"class_list":{"0":"post-1921","1":"product","2":"type-product","3":"status-publish","4":"has-post-thumbnail","6":"product_brand-icom","7":"product_cat-accessoires-pour-bases-mobiles-icom","8":"product_tag-8-pins","9":"product_tag-base-mobile","10":"product_tag-ic-a110euro","11":"product_tag-ic-a120e","12":"product_tag-icom","13":"product_tag-microphone","15":"first","16":"instock","17":"shipping-taxable","18":"purchasable","19":"product-type-simple"},"_links":{"self":[{"href":"https:\/\/lebrascommunication.fr\/ventes\/wp-json\/wp\/v2\/product\/1921","targetHints":{"allow":["GET"]}}],"collection":[{"href":"https:\/\/lebrascommunication.fr\/ventes\/wp-json\/wp\/v2\/product"}],"about":[{"href":"https:\/\/lebrascommunication.fr\/ventes\/wp-json\/wp\/v2\/types\/product"}],"wp:featuredmedia":[{"embeddable":true,"href":"https:\/\/lebrascommunication.fr\/ventes\/wp-json\/wp\/v2\/media\/1911"}],"wp:attachment":[{"href":"https:\/\/lebrascommunication.fr\/ventes\/wp-json\/wp\/v2\/media?parent=1921"}],"wp:term":[{"taxonomy":"product_brand","embeddable":true,"href":"https:\/\/lebrascommunication.fr\/ventes\/wp-json\/wp\/v2\/product_brand?post=1921"},{"taxonomy":"product_cat","embeddable":true,"href":"https:\/\/lebrascommunication.fr\/ventes\/wp-json\/wp\/v2\/product_cat?post=1921"},{"taxonomy":"product_tag","embeddable":true,"href":"https:\/\/lebrascommunication.fr\/ventes\/wp-json\/wp\/v2\/product_tag?post=1921"}],"curies":[{"name":"wp","href":"https:\/\/api.w.org\/{rel}","templated":true}]}}