{"id":1902,"date":"2018-01-31T16:51:18","date_gmt":"2018-01-31T15:51:18","guid":{"rendered":"https:\/\/lebrascommunication.fr\/ventes\/produit\/microphone-etancheite-ip54\/"},"modified":"2026-01-27T12:02:15","modified_gmt":"2026-01-27T11:02:15","slug":"microphone-etancheite-ip54","status":"publish","type":"product","link":"https:\/\/lebrascommunication.fr\/ventes\/produit\/microphone-etancheite-ip54\/","title":{"rendered":"Microphone \u00e9tanch\u00e9it\u00e9 IP54"},"content":{"rendered":"<p><strong>Base mobile ICOM compatible :<\/strong><\/p>\n<ul>\n<li>IC-A120E<\/li>\n<\/ul>\n","protected":false},"excerpt":{"rendered":"<p>Microphone haut-parleur \u00e9tanch\u00e9it\u00e9 IP54<\/p>\n","protected":false},"featured_media":1892,"template":"","meta":[],"product_brand":[3077],"product_cat":[3147],"product_tag":[3278,3277,3756,3627],"class_list":{"0":"post-1902","1":"product","2":"type-product","3":"status-publish","4":"has-post-thumbnail","6":"product_brand-icom","7":"product_cat-accessoires-pour-bases-mobiles-icom","8":"product_tag-base-mobile","9":"product_tag-icom","10":"product_tag-ip54","11":"product_tag-microphone","13":"first","14":"instock","15":"shipping-taxable","16":"purchasable","17":"product-type-simple"},"_links":{"self":[{"href":"https:\/\/lebrascommunication.fr\/ventes\/wp-json\/wp\/v2\/product\/1902","targetHints":{"allow":["GET"]}}],"collection":[{"href":"https:\/\/lebrascommunication.fr\/ventes\/wp-json\/wp\/v2\/product"}],"about":[{"href":"https:\/\/lebrascommunication.fr\/ventes\/wp-json\/wp\/v2\/types\/product"}],"wp:featuredmedia":[{"embeddable":true,"href":"https:\/\/lebrascommunication.fr\/ventes\/wp-json\/wp\/v2\/media\/1892"}],"wp:attachment":[{"href":"https:\/\/lebrascommunication.fr\/ventes\/wp-json\/wp\/v2\/media?parent=1902"}],"wp:term":[{"taxonomy":"product_brand","embeddable":true,"href":"https:\/\/lebrascommunication.fr\/ventes\/wp-json\/wp\/v2\/product_brand?post=1902"},{"taxonomy":"product_cat","embeddable":true,"href":"https:\/\/lebrascommunication.fr\/ventes\/wp-json\/wp\/v2\/product_cat?post=1902"},{"taxonomy":"product_tag","embeddable":true,"href":"https:\/\/lebrascommunication.fr\/ventes\/wp-json\/wp\/v2\/product_tag?post=1902"}],"curies":[{"name":"wp","href":"https:\/\/api.w.org\/{rel}","templated":true}]}}